{"id":4685,"date":"2026-04-23T11:44:22","date_gmt":"2026-04-23T08:44:22","guid":{"rendered":"https:\/\/skbutik.com\/?post_type=product&#038;p=4685"},"modified":"2026-05-08T06:06:39","modified_gmt":"2026-05-08T03:06:39","slug":"4685","status":"publish","type":"product","link":"https:\/\/skbutik.com\/en\/product\/4685\/","title":{"rendered":"L.S\u0130YAH G\u00d6MLEK 2626"},"content":{"rendered":"<p>TARZINIZI BEDEN\u0130N\u0130ZLE SINIRLAMAYINIZ \u00dcR\u00dcNLER\u0130M\u0130Z\u0130N B\u00dcY\u00dcK BEDEN OLU\u015eU S\u0130ZLERE KOLAYLIK SAGLAMAKTADIR . \u0130\u00c7L\u0130KL\u0130 OLU\u015eU S\u0130ZLER \u0130\u00c7\u0130N KOLAYLIK .<\/p>","protected":false},"excerpt":{"rendered":"<p>TARZINIZI BEDEN\u0130N\u0130ZLE SINIRLAMAYINIZ \u00dcR\u00dcNLER\u0130M\u0130Z\u0130N B\u00dcY\u00dcK BEDEN OLU\u015eU S\u0130ZLERE KOLAYLIK SAGLAMAKTADIR . \u0130\u00c7L\u0130KL\u0130 OLU\u015eU S\u0130ZLER \u0130\u00c7\u0130N KOLAYLIK .<\/p>","protected":false},"featured_media":4686,"comment_status":"open","ping_status":"closed","template":"","meta":[],"product_brand":[],"product_cat":[167],"product_tag":[],"class_list":{"0":"post-4685","1":"product","2":"type-product","3":"status-publish","4":"has-post-thumbnail","6":"product_cat-gunluk-siklik","7":"pa_beden-37","8":"pa_beden-38","9":"pa_beden-147","11":"first","12":"instock","13":"taxable","14":"shipping-taxable","15":"purchasable","16":"product-type-variable"},"_links":{"self":[{"href":"https:\/\/skbutik.com\/en\/wp-json\/wp\/v2\/product\/4685","targetHints":{"allow":["GET"]}}],"collection":[{"href":"https:\/\/skbutik.com\/en\/wp-json\/wp\/v2\/product"}],"about":[{"href":"https:\/\/skbutik.com\/en\/wp-json\/wp\/v2\/types\/product"}],"replies":[{"embeddable":true,"href":"https:\/\/skbutik.com\/en\/wp-json\/wp\/v2\/comments?post=4685"}],"wp:featuredmedia":[{"embeddable":true,"href":"https:\/\/skbutik.com\/en\/wp-json\/wp\/v2\/media\/4686"}],"wp:attachment":[{"href":"https:\/\/skbutik.com\/en\/wp-json\/wp\/v2\/media?parent=4685"}],"wp:term":[{"taxonomy":"product_brand","embeddable":true,"href":"https:\/\/skbutik.com\/en\/wp-json\/wp\/v2\/product_brand?post=4685"},{"taxonomy":"product_cat","embeddable":true,"href":"https:\/\/skbutik.com\/en\/wp-json\/wp\/v2\/product_cat?post=4685"},{"taxonomy":"product_tag","embeddable":true,"href":"https:\/\/skbutik.com\/en\/wp-json\/wp\/v2\/product_tag?post=4685"}],"curies":[{"name":"wp","href":"https:\/\/api.w.org\/{rel}","templated":true}]}}