{"id":4638,"date":"2026-04-13T15:54:26","date_gmt":"2026-04-13T12:54:26","guid":{"rendered":"https:\/\/skbutik.com\/?post_type=product&#038;p=4638"},"modified":"2026-04-13T16:00:44","modified_gmt":"2026-04-13T13:00:44","slug":"l-dantelli-ikili-takim-5049","status":"publish","type":"product","link":"https:\/\/skbutik.com\/en\/product\/l-dantelli-ikili-takim-5049\/","title":{"rendered":"L.DANTELL\u0130 \u0130K\u0130L\u0130 TAKIM 5049"},"content":{"rendered":"<p>B\u00dcY\u00dcK BEDEN G\u00d6MLEG\u0130M\u0130Z\u0130N\u00a0 KUMA\u015e KAL\u0130TES\u0130\u00a0 EFSANI PAMUK ORANLARI Y\u00dcKSEK B\u0130R GURUP\u00a0 G\u00d6MLEG\u0130M\u0130Z\u0130N\u00a0 \u00a0\u0130K\u0130L\u0130 OLU\u015eU AVANTA\u015e \u0130\u00c7ER\u0130S\u0130NDE \u0130\u00c7 ELB\u0130SES\u0130 MEVCUTTUR.<\/p>","protected":false},"excerpt":{"rendered":"<p>B\u00dcY\u00dcK BEDEN G\u00d6MLEG\u0130M\u0130Z\u0130N\u00a0 KUMA\u015e KAL\u0130TES\u0130\u00a0 EFSANI PAMUK ORANLARI Y\u00dcKSEK B\u0130R GURUP\u00a0 G\u00d6MLEG\u0130M\u0130Z\u0130N\u00a0 \u00a0\u0130K\u0130L\u0130 OLU\u015eU AVANTA\u015e \u0130\u00c7ER\u0130S\u0130NDE \u0130\u00c7 ELB\u0130SES\u0130 MEVCUTTUR.<\/p>","protected":false},"featured_media":4639,"comment_status":"open","ping_status":"closed","template":"","meta":[],"product_brand":[],"product_cat":[167],"product_tag":[],"class_list":{"0":"post-4638","1":"product","2":"type-product","3":"status-publish","4":"has-post-thumbnail","6":"product_cat-gunluk-siklik","7":"pa_beden-37","8":"pa_beden-147","10":"first","11":"instock","12":"taxable","13":"shipping-taxable","14":"purchasable","15":"product-type-variable"},"_links":{"self":[{"href":"https:\/\/skbutik.com\/en\/wp-json\/wp\/v2\/product\/4638","targetHints":{"allow":["GET"]}}],"collection":[{"href":"https:\/\/skbutik.com\/en\/wp-json\/wp\/v2\/product"}],"about":[{"href":"https:\/\/skbutik.com\/en\/wp-json\/wp\/v2\/types\/product"}],"replies":[{"embeddable":true,"href":"https:\/\/skbutik.com\/en\/wp-json\/wp\/v2\/comments?post=4638"}],"wp:featuredmedia":[{"embeddable":true,"href":"https:\/\/skbutik.com\/en\/wp-json\/wp\/v2\/media\/4639"}],"wp:attachment":[{"href":"https:\/\/skbutik.com\/en\/wp-json\/wp\/v2\/media?parent=4638"}],"wp:term":[{"taxonomy":"product_brand","embeddable":true,"href":"https:\/\/skbutik.com\/en\/wp-json\/wp\/v2\/product_brand?post=4638"},{"taxonomy":"product_cat","embeddable":true,"href":"https:\/\/skbutik.com\/en\/wp-json\/wp\/v2\/product_cat?post=4638"},{"taxonomy":"product_tag","embeddable":true,"href":"https:\/\/skbutik.com\/en\/wp-json\/wp\/v2\/product_tag?post=4638"}],"curies":[{"name":"wp","href":"https:\/\/api.w.org\/{rel}","templated":true}]}}