{"id":4631,"date":"2026-04-13T15:43:11","date_gmt":"2026-04-13T12:43:11","guid":{"rendered":"https:\/\/skbutik.com\/?post_type=product&#038;p=4631"},"modified":"2026-04-13T15:43:12","modified_gmt":"2026-04-13T12:43:12","slug":"l-mavi-gomlek2637","status":"publish","type":"product","link":"https:\/\/skbutik.com\/en\/product\/l-mavi-gomlek2637\/","title":{"rendered":"L.MAV\u0130 G\u00d6MLEK2637"},"content":{"rendered":"<p>F\u0130STO DERTAYLI G\u00d6MLEG\u0130M\u0130Z SPOR \u015eIK B\u0130R \u00dcR\u00dcND\u00dcR PAMUK ORANLARI Y\u00dcKSEK KAL\u0130TEL\u0130\u00a0 B\u00dcY\u00dcK BEDEN GURUBUNA H\u0130TAP ETMES\u0130YLE\u00a0 POP\u0130LER \u00dcR\u00dcN GURUPLARINDADIR<\/p>","protected":false},"excerpt":{"rendered":"<p>F\u0130STO DERTAYLI G\u00d6MLEG\u0130M\u0130Z SPOR \u015eIK B\u0130R \u00dcR\u00dcND\u00dcR PAMUK ORANLARI Y\u00dcKSEK KAL\u0130TEL\u0130\u00a0 B\u00dcY\u00dcK BEDEN GURUBUNA H\u0130TAP ETMES\u0130YLE\u00a0 POP\u0130LER \u00dcR\u00dcN GURUPLARINDADIR<\/p>","protected":false},"featured_media":4632,"comment_status":"open","ping_status":"closed","template":"","meta":[],"product_brand":[],"product_cat":[167],"product_tag":[],"class_list":{"0":"post-4631","1":"product","2":"type-product","3":"status-publish","4":"has-post-thumbnail","6":"product_cat-gunluk-siklik","7":"pa_beden-37","8":"pa_beden-38","9":"pa_beden-39","10":"pa_beden-120","11":"pa_beden-147","13":"first","14":"instock","15":"taxable","16":"shipping-taxable","17":"purchasable","18":"product-type-variable"},"_links":{"self":[{"href":"https:\/\/skbutik.com\/en\/wp-json\/wp\/v2\/product\/4631","targetHints":{"allow":["GET"]}}],"collection":[{"href":"https:\/\/skbutik.com\/en\/wp-json\/wp\/v2\/product"}],"about":[{"href":"https:\/\/skbutik.com\/en\/wp-json\/wp\/v2\/types\/product"}],"replies":[{"embeddable":true,"href":"https:\/\/skbutik.com\/en\/wp-json\/wp\/v2\/comments?post=4631"}],"wp:featuredmedia":[{"embeddable":true,"href":"https:\/\/skbutik.com\/en\/wp-json\/wp\/v2\/media\/4632"}],"wp:attachment":[{"href":"https:\/\/skbutik.com\/en\/wp-json\/wp\/v2\/media?parent=4631"}],"wp:term":[{"taxonomy":"product_brand","embeddable":true,"href":"https:\/\/skbutik.com\/en\/wp-json\/wp\/v2\/product_brand?post=4631"},{"taxonomy":"product_cat","embeddable":true,"href":"https:\/\/skbutik.com\/en\/wp-json\/wp\/v2\/product_cat?post=4631"},{"taxonomy":"product_tag","embeddable":true,"href":"https:\/\/skbutik.com\/en\/wp-json\/wp\/v2\/product_tag?post=4631"}],"curies":[{"name":"wp","href":"https:\/\/api.w.org\/{rel}","templated":true}]}}