{"id":4624,"date":"2026-04-13T15:12:42","date_gmt":"2026-04-13T12:12:42","guid":{"rendered":"https:\/\/skbutik.com\/?post_type=product&#038;p=4624"},"modified":"2026-04-14T05:58:11","modified_gmt":"2026-04-14T02:58:11","slug":"l-keten-gomlek-ekru-5118","status":"publish","type":"product","link":"https:\/\/skbutik.com\/en\/product\/l-keten-gomlek-ekru-5118\/","title":{"rendered":"L.KETEN G\u00d6MLEK EKRU 5118"},"content":{"rendered":"<p>KETEN G\u00d6MLEG\u0130M\u0130Z SADE \u015eIK B\u0130R \u00dcR\u00dcN B\u00dcY\u00dcK\u00a0 BEDEN OLU\u015eUYLA\u00a0 B\u00dcY\u00dcK B\u0130R AVANTA\u015e SA\u011eLAMAKTADIR<\/p>","protected":false},"excerpt":{"rendered":"<p>KETEN G\u00d6MLEG\u0130M\u0130Z SADE \u015eIK B\u0130R \u00dcR\u00dcN B\u00dcY\u00dcK\u00a0 BEDEN OLU\u015eUYLA\u00a0 B\u00dcY\u00dcK B\u0130R AVANTA\u015e SA\u011eLAMAKTADIR<\/p>","protected":false},"featured_media":4625,"comment_status":"open","ping_status":"closed","template":"","meta":[],"product_brand":[],"product_cat":[167],"product_tag":[],"class_list":{"0":"post-4624","1":"product","2":"type-product","3":"status-publish","4":"has-post-thumbnail","6":"product_cat-gunluk-siklik","7":"pa_beden-37","8":"pa_beden-38","9":"pa_beden-39","10":"pa_beden-120","11":"pa_beden-147","13":"first","14":"instock","15":"taxable","16":"shipping-taxable","17":"purchasable","18":"product-type-variable"},"_links":{"self":[{"href":"https:\/\/skbutik.com\/en\/wp-json\/wp\/v2\/product\/4624","targetHints":{"allow":["GET"]}}],"collection":[{"href":"https:\/\/skbutik.com\/en\/wp-json\/wp\/v2\/product"}],"about":[{"href":"https:\/\/skbutik.com\/en\/wp-json\/wp\/v2\/types\/product"}],"replies":[{"embeddable":true,"href":"https:\/\/skbutik.com\/en\/wp-json\/wp\/v2\/comments?post=4624"}],"wp:featuredmedia":[{"embeddable":true,"href":"https:\/\/skbutik.com\/en\/wp-json\/wp\/v2\/media\/4625"}],"wp:attachment":[{"href":"https:\/\/skbutik.com\/en\/wp-json\/wp\/v2\/media?parent=4624"}],"wp:term":[{"taxonomy":"product_brand","embeddable":true,"href":"https:\/\/skbutik.com\/en\/wp-json\/wp\/v2\/product_brand?post=4624"},{"taxonomy":"product_cat","embeddable":true,"href":"https:\/\/skbutik.com\/en\/wp-json\/wp\/v2\/product_cat?post=4624"},{"taxonomy":"product_tag","embeddable":true,"href":"https:\/\/skbutik.com\/en\/wp-json\/wp\/v2\/product_tag?post=4624"}],"curies":[{"name":"wp","href":"https:\/\/api.w.org\/{rel}","templated":true}]}}