{"id":4549,"date":"2026-03-28T16:00:51","date_gmt":"2026-03-28T13:00:51","guid":{"rendered":"https:\/\/skbutik.com\/?post_type=product&#038;p=4549"},"modified":"2026-04-13T05:17:12","modified_gmt":"2026-04-13T02:17:12","slug":"dubai-ipegi-001","status":"publish","type":"product","link":"https:\/\/skbutik.com\/en\/product\/dubai-ipegi-001\/","title":{"rendered":"DUBA\u0130 \u0130PEG\u0130  001"},"content":{"rendered":"<p>DUBA\u0130 \u0130PEG\u0130 STANDART KAP \u0130TAL KUMA\u015e TA\u015eARIMM<\/p>","protected":false},"excerpt":{"rendered":"<p>DUBA\u0130 \u0130PEG\u0130 STANDART KAP \u0130TAL KUMA\u015e TA\u015eARIMM<\/p>","protected":false},"featured_media":4550,"comment_status":"open","ping_status":"closed","template":"","meta":[],"product_brand":[],"product_cat":[167],"product_tag":[],"class_list":{"0":"post-4549","1":"product","2":"type-product","3":"status-publish","4":"has-post-thumbnail","6":"product_cat-gunluk-siklik","7":"pa_beden-standart","9":"first","10":"instock","11":"taxable","12":"shipping-taxable","13":"purchasable","14":"product-type-variable"},"_links":{"self":[{"href":"https:\/\/skbutik.com\/en\/wp-json\/wp\/v2\/product\/4549","targetHints":{"allow":["GET"]}}],"collection":[{"href":"https:\/\/skbutik.com\/en\/wp-json\/wp\/v2\/product"}],"about":[{"href":"https:\/\/skbutik.com\/en\/wp-json\/wp\/v2\/types\/product"}],"replies":[{"embeddable":true,"href":"https:\/\/skbutik.com\/en\/wp-json\/wp\/v2\/comments?post=4549"}],"wp:featuredmedia":[{"embeddable":true,"href":"https:\/\/skbutik.com\/en\/wp-json\/wp\/v2\/media\/4550"}],"wp:attachment":[{"href":"https:\/\/skbutik.com\/en\/wp-json\/wp\/v2\/media?parent=4549"}],"wp:term":[{"taxonomy":"product_brand","embeddable":true,"href":"https:\/\/skbutik.com\/en\/wp-json\/wp\/v2\/product_brand?post=4549"},{"taxonomy":"product_cat","embeddable":true,"href":"https:\/\/skbutik.com\/en\/wp-json\/wp\/v2\/product_cat?post=4549"},{"taxonomy":"product_tag","embeddable":true,"href":"https:\/\/skbutik.com\/en\/wp-json\/wp\/v2\/product_tag?post=4549"}],"curies":[{"name":"wp","href":"https:\/\/api.w.org\/{rel}","templated":true}]}}