{"id":4544,"date":"2026-03-28T10:54:48","date_gmt":"2026-03-28T07:54:48","guid":{"rendered":"https:\/\/skbutik.com\/?post_type=product&#038;p=4544"},"modified":"2026-03-28T10:54:48","modified_gmt":"2026-03-28T07:54:48","slug":"lim-yesil-00l","status":"publish","type":"product","link":"https:\/\/skbutik.com\/en\/product\/lim-yesil-00l\/","title":{"rendered":"L\u0130M YE\u015e\u0130L 00L"},"content":{"rendered":"<p>KUMA\u015e KALITES\u0130 YAZIN TEN\u0130N\u0130ZE HAVA ALDIRAN YAPISI TAM KALIP OLU\u015eU \u00dcST\u00dcN\u00dcZE B\u0130\u00c7\u0130L\u015eM\u0130\u015e B\u0130R TASARIM \u00dc\u00c7L\u00dc\u00a0 OLU\u015eU S\u0130ZLERE KOLAYLIK SA\u011eLAMAKTADIR<\/p>","protected":false},"excerpt":{"rendered":"<p>KUMA\u015e KALITES\u0130 YAZIN TEN\u0130N\u0130ZE HAVA ALDIRAN YAPISI TAM KALIP OLU\u015eU \u00dcST\u00dcN\u00dcZE B\u0130\u00c7\u0130L\u015eM\u0130\u015e B\u0130R TASARIM \u00dc\u00c7L\u00dc\u00a0 OLU\u015eU S\u0130ZLERE KOLAYLIK SA\u011eLAMAKTADIR<\/p>","protected":false},"featured_media":4513,"comment_status":"open","ping_status":"closed","template":"","meta":[],"product_brand":[],"product_cat":[167],"product_tag":[],"class_list":{"0":"post-4544","1":"product","2":"type-product","3":"status-publish","4":"has-post-thumbnail","6":"product_cat-gunluk-siklik","7":"pa_beden-38","8":"pa_beden-39","9":"pa_beden-120","10":"pa_beden-147","12":"first","13":"instock","14":"taxable","15":"shipping-taxable","16":"purchasable","17":"product-type-variable"},"_links":{"self":[{"href":"https:\/\/skbutik.com\/en\/wp-json\/wp\/v2\/product\/4544","targetHints":{"allow":["GET"]}}],"collection":[{"href":"https:\/\/skbutik.com\/en\/wp-json\/wp\/v2\/product"}],"about":[{"href":"https:\/\/skbutik.com\/en\/wp-json\/wp\/v2\/types\/product"}],"replies":[{"embeddable":true,"href":"https:\/\/skbutik.com\/en\/wp-json\/wp\/v2\/comments?post=4544"}],"wp:featuredmedia":[{"embeddable":true,"href":"https:\/\/skbutik.com\/en\/wp-json\/wp\/v2\/media\/4513"}],"wp:attachment":[{"href":"https:\/\/skbutik.com\/en\/wp-json\/wp\/v2\/media?parent=4544"}],"wp:term":[{"taxonomy":"product_brand","embeddable":true,"href":"https:\/\/skbutik.com\/en\/wp-json\/wp\/v2\/product_brand?post=4544"},{"taxonomy":"product_cat","embeddable":true,"href":"https:\/\/skbutik.com\/en\/wp-json\/wp\/v2\/product_cat?post=4544"},{"taxonomy":"product_tag","embeddable":true,"href":"https:\/\/skbutik.com\/en\/wp-json\/wp\/v2\/product_tag?post=4544"}],"curies":[{"name":"wp","href":"https:\/\/api.w.org\/{rel}","templated":true}]}}