{"id":4497,"date":"2026-03-06T17:14:33","date_gmt":"2026-03-06T14:14:33","guid":{"rendered":"https:\/\/skbutik.com\/?post_type=product&#038;p=4497"},"modified":"2026-03-24T17:01:14","modified_gmt":"2026-03-24T14:01:14","slug":"my312-w1529","status":"publish","type":"product","link":"https:\/\/skbutik.com\/en\/product\/my312-w1529\/","title":{"rendered":"MY312 W1529"},"content":{"rendered":"<p data-path-to-node=\"6\">oprak ve taba tonlar\u0131 \u015fu an moda d\u00fcnyas\u0131n\u0131n zirvesinde. Bu renk, &#8220;sessiz l\u00fcks&#8221; (quiet luxury) ak\u0131m\u0131n\u0131n en net temsilcisi.<\/p>\n<ul data-path-to-node=\"7\">\n<li>\n<p data-path-to-node=\"7,0,0\"><b data-path-to-node=\"7,0,0\" data-index-in-node=\"0\">Sat\u0131\u015f C\u00fcmlesi:<\/b> &#8220;Bu vizon tonu sadece bir renk de\u011fil; zarafetin ve asaletin sembol\u00fc. Aksesuarlarla zenginle\u015ftirmeye gerek bile b\u0131rakmayan, kendi ba\u015f\u0131na devle\u015fen bir par\u00e7a.&#8221;<\/p>\n<\/li>\n<\/ul>\n<h3 data-path-to-node=\"8\">3. &#8220;Kusur Kapatan Kesim&#8221; (Konfor ve Form)<\/h3>\n<p data-path-to-node=\"9\">Pantolonun boru pa\u00e7a yap\u0131s\u0131 ve tuni\u011fin kal\u00e7ay\u0131 \u00f6rten boyu, her v\u00fccut tipinde kusursuz bir sil\u00fcet olu\u015fturur.<\/p>","protected":false},"excerpt":{"rendered":"<p>oprak ve taba tonlar\u0131 \u015fu an moda d\u00fcnyas\u0131n\u0131n zirvesinde. Bu renk, &#8220;sessiz l\u00fcks&#8221; (quiet luxury) ak\u0131m\u0131n\u0131n en net temsilcisi. Sat\u0131\u015f<\/p>","protected":false},"featured_media":4498,"comment_status":"open","ping_status":"closed","template":"","meta":[],"product_brand":[],"product_cat":[167],"product_tag":[],"class_list":{"0":"post-4497","1":"product","2":"type-product","3":"status-publish","4":"has-post-thumbnail","6":"product_cat-gunluk-siklik","7":"pa_beden-30","8":"pa_beden-31","9":"pa_beden-32","10":"pa_beden-33","12":"first","13":"instock","14":"taxable","15":"shipping-taxable","16":"purchasable","17":"product-type-variable"},"_links":{"self":[{"href":"https:\/\/skbutik.com\/en\/wp-json\/wp\/v2\/product\/4497","targetHints":{"allow":["GET"]}}],"collection":[{"href":"https:\/\/skbutik.com\/en\/wp-json\/wp\/v2\/product"}],"about":[{"href":"https:\/\/skbutik.com\/en\/wp-json\/wp\/v2\/types\/product"}],"replies":[{"embeddable":true,"href":"https:\/\/skbutik.com\/en\/wp-json\/wp\/v2\/comments?post=4497"}],"wp:featuredmedia":[{"embeddable":true,"href":"https:\/\/skbutik.com\/en\/wp-json\/wp\/v2\/media\/4498"}],"wp:attachment":[{"href":"https:\/\/skbutik.com\/en\/wp-json\/wp\/v2\/media?parent=4497"}],"wp:term":[{"taxonomy":"product_brand","embeddable":true,"href":"https:\/\/skbutik.com\/en\/wp-json\/wp\/v2\/product_brand?post=4497"},{"taxonomy":"product_cat","embeddable":true,"href":"https:\/\/skbutik.com\/en\/wp-json\/wp\/v2\/product_cat?post=4497"},{"taxonomy":"product_tag","embeddable":true,"href":"https:\/\/skbutik.com\/en\/wp-json\/wp\/v2\/product_tag?post=4497"}],"curies":[{"name":"wp","href":"https:\/\/api.w.org\/{rel}","templated":true}]}}