{"id":4489,"date":"2026-03-06T17:10:39","date_gmt":"2026-03-06T14:10:39","guid":{"rendered":"https:\/\/skbutik.com\/?post_type=product&#038;p=4489"},"modified":"2026-03-26T17:52:20","modified_gmt":"2026-03-26T14:52:20","slug":"lim-l2667","status":"publish","type":"product","link":"https:\/\/skbutik.com\/en\/product\/lim-l2667\/","title":{"rendered":"L\u0130M L2667"},"content":{"rendered":"<ul>\n<li>\n<p data-path-to-node=\"2,0,0\"><b data-path-to-node=\"2,0,0\" data-index-in-node=\"0\">Konfor ve \u015e\u0131kl\u0131k:<\/b> Geni\u015f pa\u00e7a pantolonun rahatl\u0131\u011f\u0131 ile keten g\u00f6r\u00fcn\u00fcml\u00fc denim mavisi g\u00f6mle\u011fin asaletini birle\u015ftiriyor.<\/p>\n<\/li>\n<li>\n<p data-path-to-node=\"2,1,0\"><b data-path-to-node=\"2,1,0\" data-index-in-node=\"0\">Tropikal Marin Esintisi:<\/b> Beyaz \u00fczerine mavi yaprak desenleri, hem tatil hem de \u015fehir hayat\u0131 i\u00e7in taze bir g\u00f6r\u00fcn\u00fcm sunuyor.<\/p>\n<\/li>\n<li>\n<p data-path-to-node=\"2,2,0\"><b data-path-to-node=\"2,2,0\" data-index-in-node=\"0\">Fonksiyonel Tasar\u0131m:<\/b> G\u00f6mlek \u00fczerindeki cep detay\u0131 ve kollar\u0131ndaki desen ge\u00e7i\u015fleri \u00fcr\u00fcn\u00fc &#8220;s\u0131radan bir tak\u0131m&#8221; olmaktan \u00e7\u0131kar\u0131p butik bir tasar\u0131ma d\u00f6n\u00fc\u015ft\u00fcr\u00fcyor.<\/p>\n<\/li>\n<\/ul>","protected":false},"excerpt":{"rendered":"<p>Konfor ve \u015e\u0131kl\u0131k: Geni\u015f pa\u00e7a pantolonun rahatl\u0131\u011f\u0131 ile keten g\u00f6r\u00fcn\u00fcml\u00fc denim mavisi g\u00f6mle\u011fin asaletini birle\u015ftiriyor. Tropikal Marin Esintisi: Beyaz \u00fczerine<\/p>","protected":false},"featured_media":4490,"comment_status":"open","ping_status":"closed","template":"","meta":[],"product_brand":[],"product_cat":[167],"product_tag":[],"class_list":{"0":"post-4489","1":"product","2":"type-product","3":"status-publish","4":"has-post-thumbnail","6":"product_cat-gunluk-siklik","7":"pa_beden-30","8":"pa_beden-31","9":"pa_beden-32","10":"pa_beden-33","11":"pa_beden-125","12":"pa_beden-170","14":"first","15":"instock","16":"taxable","17":"shipping-taxable","18":"purchasable","19":"product-type-variable"},"_links":{"self":[{"href":"https:\/\/skbutik.com\/en\/wp-json\/wp\/v2\/product\/4489","targetHints":{"allow":["GET"]}}],"collection":[{"href":"https:\/\/skbutik.com\/en\/wp-json\/wp\/v2\/product"}],"about":[{"href":"https:\/\/skbutik.com\/en\/wp-json\/wp\/v2\/types\/product"}],"replies":[{"embeddable":true,"href":"https:\/\/skbutik.com\/en\/wp-json\/wp\/v2\/comments?post=4489"}],"wp:featuredmedia":[{"embeddable":true,"href":"https:\/\/skbutik.com\/en\/wp-json\/wp\/v2\/media\/4490"}],"wp:attachment":[{"href":"https:\/\/skbutik.com\/en\/wp-json\/wp\/v2\/media?parent=4489"}],"wp:term":[{"taxonomy":"product_brand","embeddable":true,"href":"https:\/\/skbutik.com\/en\/wp-json\/wp\/v2\/product_brand?post=4489"},{"taxonomy":"product_cat","embeddable":true,"href":"https:\/\/skbutik.com\/en\/wp-json\/wp\/v2\/product_cat?post=4489"},{"taxonomy":"product_tag","embeddable":true,"href":"https:\/\/skbutik.com\/en\/wp-json\/wp\/v2\/product_tag?post=4489"}],"curies":[{"name":"wp","href":"https:\/\/api.w.org\/{rel}","templated":true}]}}