{"id":4481,"date":"2026-03-06T17:05:37","date_gmt":"2026-03-06T14:05:37","guid":{"rendered":"https:\/\/skbutik.com\/?post_type=product&#038;p=4481"},"modified":"2026-03-26T12:50:45","modified_gmt":"2026-03-26T09:50:45","slug":"lim-l2674","status":"publish","type":"product","link":"https:\/\/skbutik.com\/en\/product\/lim-l2674\/","title":{"rendered":"L\u0130M L2674"},"content":{"rendered":"<ul>\n<li>\n<p data-path-to-node=\"4,0,0\">G\u00f6\u011f\u00fcs cebindeki renkli \u00e7i\u00e7ek nak\u0131\u015flar\u0131. Bu detay, tak\u0131ma mask\u00fclen bir g\u00f6mlek-pantolon havas\u0131ndan ziyade feminen ve ne\u015feli bir hava kat\u0131yor.<\/p>\n<\/li>\n<li>\n<p data-path-to-node=\"4,1,0\"><b data-path-to-node=\"4,1,0\" data-index-in-node=\"0\">Kuma\u015f ve Kal\u0131p:<\/b> Ketene benzer do\u011fal dokusuyla nefes alan bir yap\u0131da. Bol kesimi sayesinde g\u00fcn boyu hareket \u00f6zg\u00fcrl\u00fc\u011f\u00fc sunar.<\/p>\n<\/li>\n<li>\n<p data-path-to-node=\"4,2,0\"><b data-path-to-node=\"4,2,0\" data-index-in-node=\"0\">Sat\u0131\u015f C\u00fcmlesi:<\/b> <i data-path-to-node=\"4,2,0\" data-index-in-node=\"15\">&#8220;Sabah kahvesinden ak\u015fam\u00fcst\u00fc toplant\u0131s\u0131na kadar size e\u015flik edecek kadar \u00e7ok y\u00f6nl\u00fc bir tak\u0131m. \u00dczerinizdeki o nak\u0131\u015f detaylar\u0131, en sade halinize bile bir stil imzas\u0131 at\u0131yor.&#8221;<\/i><\/p>\n<\/li>\n<\/ul>","protected":false},"excerpt":{"rendered":"<p>G\u00f6\u011f\u00fcs cebindeki renkli \u00e7i\u00e7ek nak\u0131\u015flar\u0131. Bu detay, tak\u0131ma mask\u00fclen bir g\u00f6mlek-pantolon havas\u0131ndan ziyade feminen ve ne\u015feli bir hava kat\u0131yor. Kuma\u015f<\/p>","protected":false},"featured_media":4482,"comment_status":"open","ping_status":"closed","template":"","meta":[],"product_brand":[],"product_cat":[167],"product_tag":[],"class_list":{"0":"post-4481","1":"product","2":"type-product","3":"status-publish","4":"has-post-thumbnail","6":"product_cat-gunluk-siklik","7":"pa_beden-30","8":"pa_beden-31","9":"pa_beden-32","10":"pa_beden-33","11":"pa_beden-125","12":"pa_beden-170","14":"first","15":"instock","16":"taxable","17":"shipping-taxable","18":"purchasable","19":"product-type-variable"},"_links":{"self":[{"href":"https:\/\/skbutik.com\/en\/wp-json\/wp\/v2\/product\/4481","targetHints":{"allow":["GET"]}}],"collection":[{"href":"https:\/\/skbutik.com\/en\/wp-json\/wp\/v2\/product"}],"about":[{"href":"https:\/\/skbutik.com\/en\/wp-json\/wp\/v2\/types\/product"}],"replies":[{"embeddable":true,"href":"https:\/\/skbutik.com\/en\/wp-json\/wp\/v2\/comments?post=4481"}],"wp:featuredmedia":[{"embeddable":true,"href":"https:\/\/skbutik.com\/en\/wp-json\/wp\/v2\/media\/4482"}],"wp:attachment":[{"href":"https:\/\/skbutik.com\/en\/wp-json\/wp\/v2\/media?parent=4481"}],"wp:term":[{"taxonomy":"product_brand","embeddable":true,"href":"https:\/\/skbutik.com\/en\/wp-json\/wp\/v2\/product_brand?post=4481"},{"taxonomy":"product_cat","embeddable":true,"href":"https:\/\/skbutik.com\/en\/wp-json\/wp\/v2\/product_cat?post=4481"},{"taxonomy":"product_tag","embeddable":true,"href":"https:\/\/skbutik.com\/en\/wp-json\/wp\/v2\/product_tag?post=4481"}],"curies":[{"name":"wp","href":"https:\/\/api.w.org\/{rel}","templated":true}]}}