{"id":4477,"date":"2026-03-06T16:39:26","date_gmt":"2026-03-06T13:39:26","guid":{"rendered":"https:\/\/skbutik.com\/?post_type=product&#038;p=4477"},"modified":"2026-04-14T06:15:27","modified_gmt":"2026-04-14T03:15:27","slug":"tasarim-kap-10-2","status":"publish","type":"product","link":"https:\/\/skbutik.com\/en\/product\/tasarim-kap-10-2\/","title":{"rendered":"TASARIM KAP 10"},"content":{"rendered":"<ul>\n<li>\n<p data-path-to-node=\"6,0,0\">\u00dcst k\u0131s\u0131mdaki yo\u011fun ve kaliteli dantel i\u015f\u00e7ili\u011fi, tasar\u0131ma boyut kat\u0131yor. &#8220;S\u0131radan bir siyah elbiseyi bile an\u0131nda bir gece k\u0131yafetine d\u00f6n\u00fc\u015ft\u00fcr\u00fcr.&#8221;<\/p>\n<\/li>\n<li>\n<p data-path-to-node=\"6,1,0\"><b data-path-to-node=\"6,1,0\" data-index-in-node=\"0\">Dinamik Detaylar:<\/b> Etek ucundaki \u0131\u015f\u0131lt\u0131l\u0131 p\u00fcsk\u00fcller, her ad\u0131mda zarif bir hareket sa\u011flar. &#8220;Sadece duru\u015funuzla de\u011fil, y\u00fcr\u00fcy\u00fc\u015f\u00fcn\u00fczle de b\u00fcy\u00fcleyeceksiniz.&#8221;<\/p>\n<\/li>\n<li>\n<p data-path-to-node=\"6,2,0\"><b data-path-to-node=\"6,2,0\" data-index-in-node=\"0\">Stratejik Kesim:<\/b> \u0130ki par\u00e7al\u0131 g\u00f6r\u00fcn\u00fcm veren pelerin kesimi, v\u00fccut hatlar\u0131n\u0131 naif\u00e7e dengelerken modern ve avangart bir sil\u00fcet olu\u015fturur.<\/p>\n<\/li>\n<\/ul>","protected":false},"excerpt":{"rendered":"<p>\u00dcst k\u0131s\u0131mdaki yo\u011fun ve kaliteli dantel i\u015f\u00e7ili\u011fi, tasar\u0131ma boyut kat\u0131yor. &#8220;S\u0131radan bir siyah elbiseyi bile an\u0131nda bir gece k\u0131yafetine d\u00f6n\u00fc\u015ft\u00fcr\u00fcr.&#8221;<\/p>","protected":false},"featured_media":4478,"comment_status":"open","ping_status":"closed","template":"","meta":[],"product_brand":[],"product_cat":[167],"product_tag":[],"class_list":{"0":"post-4477","1":"product","2":"type-product","3":"status-publish","4":"has-post-thumbnail","6":"product_cat-gunluk-siklik","7":"pa_beden-standart","9":"first","10":"instock","11":"taxable","12":"shipping-taxable","13":"purchasable","14":"product-type-variable"},"_links":{"self":[{"href":"https:\/\/skbutik.com\/en\/wp-json\/wp\/v2\/product\/4477","targetHints":{"allow":["GET"]}}],"collection":[{"href":"https:\/\/skbutik.com\/en\/wp-json\/wp\/v2\/product"}],"about":[{"href":"https:\/\/skbutik.com\/en\/wp-json\/wp\/v2\/types\/product"}],"replies":[{"embeddable":true,"href":"https:\/\/skbutik.com\/en\/wp-json\/wp\/v2\/comments?post=4477"}],"wp:featuredmedia":[{"embeddable":true,"href":"https:\/\/skbutik.com\/en\/wp-json\/wp\/v2\/media\/4478"}],"wp:attachment":[{"href":"https:\/\/skbutik.com\/en\/wp-json\/wp\/v2\/media?parent=4477"}],"wp:term":[{"taxonomy":"product_brand","embeddable":true,"href":"https:\/\/skbutik.com\/en\/wp-json\/wp\/v2\/product_brand?post=4477"},{"taxonomy":"product_cat","embeddable":true,"href":"https:\/\/skbutik.com\/en\/wp-json\/wp\/v2\/product_cat?post=4477"},{"taxonomy":"product_tag","embeddable":true,"href":"https:\/\/skbutik.com\/en\/wp-json\/wp\/v2\/product_tag?post=4477"}],"curies":[{"name":"wp","href":"https:\/\/api.w.org\/{rel}","templated":true}]}}