{"id":4468,"date":"2026-03-06T16:32:07","date_gmt":"2026-03-06T13:32:07","guid":{"rendered":"https:\/\/skbutik.com\/?post_type=product&#038;p=4468"},"modified":"2026-04-14T05:56:16","modified_gmt":"2026-04-14T02:56:16","slug":"keten-kap-08","status":"publish","type":"product","link":"https:\/\/skbutik.com\/en\/product\/keten-kap-08\/","title":{"rendered":"KETEN KAP 08"},"content":{"rendered":"<ul>\n<li>\n<p data-path-to-node=\"6,0,0\">\u00d6n paneldeki ve kollardaki ton-s\u00fcr-ton nak\u0131\u015f i\u015flemeleri, \u00fcr\u00fcne zengin bir derinlik kat\u0131yor. &#8220;Ba\u011f\u0131rmayan bir l\u00fcks&#8221; (quiet luxury) alg\u0131s\u0131 yarat\u0131yor.<\/p>\n<\/li>\n<li>\n<p data-path-to-node=\"6,1,0\"><b data-path-to-node=\"6,1,0\" data-index-in-node=\"0\">Kuma\u015f\u0131n Mevsimsizli\u011fi:<\/b> Keten dokusu sayesinde nefes alan bir yap\u0131ya sahip. Hem bahar ak\u015famlar\u0131nda hem de \u015f\u0131k davetlerde terletmeden konfor sunar.<\/p>\n<\/li>\n<li>\n<p data-path-to-node=\"6,2,0\"><b data-path-to-node=\"6,2,0\" data-index-in-node=\"0\">Kusursuz Kal\u0131p:<\/b> G\u00f6rseldeki d\u00f6k\u00fcm, v\u00fccut hatlar\u0131n\u0131 kapat\u0131rken boyu daha uzun ve sil\u00fceti daha ince g\u00f6steriyor.<\/p>\n<\/li>\n<\/ul>","protected":false},"excerpt":{"rendered":"<p>\u00d6n paneldeki ve kollardaki ton-s\u00fcr-ton nak\u0131\u015f i\u015flemeleri, \u00fcr\u00fcne zengin bir derinlik kat\u0131yor. &#8220;Ba\u011f\u0131rmayan bir l\u00fcks&#8221; (quiet luxury) alg\u0131s\u0131 yarat\u0131yor. Kuma\u015f\u0131n<\/p>","protected":false},"featured_media":4469,"comment_status":"open","ping_status":"closed","template":"","meta":[],"product_brand":[],"product_cat":[167],"product_tag":[],"class_list":{"0":"post-4468","1":"product","2":"type-product","3":"status-publish","4":"has-post-thumbnail","6":"product_cat-gunluk-siklik","7":"pa_beden-standart","9":"first","10":"instock","11":"taxable","12":"shipping-taxable","13":"purchasable","14":"product-type-variable"},"_links":{"self":[{"href":"https:\/\/skbutik.com\/en\/wp-json\/wp\/v2\/product\/4468","targetHints":{"allow":["GET"]}}],"collection":[{"href":"https:\/\/skbutik.com\/en\/wp-json\/wp\/v2\/product"}],"about":[{"href":"https:\/\/skbutik.com\/en\/wp-json\/wp\/v2\/types\/product"}],"replies":[{"embeddable":true,"href":"https:\/\/skbutik.com\/en\/wp-json\/wp\/v2\/comments?post=4468"}],"wp:featuredmedia":[{"embeddable":true,"href":"https:\/\/skbutik.com\/en\/wp-json\/wp\/v2\/media\/4469"}],"wp:attachment":[{"href":"https:\/\/skbutik.com\/en\/wp-json\/wp\/v2\/media?parent=4468"}],"wp:term":[{"taxonomy":"product_brand","embeddable":true,"href":"https:\/\/skbutik.com\/en\/wp-json\/wp\/v2\/product_brand?post=4468"},{"taxonomy":"product_cat","embeddable":true,"href":"https:\/\/skbutik.com\/en\/wp-json\/wp\/v2\/product_cat?post=4468"},{"taxonomy":"product_tag","embeddable":true,"href":"https:\/\/skbutik.com\/en\/wp-json\/wp\/v2\/product_tag?post=4468"}],"curies":[{"name":"wp","href":"https:\/\/api.w.org\/{rel}","templated":true}]}}