{"id":4465,"date":"2026-03-06T16:28:05","date_gmt":"2026-03-06T13:28:05","guid":{"rendered":"https:\/\/skbutik.com\/?post_type=product&#038;p=4465"},"modified":"2026-04-12T19:03:04","modified_gmt":"2026-04-12T16:03:04","slug":"keten-kap-07","status":"publish","type":"product","link":"https:\/\/skbutik.com\/en\/product\/keten-kap-07\/","title":{"rendered":"KETEN KAP 07"},"content":{"rendered":"<ul>\n<li>\n<p data-path-to-node=\"4,0,0\">kap, ba\u011f\u0131rmayan bir \u015f\u0131kl\u0131k sunuyor. Girdi\u011finiz her ortamda kalitenizle fark edilirsiniz ama asla abart\u0131l\u0131 g\u00f6r\u00fcnmezsiniz.&#8221;<\/p>\n<\/li>\n<li>\n<p data-path-to-node=\"4,1,0\"><b data-path-to-node=\"4,1,0\" data-index-in-node=\"0\">Ketenin Do\u011fall\u0131\u011f\u0131, Nak\u0131\u015f\u0131n Sanat\u0131:<\/b> &#8220;Do\u011fal keten dokusu sizi g\u00fcn boyu ferah tutarken, omuzlardaki ince dal nak\u0131\u015flar\u0131 \u00fcr\u00fcne bir sanat eseri havas\u0131 kat\u0131yor.&#8221;<\/p>\n<\/li>\n<\/ul>","protected":false},"excerpt":{"rendered":"<p>kap, ba\u011f\u0131rmayan bir \u015f\u0131kl\u0131k sunuyor. Girdi\u011finiz her ortamda kalitenizle fark edilirsiniz ama asla abart\u0131l\u0131 g\u00f6r\u00fcnmezsiniz.&#8221; Ketenin Do\u011fall\u0131\u011f\u0131, Nak\u0131\u015f\u0131n Sanat\u0131: &#8220;Do\u011fal<\/p>","protected":false},"featured_media":4466,"comment_status":"open","ping_status":"closed","template":"","meta":[],"product_brand":[],"product_cat":[167],"product_tag":[],"class_list":{"0":"post-4465","1":"product","2":"type-product","3":"status-publish","4":"has-post-thumbnail","6":"product_cat-gunluk-siklik","7":"pa_beden-standart","9":"first","10":"instock","11":"taxable","12":"shipping-taxable","13":"purchasable","14":"product-type-variable"},"_links":{"self":[{"href":"https:\/\/skbutik.com\/en\/wp-json\/wp\/v2\/product\/4465","targetHints":{"allow":["GET"]}}],"collection":[{"href":"https:\/\/skbutik.com\/en\/wp-json\/wp\/v2\/product"}],"about":[{"href":"https:\/\/skbutik.com\/en\/wp-json\/wp\/v2\/types\/product"}],"replies":[{"embeddable":true,"href":"https:\/\/skbutik.com\/en\/wp-json\/wp\/v2\/comments?post=4465"}],"wp:featuredmedia":[{"embeddable":true,"href":"https:\/\/skbutik.com\/en\/wp-json\/wp\/v2\/media\/4466"}],"wp:attachment":[{"href":"https:\/\/skbutik.com\/en\/wp-json\/wp\/v2\/media?parent=4465"}],"wp:term":[{"taxonomy":"product_brand","embeddable":true,"href":"https:\/\/skbutik.com\/en\/wp-json\/wp\/v2\/product_brand?post=4465"},{"taxonomy":"product_cat","embeddable":true,"href":"https:\/\/skbutik.com\/en\/wp-json\/wp\/v2\/product_cat?post=4465"},{"taxonomy":"product_tag","embeddable":true,"href":"https:\/\/skbutik.com\/en\/wp-json\/wp\/v2\/product_tag?post=4465"}],"curies":[{"name":"wp","href":"https:\/\/api.w.org\/{rel}","templated":true}]}}