{"id":4459,"date":"2026-03-06T16:12:05","date_gmt":"2026-03-06T13:12:05","guid":{"rendered":"https:\/\/skbutik.com\/?post_type=product&#038;p=4459"},"modified":"2026-03-24T11:19:22","modified_gmt":"2026-03-24T08:19:22","slug":"dubai-ipegi-kap-05","status":"publish","type":"product","link":"https:\/\/skbutik.com\/en\/product\/dubai-ipegi-kap-05\/","title":{"rendered":"DUBA\u0130 \u0130PEG\u0130 KAP 05"},"content":{"rendered":"<ul>\n<li>\n<p data-path-to-node=\"7,0,0\">G\u00f6z yormayan ama fark edilen \u0131\u015f\u0131lt\u0131.&#8221;<\/p>\n<\/li>\n<li>\n<p data-path-to-node=\"7,1,0\"><b data-path-to-node=\"7,1,0\" data-index-in-node=\"0\">Detay:<\/b> G\u00f6\u011f\u00fcsten ete\u011fe do\u011fru inen \u00e7apraz \u015feritler ve \u00fczerindeki el i\u015f\u00e7ili\u011fi g\u00f6r\u00fcn\u00fcml\u00fc ta\u015flar, v\u00fccut hatlar\u0131n\u0131 oldu\u011fundan daha uzun ve zarif g\u00f6sterir. M\u00fc\u015fteriye \u015funu de: <i data-path-to-node=\"7,1,0\" data-index-in-node=\"168\">&#8220;Bu kap, dikey hatlar\u0131 sayesinde sizi oldu\u011funuzdan daha ince ve uzun g\u00f6steren sihirli bir kesime sahip.&#8221;<\/i><\/p>\n<\/li>\n<\/ul>","protected":false},"excerpt":{"rendered":"<p>G\u00f6z yormayan ama fark edilen \u0131\u015f\u0131lt\u0131.&#8221; Detay: G\u00f6\u011f\u00fcsten ete\u011fe do\u011fru inen \u00e7apraz \u015feritler ve \u00fczerindeki el i\u015f\u00e7ili\u011fi g\u00f6r\u00fcn\u00fcml\u00fc ta\u015flar, v\u00fccut<\/p>","protected":false},"featured_media":4460,"comment_status":"open","ping_status":"closed","template":"","meta":[],"product_brand":[],"product_cat":[167],"product_tag":[],"class_list":{"0":"post-4459","1":"product","2":"type-product","3":"status-publish","4":"has-post-thumbnail","6":"product_cat-gunluk-siklik","7":"pa_beden-standart","9":"first","10":"instock","11":"taxable","12":"shipping-taxable","13":"purchasable","14":"product-type-variable"},"_links":{"self":[{"href":"https:\/\/skbutik.com\/en\/wp-json\/wp\/v2\/product\/4459","targetHints":{"allow":["GET"]}}],"collection":[{"href":"https:\/\/skbutik.com\/en\/wp-json\/wp\/v2\/product"}],"about":[{"href":"https:\/\/skbutik.com\/en\/wp-json\/wp\/v2\/types\/product"}],"replies":[{"embeddable":true,"href":"https:\/\/skbutik.com\/en\/wp-json\/wp\/v2\/comments?post=4459"}],"wp:featuredmedia":[{"embeddable":true,"href":"https:\/\/skbutik.com\/en\/wp-json\/wp\/v2\/media\/4460"}],"wp:attachment":[{"href":"https:\/\/skbutik.com\/en\/wp-json\/wp\/v2\/media?parent=4459"}],"wp:term":[{"taxonomy":"product_brand","embeddable":true,"href":"https:\/\/skbutik.com\/en\/wp-json\/wp\/v2\/product_brand?post=4459"},{"taxonomy":"product_cat","embeddable":true,"href":"https:\/\/skbutik.com\/en\/wp-json\/wp\/v2\/product_cat?post=4459"},{"taxonomy":"product_tag","embeddable":true,"href":"https:\/\/skbutik.com\/en\/wp-json\/wp\/v2\/product_tag?post=4459"}],"curies":[{"name":"wp","href":"https:\/\/api.w.org\/{rel}","templated":true}]}}