{"id":4433,"date":"2026-03-05T14:02:08","date_gmt":"2026-03-05T11:02:08","guid":{"rendered":"https:\/\/skbutik.com\/?post_type=product&#038;p=4433"},"modified":"2026-04-24T16:09:54","modified_gmt":"2026-04-24T13:09:54","slug":"1900-siyah","status":"publish","type":"product","link":"https:\/\/skbutik.com\/en\/product\/1900-siyah\/","title":{"rendered":"1900 S\u0130YAH PRENS ETEK"},"content":{"rendered":"<p data-path-to-node=\"2\">S\u0130YAH rengi ve d\u00f6k\u00fcml\u00fc yap\u0131s\u0131, abart\u0131s\u0131z ama son derece kaliteli bir g\u00f6r\u00fcn\u00fcm sunuyo \u00dcr\u00fcn\u00fc &#8220;zamans\u0131z bir yat\u0131r\u0131m&#8221; olarak palanlay\u0131n Modas\u0131 ge\u00e7meyecek bir renk ve kesim oldu\u011funu vurgul &#8220;Trendlerin \u00f6tesinde, asaletin merkezinde. siyah\u00a0 en derin tonuyla tan\u0131\u015f\u0131n.&#8221;<\/p>\n<h2 data-path-to-node=\"4\"><\/h2>","protected":false},"excerpt":{"rendered":"<p>S\u0130YAH rengi ve d\u00f6k\u00fcml\u00fc yap\u0131s\u0131, abart\u0131s\u0131z ama son derece kaliteli bir g\u00f6r\u00fcn\u00fcm sunuyo \u00dcr\u00fcn\u00fc &#8220;zamans\u0131z bir yat\u0131r\u0131m&#8221; olarak palanlay\u0131n Modas\u0131<\/p>","protected":false},"featured_media":4434,"comment_status":"open","ping_status":"closed","template":"","meta":[],"product_brand":[],"product_cat":[167],"product_tag":[],"class_list":{"0":"post-4433","1":"product","2":"type-product","3":"status-publish","4":"has-post-thumbnail","6":"product_cat-gunluk-siklik","7":"pa_beden-standart","9":"first","10":"instock","11":"taxable","12":"shipping-taxable","13":"purchasable","14":"product-type-variable"},"_links":{"self":[{"href":"https:\/\/skbutik.com\/en\/wp-json\/wp\/v2\/product\/4433","targetHints":{"allow":["GET"]}}],"collection":[{"href":"https:\/\/skbutik.com\/en\/wp-json\/wp\/v2\/product"}],"about":[{"href":"https:\/\/skbutik.com\/en\/wp-json\/wp\/v2\/types\/product"}],"replies":[{"embeddable":true,"href":"https:\/\/skbutik.com\/en\/wp-json\/wp\/v2\/comments?post=4433"}],"wp:featuredmedia":[{"embeddable":true,"href":"https:\/\/skbutik.com\/en\/wp-json\/wp\/v2\/media\/4434"}],"wp:attachment":[{"href":"https:\/\/skbutik.com\/en\/wp-json\/wp\/v2\/media?parent=4433"}],"wp:term":[{"taxonomy":"product_brand","embeddable":true,"href":"https:\/\/skbutik.com\/en\/wp-json\/wp\/v2\/product_brand?post=4433"},{"taxonomy":"product_cat","embeddable":true,"href":"https:\/\/skbutik.com\/en\/wp-json\/wp\/v2\/product_cat?post=4433"},{"taxonomy":"product_tag","embeddable":true,"href":"https:\/\/skbutik.com\/en\/wp-json\/wp\/v2\/product_tag?post=4433"}],"curies":[{"name":"wp","href":"https:\/\/api.w.org\/{rel}","templated":true}]}}