{"id":4430,"date":"2026-03-05T13:56:55","date_gmt":"2026-03-05T10:56:55","guid":{"rendered":"https:\/\/skbutik.com\/?post_type=product&#038;p=4430"},"modified":"2026-04-19T21:08:47","modified_gmt":"2026-04-19T18:08:47","slug":"1900-bordo-prens-etek","status":"publish","type":"product","link":"https:\/\/skbutik.com\/en\/product\/1900-bordo-prens-etek\/","title":{"rendered":"1900 BORDO PRENS ETEK"},"content":{"rendered":"<p data-path-to-node=\"2\">Bordo rengi ve d\u00f6k\u00fcml\u00fc yap\u0131s\u0131, abart\u0131s\u0131z ama son derece kaliteli bir g\u00f6r\u00fcn\u00fcm sunu<b data-path-to-node=\"3,0,0\" data-index-in-node=\"0\">:<\/b> \u00dcr\u00fcn\u00fc &#8220;zamans\u0131z bir yat\u0131r\u0131m&#8221; olarak pazarlay\u0131n. Modas\u0131 ge\u00e7meyecek bir renk ve kesim oldu\u011funu vurgulay\u0131n<b data-path-to-node=\"3,1,0\" data-index-in-node=\"0\">:<\/b> &#8220;Trendlerin \u00f6tesinde, asaletin merkezinde. Bordonun en derin tonuyla tan\u0131\u015f\u0131n.&#8221;<\/p>","protected":false},"excerpt":{"rendered":"<p>Bordo rengi ve d\u00f6k\u00fcml\u00fc yap\u0131s\u0131, abart\u0131s\u0131z ama son derece kaliteli bir g\u00f6r\u00fcn\u00fcm sunu: \u00dcr\u00fcn\u00fc &#8220;zamans\u0131z bir yat\u0131r\u0131m&#8221; olarak pazarlay\u0131n. Modas\u0131<\/p>","protected":false},"featured_media":4431,"comment_status":"open","ping_status":"closed","template":"","meta":[],"product_brand":[],"product_cat":[167],"product_tag":[],"class_list":{"0":"post-4430","1":"product","2":"type-product","3":"status-publish","4":"has-post-thumbnail","6":"product_cat-gunluk-siklik","7":"pa_beden-standart","9":"first","10":"instock","11":"taxable","12":"shipping-taxable","13":"purchasable","14":"product-type-variable"},"_links":{"self":[{"href":"https:\/\/skbutik.com\/en\/wp-json\/wp\/v2\/product\/4430","targetHints":{"allow":["GET"]}}],"collection":[{"href":"https:\/\/skbutik.com\/en\/wp-json\/wp\/v2\/product"}],"about":[{"href":"https:\/\/skbutik.com\/en\/wp-json\/wp\/v2\/types\/product"}],"replies":[{"embeddable":true,"href":"https:\/\/skbutik.com\/en\/wp-json\/wp\/v2\/comments?post=4430"}],"wp:featuredmedia":[{"embeddable":true,"href":"https:\/\/skbutik.com\/en\/wp-json\/wp\/v2\/media\/4431"}],"wp:attachment":[{"href":"https:\/\/skbutik.com\/en\/wp-json\/wp\/v2\/media?parent=4430"}],"wp:term":[{"taxonomy":"product_brand","embeddable":true,"href":"https:\/\/skbutik.com\/en\/wp-json\/wp\/v2\/product_brand?post=4430"},{"taxonomy":"product_cat","embeddable":true,"href":"https:\/\/skbutik.com\/en\/wp-json\/wp\/v2\/product_cat?post=4430"},{"taxonomy":"product_tag","embeddable":true,"href":"https:\/\/skbutik.com\/en\/wp-json\/wp\/v2\/product_tag?post=4430"}],"curies":[{"name":"wp","href":"https:\/\/api.w.org\/{rel}","templated":true}]}}