{"id":4423,"date":"2026-03-05T13:45:08","date_gmt":"2026-03-05T10:45:08","guid":{"rendered":"https:\/\/skbutik.com\/?post_type=product&#038;p=4423"},"modified":"2026-03-26T17:58:28","modified_gmt":"2026-03-26T14:58:28","slug":"nil-2049jacket-ceket","status":"publish","type":"product","link":"https:\/\/skbutik.com\/en\/product\/nil-2049jacket-ceket\/","title":{"rendered":"N\u0130L.2049JACKET CEKET"},"content":{"rendered":"<p>&#8220;V\u00fccut hatlar\u0131n\u0131 gizleyen ama \u015f\u0131kl\u0131\u011f\u0131 elden b\u0131rakmayan tasar\u0131m&#8221; vurgusu yap\u0131n. \u00d6zellikle omuz ve yaka k\u0131sm\u0131ndaki drapeler (hacim), y\u00fcz\u00fc \u00f6n plana \u00e7\u0131kar\u0131r ve zengin bir g\u00f6r\u00fcn\u00fcm sa\u011flar.<\/p>","protected":false},"excerpt":{"rendered":"<p>&#8220;V\u00fccut hatlar\u0131n\u0131 gizleyen ama \u015f\u0131kl\u0131\u011f\u0131 elden b\u0131rakmayan tasar\u0131m&#8221; vurgusu yap\u0131n. \u00d6zellikle omuz ve yaka k\u0131sm\u0131ndaki drapeler (hacim), y\u00fcz\u00fc \u00f6n plana<\/p>","protected":false},"featured_media":4417,"comment_status":"open","ping_status":"closed","template":"","meta":[],"product_brand":[],"product_cat":[167],"product_tag":[],"class_list":{"0":"post-4423","1":"product","2":"type-product","3":"status-publish","4":"has-post-thumbnail","6":"product_cat-gunluk-siklik","7":"pa_beden-29","8":"pa_beden-30","9":"pa_beden-31","10":"pa_beden-32","11":"pa_beden-33","12":"pa_beden-125","14":"first","15":"instock","16":"taxable","17":"shipping-taxable","18":"purchasable","19":"product-type-variable"},"_links":{"self":[{"href":"https:\/\/skbutik.com\/en\/wp-json\/wp\/v2\/product\/4423","targetHints":{"allow":["GET"]}}],"collection":[{"href":"https:\/\/skbutik.com\/en\/wp-json\/wp\/v2\/product"}],"about":[{"href":"https:\/\/skbutik.com\/en\/wp-json\/wp\/v2\/types\/product"}],"replies":[{"embeddable":true,"href":"https:\/\/skbutik.com\/en\/wp-json\/wp\/v2\/comments?post=4423"}],"wp:featuredmedia":[{"embeddable":true,"href":"https:\/\/skbutik.com\/en\/wp-json\/wp\/v2\/media\/4417"}],"wp:attachment":[{"href":"https:\/\/skbutik.com\/en\/wp-json\/wp\/v2\/media?parent=4423"}],"wp:term":[{"taxonomy":"product_brand","embeddable":true,"href":"https:\/\/skbutik.com\/en\/wp-json\/wp\/v2\/product_brand?post=4423"},{"taxonomy":"product_cat","embeddable":true,"href":"https:\/\/skbutik.com\/en\/wp-json\/wp\/v2\/product_cat?post=4423"},{"taxonomy":"product_tag","embeddable":true,"href":"https:\/\/skbutik.com\/en\/wp-json\/wp\/v2\/product_tag?post=4423"}],"curies":[{"name":"wp","href":"https:\/\/api.w.org\/{rel}","templated":true}]}}