{"id":4416,"date":"2026-03-05T13:39:12","date_gmt":"2026-03-05T10:39:12","guid":{"rendered":"https:\/\/skbutik.com\/?post_type=product&#038;p=4416"},"modified":"2026-04-24T16:11:19","modified_gmt":"2026-04-24T13:11:19","slug":"26y1319-file-pantolon-etek","status":"publish","type":"product","link":"https:\/\/skbutik.com\/en\/product\/26y1319-file-pantolon-etek\/","title":{"rendered":"26Y1319 F\u0130LE PANTOLON ETEK"},"content":{"rendered":"<p><span data-path-to-node=\"10,1,1,0\">\u00dcstteki saten\/mat kuma\u015f ile alttaki file dokusunun z\u0131tl\u0131\u011f\u0131, kombini &#8220;pahal\u0131 ve tasar\u0131m&#8221; g\u00f6sterir .<\/span><span data-path-to-node=\"10,2,1,0\">\u00dcstteki hacim, alttaki d\u00f6k\u00fcml\u00fc yap\u0131yla dengelenir; bu da boyu daha uzun ve\u00a0 sil\u00fceti\u00a0 daha ince g\u00f6sterir. <\/span><span data-path-to-node=\"10,3,1,0\">Ayr\u0131 ayr\u0131 \u00e7ok g\u00fc\u00e7l\u00fcler, birlikte ise rakipsizler.&#8221; M\u00fc\u015fteriye kombin yapma zahmetinden kurtuldu\u011funu hissettirin.<\/span><\/p>","protected":false},"excerpt":{"rendered":"<p>\u00dcstteki saten\/mat kuma\u015f ile alttaki file dokusunun z\u0131tl\u0131\u011f\u0131, kombini &#8220;pahal\u0131 ve tasar\u0131m&#8221; g\u00f6sterir .\u00dcstteki hacim, alttaki d\u00f6k\u00fcml\u00fc yap\u0131yla dengelenir; bu<\/p>","protected":false},"featured_media":4417,"comment_status":"open","ping_status":"closed","template":"","meta":[],"product_brand":[],"product_cat":[167],"product_tag":[],"class_list":{"0":"post-4416","1":"product","2":"type-product","3":"status-publish","4":"has-post-thumbnail","6":"product_cat-gunluk-siklik","7":"pa_beden-30","8":"pa_beden-31","9":"pa_beden-32","10":"pa_beden-33","11":"pa_beden-125","13":"first","14":"instock","15":"taxable","16":"shipping-taxable","17":"purchasable","18":"product-type-variable"},"_links":{"self":[{"href":"https:\/\/skbutik.com\/en\/wp-json\/wp\/v2\/product\/4416","targetHints":{"allow":["GET"]}}],"collection":[{"href":"https:\/\/skbutik.com\/en\/wp-json\/wp\/v2\/product"}],"about":[{"href":"https:\/\/skbutik.com\/en\/wp-json\/wp\/v2\/types\/product"}],"replies":[{"embeddable":true,"href":"https:\/\/skbutik.com\/en\/wp-json\/wp\/v2\/comments?post=4416"}],"wp:featuredmedia":[{"embeddable":true,"href":"https:\/\/skbutik.com\/en\/wp-json\/wp\/v2\/media\/4417"}],"wp:attachment":[{"href":"https:\/\/skbutik.com\/en\/wp-json\/wp\/v2\/media?parent=4416"}],"wp:term":[{"taxonomy":"product_brand","embeddable":true,"href":"https:\/\/skbutik.com\/en\/wp-json\/wp\/v2\/product_brand?post=4416"},{"taxonomy":"product_cat","embeddable":true,"href":"https:\/\/skbutik.com\/en\/wp-json\/wp\/v2\/product_cat?post=4416"},{"taxonomy":"product_tag","embeddable":true,"href":"https:\/\/skbutik.com\/en\/wp-json\/wp\/v2\/product_tag?post=4416"}],"curies":[{"name":"wp","href":"https:\/\/api.w.org\/{rel}","templated":true}]}}