{"id":4408,"date":"2026-02-26T17:44:05","date_gmt":"2026-02-26T14:44:05","guid":{"rendered":"https:\/\/skbutik.com\/?post_type=product&#038;p=4408"},"modified":"2026-04-14T05:39:09","modified_gmt":"2026-04-14T02:39:09","slug":"4408","status":"publish","type":"product","link":"https:\/\/skbutik.com\/en\/product\/4408\/","title":{"rendered":"PARSON07"},"content":{"rendered":"<ul data-path-to-node=\"11\">\n<li>\n<p data-path-to-node=\"11,0,0\">G\u00f6\u011f\u00fcsten ete\u011fe kadar uzanan modern yaprak ve dal nak\u0131\u015flar\u0131.<\/p>\n<\/li>\n<li>\n<p data-path-to-node=\"11,1,0\"><b data-path-to-node=\"11,1,0\" data-index-in-node=\"0\">Kesim:<\/b> Modern ve ak\u0131\u015fkan kesimi sayesinde g\u00fcn boyu konfor ve hareket \u00f6zg\u00fcrl\u00fc\u011f\u00fc sa\u011flar.<\/p>\n<\/li>\n<li>\n<p data-path-to-node=\"11,2,0\"><b data-path-to-node=\"11,2,0\" data-index-in-node=\"0\">Stil \u00d6nerisi:<\/b> Sade bir \u015fal ve gold tak\u0131larla kombinleyerek &#8220;S.K.&#8221; tarz\u0131n\u0131 tamamlay\u0131n.<\/p>\n<\/li>\n<\/ul>","protected":false},"excerpt":{"rendered":"<p>G\u00f6\u011f\u00fcsten ete\u011fe kadar uzanan modern yaprak ve dal nak\u0131\u015flar\u0131. Kesim: Modern ve ak\u0131\u015fkan kesimi sayesinde g\u00fcn boyu konfor ve hareket<\/p>","protected":false},"featured_media":4409,"comment_status":"open","ping_status":"closed","template":"","meta":[],"product_brand":[],"product_cat":[167],"product_tag":[],"class_list":{"0":"post-4408","1":"product","2":"type-product","3":"status-publish","4":"has-post-thumbnail","6":"product_cat-gunluk-siklik","7":"pa_beden-30","8":"pa_beden-31","9":"pa_beden-32","10":"pa_beden-33","11":"pa_beden-125","13":"first","14":"instock","15":"taxable","16":"shipping-taxable","17":"purchasable","18":"product-type-variable"},"_links":{"self":[{"href":"https:\/\/skbutik.com\/en\/wp-json\/wp\/v2\/product\/4408","targetHints":{"allow":["GET"]}}],"collection":[{"href":"https:\/\/skbutik.com\/en\/wp-json\/wp\/v2\/product"}],"about":[{"href":"https:\/\/skbutik.com\/en\/wp-json\/wp\/v2\/types\/product"}],"replies":[{"embeddable":true,"href":"https:\/\/skbutik.com\/en\/wp-json\/wp\/v2\/comments?post=4408"}],"wp:featuredmedia":[{"embeddable":true,"href":"https:\/\/skbutik.com\/en\/wp-json\/wp\/v2\/media\/4409"}],"wp:attachment":[{"href":"https:\/\/skbutik.com\/en\/wp-json\/wp\/v2\/media?parent=4408"}],"wp:term":[{"taxonomy":"product_brand","embeddable":true,"href":"https:\/\/skbutik.com\/en\/wp-json\/wp\/v2\/product_brand?post=4408"},{"taxonomy":"product_cat","embeddable":true,"href":"https:\/\/skbutik.com\/en\/wp-json\/wp\/v2\/product_cat?post=4408"},{"taxonomy":"product_tag","embeddable":true,"href":"https:\/\/skbutik.com\/en\/wp-json\/wp\/v2\/product_tag?post=4408"}],"curies":[{"name":"wp","href":"https:\/\/api.w.org\/{rel}","templated":true}]}}