{"id":4399,"date":"2026-02-26T16:57:04","date_gmt":"2026-02-26T13:57:04","guid":{"rendered":"https:\/\/skbutik.com\/?post_type=product&#038;p=4399"},"modified":"2026-04-13T05:39:32","modified_gmt":"2026-04-13T02:39:32","slug":"parson-06","status":"publish","type":"product","link":"https:\/\/skbutik.com\/en\/product\/parson-06\/","title":{"rendered":"PARSON 06"},"content":{"rendered":"<blockquote data-path-to-node=\"9\">\n<ul data-path-to-node=\"9,2\">\n<li>\n<p data-path-to-node=\"9,2,0,0\">Ak\u0131\u015fkan, k\u0131r\u0131\u015fmaya dayan\u0131kl\u0131 krep doku.<\/p>\n<\/li>\n<li>\n<p data-path-to-node=\"9,2,1,0\"><b data-path-to-node=\"9,2,1,0\" data-index-in-node=\"0\">Detay:<\/b> \u00d6zel tasar\u0131m dikey nak\u0131\u015f i\u015fleme.<\/p>\n<\/li>\n<li>\n<p data-path-to-node=\"9,2,2,0\"><b data-path-to-node=\"9,2,2,0\" data-index-in-node=\"0\">Stil Notu:<\/b> Siyah\u0131n en asil tonuyla, her davette t\u00fcm g\u00f6zler \u00fczerinizde.<\/p>\n<\/li>\n<\/ul>\n<\/blockquote>\n<h4 data-path-to-node=\"10\"><\/h4>","protected":false},"excerpt":{"rendered":"<p>Ak\u0131\u015fkan, k\u0131r\u0131\u015fmaya dayan\u0131kl\u0131 krep doku. Detay: \u00d6zel tasar\u0131m dikey nak\u0131\u015f i\u015fleme. Stil Notu: Siyah\u0131n en asil tonuyla, her davette t\u00fcm<\/p>","protected":false},"featured_media":4400,"comment_status":"open","ping_status":"closed","template":"","meta":[],"product_brand":[],"product_cat":[167],"product_tag":[],"class_list":{"0":"post-4399","1":"product","2":"type-product","3":"status-publish","4":"has-post-thumbnail","6":"product_cat-gunluk-siklik","7":"pa_beden-30","8":"pa_beden-31","9":"pa_beden-32","10":"pa_beden-33","11":"pa_beden-125","12":"pa_beden-170","14":"first","15":"instock","16":"taxable","17":"shipping-taxable","18":"purchasable","19":"product-type-variable"},"_links":{"self":[{"href":"https:\/\/skbutik.com\/en\/wp-json\/wp\/v2\/product\/4399","targetHints":{"allow":["GET"]}}],"collection":[{"href":"https:\/\/skbutik.com\/en\/wp-json\/wp\/v2\/product"}],"about":[{"href":"https:\/\/skbutik.com\/en\/wp-json\/wp\/v2\/types\/product"}],"replies":[{"embeddable":true,"href":"https:\/\/skbutik.com\/en\/wp-json\/wp\/v2\/comments?post=4399"}],"wp:featuredmedia":[{"embeddable":true,"href":"https:\/\/skbutik.com\/en\/wp-json\/wp\/v2\/media\/4400"}],"wp:attachment":[{"href":"https:\/\/skbutik.com\/en\/wp-json\/wp\/v2\/media?parent=4399"}],"wp:term":[{"taxonomy":"product_brand","embeddable":true,"href":"https:\/\/skbutik.com\/en\/wp-json\/wp\/v2\/product_brand?post=4399"},{"taxonomy":"product_cat","embeddable":true,"href":"https:\/\/skbutik.com\/en\/wp-json\/wp\/v2\/product_cat?post=4399"},{"taxonomy":"product_tag","embeddable":true,"href":"https:\/\/skbutik.com\/en\/wp-json\/wp\/v2\/product_tag?post=4399"}],"curies":[{"name":"wp","href":"https:\/\/api.w.org\/{rel}","templated":true}]}}