{"id":4390,"date":"2026-02-26T16:51:24","date_gmt":"2026-02-26T13:51:24","guid":{"rendered":"https:\/\/skbutik.com\/?post_type=product&#038;p=4390"},"modified":"2026-04-13T05:42:25","modified_gmt":"2026-04-13T02:42:25","slug":"parson04-2","status":"publish","type":"product","link":"https:\/\/skbutik.com\/en\/product\/parson04-2\/","title":{"rendered":"PARSON05"},"content":{"rendered":"<ul data-path-to-node=\"5\">\n<li>\n<p data-path-to-node=\"5,0,0\">Birinci s\u0131n\u0131f, nefes alan d\u00f6k\u00fcml\u00fc kuma\u015f.<\/p>\n<\/li>\n<li>\n<p data-path-to-node=\"5,1,0\"><b data-path-to-node=\"5,1,0\" data-index-in-node=\"0\">Detay:<\/b> G\u00f6\u011f\u00fcs panelinde saten ge\u00e7i\u015fler ve \u00f6zel nak\u0131\u015f i\u015fleme.<\/p>\n<\/li>\n<li>\n<p data-path-to-node=\"5,2,0\"><b data-path-to-node=\"5,2,0\" data-index-in-node=\"0\">Kal\u0131p:<\/b> Konforlu ve geni\u015f kesim (Oversize \u015f\u0131kl\u0131\u011f\u0131).<\/p>\n<\/li>\n<\/ul>\n<blockquote data-path-to-node=\"6\">\n<p data-path-to-node=\"6,0\">&#8220;Zarafet, g\u00f6ze \u00e7arpmak de\u011fil, ak\u0131lda kalmakt\u0131r.&#8221;<\/p>\n<\/blockquote>","protected":false},"excerpt":{"rendered":"<p>Birinci s\u0131n\u0131f, nefes alan d\u00f6k\u00fcml\u00fc kuma\u015f. Detay: G\u00f6\u011f\u00fcs panelinde saten ge\u00e7i\u015fler ve \u00f6zel nak\u0131\u015f i\u015fleme. Kal\u0131p: Konforlu ve geni\u015f kesim<\/p>","protected":false},"featured_media":4391,"comment_status":"open","ping_status":"closed","template":"","meta":[],"product_brand":[],"product_cat":[167],"product_tag":[],"class_list":{"0":"post-4390","1":"product","2":"type-product","3":"status-publish","4":"has-post-thumbnail","6":"product_cat-gunluk-siklik","7":"pa_beden-30","8":"pa_beden-31","9":"pa_beden-32","10":"pa_beden-33","11":"pa_beden-125","12":"pa_beden-171","13":"pa_beden-172","15":"first","16":"instock","17":"taxable","18":"shipping-taxable","19":"purchasable","20":"product-type-variable"},"_links":{"self":[{"href":"https:\/\/skbutik.com\/en\/wp-json\/wp\/v2\/product\/4390","targetHints":{"allow":["GET"]}}],"collection":[{"href":"https:\/\/skbutik.com\/en\/wp-json\/wp\/v2\/product"}],"about":[{"href":"https:\/\/skbutik.com\/en\/wp-json\/wp\/v2\/types\/product"}],"replies":[{"embeddable":true,"href":"https:\/\/skbutik.com\/en\/wp-json\/wp\/v2\/comments?post=4390"}],"wp:featuredmedia":[{"embeddable":true,"href":"https:\/\/skbutik.com\/en\/wp-json\/wp\/v2\/media\/4391"}],"wp:attachment":[{"href":"https:\/\/skbutik.com\/en\/wp-json\/wp\/v2\/media?parent=4390"}],"wp:term":[{"taxonomy":"product_brand","embeddable":true,"href":"https:\/\/skbutik.com\/en\/wp-json\/wp\/v2\/product_brand?post=4390"},{"taxonomy":"product_cat","embeddable":true,"href":"https:\/\/skbutik.com\/en\/wp-json\/wp\/v2\/product_cat?post=4390"},{"taxonomy":"product_tag","embeddable":true,"href":"https:\/\/skbutik.com\/en\/wp-json\/wp\/v2\/product_tag?post=4390"}],"curies":[{"name":"wp","href":"https:\/\/api.w.org\/{rel}","templated":true}]}}