{"id":4386,"date":"2026-02-26T16:43:07","date_gmt":"2026-02-26T13:43:07","guid":{"rendered":"https:\/\/skbutik.com\/?post_type=product&#038;p=4386"},"modified":"2026-04-14T06:10:28","modified_gmt":"2026-04-14T03:10:28","slug":"parson04","status":"publish","type":"product","link":"https:\/\/skbutik.com\/en\/product\/parson04\/","title":{"rendered":"PARSON04"},"content":{"rendered":"<ul>\n<li>\n<p data-path-to-node=\"5,0,0\"><b data-path-to-node=\"5,0,0\" data-index-in-node=\"0\">:<\/b> Minimalist siyah\u0131n asaletini, kollardaki dantel ve deri g\u00f6r\u00fcn\u00fcml\u00fc detaylarla hareketlendiren \u00f6zg\u00fcn bir kesim.<\/p>\n<\/li>\n<li>\n<p data-path-to-node=\"5,1,0\"><b data-path-to-node=\"5,1,0\" data-index-in-node=\"0\">\u00c7ok Y\u00f6nl\u00fc Kullan\u0131m:<\/b> \u0130ster bir davette \u015f\u0131k bir topukluyla, ister g\u00fcnl\u00fck hayatta daha yal\u0131n bir kombinle tercih edilebilir.<\/p>\n<\/li>\n<li>\n<p data-path-to-node=\"5,2,0\"><b data-path-to-node=\"5,2,0\" data-index-in-node=\"0\">Premium Kuma\u015f:<\/b> Ak\u0131\u015fkan dokusu sayesinde g\u00fcn boyu konfor sa\u011flarken, formunu koruyan yap\u0131s\u0131yla her zaman \u00f6zenli bir g\u00f6r\u00fcn\u00fcm sunar.<\/p>\n<\/li>\n<\/ul>","protected":false},"excerpt":{"rendered":"<p>: Minimalist siyah\u0131n asaletini, kollardaki dantel ve deri g\u00f6r\u00fcn\u00fcml\u00fc detaylarla hareketlendiren \u00f6zg\u00fcn bir kesim. \u00c7ok Y\u00f6nl\u00fc Kullan\u0131m: \u0130ster bir davette<\/p>","protected":false},"featured_media":4387,"comment_status":"open","ping_status":"closed","template":"","meta":[],"product_brand":[],"product_cat":[167],"product_tag":[],"class_list":{"0":"post-4386","1":"product","2":"type-product","3":"status-publish","4":"has-post-thumbnail","6":"product_cat-gunluk-siklik","7":"pa_beden-29","8":"pa_beden-30","10":"first","11":"instock","12":"taxable","13":"shipping-taxable","14":"purchasable","15":"product-type-variable"},"_links":{"self":[{"href":"https:\/\/skbutik.com\/en\/wp-json\/wp\/v2\/product\/4386","targetHints":{"allow":["GET"]}}],"collection":[{"href":"https:\/\/skbutik.com\/en\/wp-json\/wp\/v2\/product"}],"about":[{"href":"https:\/\/skbutik.com\/en\/wp-json\/wp\/v2\/types\/product"}],"replies":[{"embeddable":true,"href":"https:\/\/skbutik.com\/en\/wp-json\/wp\/v2\/comments?post=4386"}],"wp:featuredmedia":[{"embeddable":true,"href":"https:\/\/skbutik.com\/en\/wp-json\/wp\/v2\/media\/4387"}],"wp:attachment":[{"href":"https:\/\/skbutik.com\/en\/wp-json\/wp\/v2\/media?parent=4386"}],"wp:term":[{"taxonomy":"product_brand","embeddable":true,"href":"https:\/\/skbutik.com\/en\/wp-json\/wp\/v2\/product_brand?post=4386"},{"taxonomy":"product_cat","embeddable":true,"href":"https:\/\/skbutik.com\/en\/wp-json\/wp\/v2\/product_cat?post=4386"},{"taxonomy":"product_tag","embeddable":true,"href":"https:\/\/skbutik.com\/en\/wp-json\/wp\/v2\/product_tag?post=4386"}],"curies":[{"name":"wp","href":"https:\/\/api.w.org\/{rel}","templated":true}]}}