{"id":4379,"date":"2026-02-26T16:17:35","date_gmt":"2026-02-26T13:17:35","guid":{"rendered":"https:\/\/skbutik.com\/?post_type=product&#038;p=4379"},"modified":"2026-04-14T06:10:13","modified_gmt":"2026-04-14T03:10:13","slug":"parson03","status":"publish","type":"product","link":"https:\/\/skbutik.com\/en\/product\/parson03\/","title":{"rendered":"PARSON03"},"content":{"rendered":"<blockquote data-path-to-node=\"8\">\n<p data-path-to-node=\"8,1\">Baz\u0131 par\u00e7alar sadece giyilmez, ta\u015f\u0131n\u0131r. Katmanl\u0131 asimetrik kesimi ve ince ta\u015f detaylar\u0131yla bu tasar\u0131m, sadeli\u011fin en y\u00fcksek formunu sunuyor. Davetlerde, \u00f6zel bulu\u015fmalarda ya da stilinizi konu\u015fturmak istedi\u011finiz her an yan\u0131n\u0131zda.<\/p>\n<ul data-path-to-node=\"8,2\">\n<li>\n<p data-path-to-node=\"8,2,0,0\">\u2728 <b data-path-to-node=\"8,2,0,0\" data-index-in-node=\"2\">Detay:<\/b> El i\u015f\u00e7ili\u011fi ince ta\u015f i\u015flemeler.<\/p>\n<\/li>\n<li>\n<p data-path-to-node=\"8,2,1,0\">\ud83d\udc57 <b data-path-to-node=\"8,2,1,0\" data-index-in-node=\"3\">Kal\u0131p:<\/b> Geni\u015f ve konforlu d\u00f6k\u00fcm.<\/p>\n<\/li>\n<li>\n<p data-path-to-node=\"8,2,2,0\">\ud83d\ude80 <b data-path-to-node=\"8,2,2,0\" data-index-in-node=\"3\">S\u0131n\u0131rl\u0131 Stok:<\/b> Bu \u00f6zel tasar\u0131m koleksiyonumuzun en nadide par\u00e7as\u0131d\u0131r.<\/p>\n<\/li>\n<\/ul>\n<\/blockquote>\n<h3 data-path-to-node=\"9\"><\/h3>","protected":false},"excerpt":{"rendered":"<p>Baz\u0131 par\u00e7alar sadece giyilmez, ta\u015f\u0131n\u0131r. Katmanl\u0131 asimetrik kesimi ve ince ta\u015f detaylar\u0131yla bu tasar\u0131m, sadeli\u011fin en y\u00fcksek formunu sunuyor. Davetlerde,<\/p>","protected":false},"featured_media":4380,"comment_status":"open","ping_status":"closed","template":"","meta":[],"product_brand":[],"product_cat":[167],"product_tag":[],"class_list":{"0":"post-4379","1":"product","2":"type-product","3":"status-publish","4":"has-post-thumbnail","6":"product_cat-gunluk-siklik","7":"pa_beden-30","8":"pa_beden-31","9":"pa_beden-32","10":"pa_beden-33","12":"first","13":"instock","14":"taxable","15":"shipping-taxable","16":"purchasable","17":"product-type-variable"},"_links":{"self":[{"href":"https:\/\/skbutik.com\/en\/wp-json\/wp\/v2\/product\/4379","targetHints":{"allow":["GET"]}}],"collection":[{"href":"https:\/\/skbutik.com\/en\/wp-json\/wp\/v2\/product"}],"about":[{"href":"https:\/\/skbutik.com\/en\/wp-json\/wp\/v2\/types\/product"}],"replies":[{"embeddable":true,"href":"https:\/\/skbutik.com\/en\/wp-json\/wp\/v2\/comments?post=4379"}],"wp:featuredmedia":[{"embeddable":true,"href":"https:\/\/skbutik.com\/en\/wp-json\/wp\/v2\/media\/4380"}],"wp:attachment":[{"href":"https:\/\/skbutik.com\/en\/wp-json\/wp\/v2\/media?parent=4379"}],"wp:term":[{"taxonomy":"product_brand","embeddable":true,"href":"https:\/\/skbutik.com\/en\/wp-json\/wp\/v2\/product_brand?post=4379"},{"taxonomy":"product_cat","embeddable":true,"href":"https:\/\/skbutik.com\/en\/wp-json\/wp\/v2\/product_cat?post=4379"},{"taxonomy":"product_tag","embeddable":true,"href":"https:\/\/skbutik.com\/en\/wp-json\/wp\/v2\/product_tag?post=4379"}],"curies":[{"name":"wp","href":"https:\/\/api.w.org\/{rel}","templated":true}]}}