{"id":4371,"date":"2026-02-26T16:08:54","date_gmt":"2026-02-26T13:08:54","guid":{"rendered":"https:\/\/skbutik.com\/?post_type=product&#038;p=4371"},"modified":"2026-04-12T19:14:06","modified_gmt":"2026-04-12T16:14:06","slug":"parson02","status":"publish","type":"product","link":"https:\/\/skbutik.com\/en\/product\/parson02\/","title":{"rendered":"PARSON02"},"content":{"rendered":"<ul>\n<li>\n<p data-path-to-node=\"5,0,0\">\u00dcr\u00fcn\u00fcn kuma\u015f\u0131n\u0131n ak\u0131\u015fkanl\u0131\u011f\u0131n\u0131 ve d\u00f6k\u00fcm\u00fcn\u00fc \u00f6n plana \u00e7\u0131kar\u0131n. &#8220;\u00dczerinizde yokmu\u015f gibi hissettiren hafiflik, bak\u0131\u015flar\u0131 \u00fczerinizde toplayan asalet&#8221; slogan\u0131n\u0131 kullan\u0131n.<\/p>\n<\/li>\n<li>\n<p data-path-to-node=\"5,1,0\"><b data-path-to-node=\"5,1,0\" data-index-in-node=\"0\">Anahtar Kelime:<\/b> , d\u00f6k\u00fcml\u00fc, krep \u015fifon, zamans\u0131z par\u00e7a.<\/p>\n<\/li>\n<\/ul>","protected":false},"excerpt":{"rendered":"<p>\u00dcr\u00fcn\u00fcn kuma\u015f\u0131n\u0131n ak\u0131\u015fkanl\u0131\u011f\u0131n\u0131 ve d\u00f6k\u00fcm\u00fcn\u00fc \u00f6n plana \u00e7\u0131kar\u0131n. &#8220;\u00dczerinizde yokmu\u015f gibi hissettiren hafiflik, bak\u0131\u015flar\u0131 \u00fczerinizde toplayan asalet&#8221; slogan\u0131n\u0131 kullan\u0131n. Anahtar<\/p>","protected":false},"featured_media":4372,"comment_status":"open","ping_status":"closed","template":"","meta":[],"product_brand":[],"product_cat":[167],"product_tag":[],"class_list":{"0":"post-4371","1":"product","2":"type-product","3":"status-publish","4":"has-post-thumbnail","6":"product_cat-gunluk-siklik","7":"pa_beden-30","8":"pa_beden-31","9":"pa_beden-32","10":"pa_beden-33","11":"pa_beden-125","12":"pa_beden-171","14":"first","15":"instock","16":"taxable","17":"shipping-taxable","18":"purchasable","19":"product-type-variable"},"_links":{"self":[{"href":"https:\/\/skbutik.com\/en\/wp-json\/wp\/v2\/product\/4371","targetHints":{"allow":["GET"]}}],"collection":[{"href":"https:\/\/skbutik.com\/en\/wp-json\/wp\/v2\/product"}],"about":[{"href":"https:\/\/skbutik.com\/en\/wp-json\/wp\/v2\/types\/product"}],"replies":[{"embeddable":true,"href":"https:\/\/skbutik.com\/en\/wp-json\/wp\/v2\/comments?post=4371"}],"wp:featuredmedia":[{"embeddable":true,"href":"https:\/\/skbutik.com\/en\/wp-json\/wp\/v2\/media\/4372"}],"wp:attachment":[{"href":"https:\/\/skbutik.com\/en\/wp-json\/wp\/v2\/media?parent=4371"}],"wp:term":[{"taxonomy":"product_brand","embeddable":true,"href":"https:\/\/skbutik.com\/en\/wp-json\/wp\/v2\/product_brand?post=4371"},{"taxonomy":"product_cat","embeddable":true,"href":"https:\/\/skbutik.com\/en\/wp-json\/wp\/v2\/product_cat?post=4371"},{"taxonomy":"product_tag","embeddable":true,"href":"https:\/\/skbutik.com\/en\/wp-json\/wp\/v2\/product_tag?post=4371"}],"curies":[{"name":"wp","href":"https:\/\/api.w.org\/{rel}","templated":true}]}}