{"id":4365,"date":"2026-02-26T16:02:13","date_gmt":"2026-02-26T13:02:13","guid":{"rendered":"https:\/\/skbutik.com\/?post_type=product&#038;p=4365"},"modified":"2026-04-14T06:09:54","modified_gmt":"2026-04-14T03:09:54","slug":"parson01","status":"publish","type":"product","link":"https:\/\/skbutik.com\/en\/product\/parson01\/","title":{"rendered":"PARSON01"},"content":{"rendered":"<ul data-path-to-node=\"5\">\n<li>\n<p data-path-to-node=\"5,0,0\">\u00d6zel davetlere kat\u0131lan, cemiyet hayat\u0131n\u0131 takip eden, muhafazakar moda ikonlar\u0131 veya &#8220;statement&#8221; (iddial\u0131) giyinmeyi seven kad\u0131nlar.<\/p>\n<\/li>\n<li>\n<p data-path-to-node=\"5,1,0\"><b data-path-to-node=\"5,1,0\" data-index-in-node=\"0\">Mesaj:<\/b> &#8220;Girdi\u011finiz her ortamda bak\u0131\u015flar\u0131 \u00fczerinizde toplayacak tek bir par\u00e7a.&#8221;<\/p>\n<\/li>\n<\/ul>\n<h2 data-path-to-node=\"6\"><\/h2>","protected":false},"excerpt":{"rendered":"<p>\u00d6zel davetlere kat\u0131lan, cemiyet hayat\u0131n\u0131 takip eden, muhafazakar moda ikonlar\u0131 veya &#8220;statement&#8221; (iddial\u0131) giyinmeyi seven kad\u0131nlar. Mesaj: &#8220;Girdi\u011finiz her ortamda<\/p>","protected":false},"featured_media":4366,"comment_status":"open","ping_status":"closed","template":"","meta":[],"product_brand":[],"product_cat":[167],"product_tag":[],"class_list":{"0":"post-4365","1":"product","2":"type-product","3":"status-publish","4":"has-post-thumbnail","6":"product_cat-gunluk-siklik","7":"pa_beden-31","8":"pa_beden-32","9":"pa_beden-33","11":"first","12":"instock","13":"taxable","14":"shipping-taxable","15":"purchasable","16":"product-type-variable"},"_links":{"self":[{"href":"https:\/\/skbutik.com\/en\/wp-json\/wp\/v2\/product\/4365","targetHints":{"allow":["GET"]}}],"collection":[{"href":"https:\/\/skbutik.com\/en\/wp-json\/wp\/v2\/product"}],"about":[{"href":"https:\/\/skbutik.com\/en\/wp-json\/wp\/v2\/types\/product"}],"replies":[{"embeddable":true,"href":"https:\/\/skbutik.com\/en\/wp-json\/wp\/v2\/comments?post=4365"}],"wp:featuredmedia":[{"embeddable":true,"href":"https:\/\/skbutik.com\/en\/wp-json\/wp\/v2\/media\/4366"}],"wp:attachment":[{"href":"https:\/\/skbutik.com\/en\/wp-json\/wp\/v2\/media?parent=4365"}],"wp:term":[{"taxonomy":"product_brand","embeddable":true,"href":"https:\/\/skbutik.com\/en\/wp-json\/wp\/v2\/product_brand?post=4365"},{"taxonomy":"product_cat","embeddable":true,"href":"https:\/\/skbutik.com\/en\/wp-json\/wp\/v2\/product_cat?post=4365"},{"taxonomy":"product_tag","embeddable":true,"href":"https:\/\/skbutik.com\/en\/wp-json\/wp\/v2\/product_tag?post=4365"}],"curies":[{"name":"wp","href":"https:\/\/api.w.org\/{rel}","templated":true}]}}