{"id":4356,"date":"2026-02-24T17:09:20","date_gmt":"2026-02-24T14:09:20","guid":{"rendered":"https:\/\/skbutik.com\/?post_type=product&#038;p=4356"},"modified":"2026-04-14T05:58:46","modified_gmt":"2026-04-14T02:58:46","slug":"lacivert-l2805","status":"publish","type":"product","link":"https:\/\/skbutik.com\/en\/product\/lacivert-l2805\/","title":{"rendered":"LAC\u0130VERT TUN\u0130K  L2805"},"content":{"rendered":"<ul data-path-to-node=\"5\">\n<li>\n<p data-path-to-node=\"5,0,0\">Yan k\u0131s\u0131mda dikey uzanan \u00fc\u00e7l\u00fc papatya nak\u0131\u015f\u0131 ve \u0131\u015f\u0131lt\u0131l\u0131 detaylar.<\/p>\n<\/li>\n<li>\n<p data-path-to-node=\"5,1,0\">\u2728 <b data-path-to-node=\"5,1,0\" data-index-in-node=\"2\">Kal\u0131p:<\/b> Rahat kesim, geni\u015f kol a\u011f\u0131zlar\u0131 ile modern bir sil\u00fcet.<\/p>\n<\/li>\n<li>\n<p data-path-to-node=\"5,2,0\">\u2728 <b data-path-to-node=\"5,2,0\" data-index-in-node=\"2\">Detay:<\/b> Boydan d\u00fc\u011fmeli yap\u0131s\u0131 sayesinde ister kap ister tunik olarak kullanma kolayl\u0131\u011f\u0131.<\/p>\n<\/li>\n<li>\n<p data-path-to-node=\"5,3,0\">\u2728 <b data-path-to-node=\"5,3,0\" data-index-in-node=\"2\">Renk:<\/b> Mevsimsiz ve zay\u0131f g\u00f6steren koyu lacivert.<\/p>\n<\/li>\n<\/ul>\n<p data-path-to-node=\"6\">\ud83d\udcf8 <b data-path-to-node=\"6\" data-index-in-node=\"3\">Kombin \u00d6nerisi:<\/b> Beyaz veya siyah ispanyol pa\u00e7a pantolonlarla harika bir uyum yakalar!<\/p>\n<p data-path-to-node=\"7\">\ud83d\udecd\ufe0f <b data-path-to-node=\"7\" data-index-in-node=\"4\">Sipari\u015f ve Bilgi \u0130\u00e7in:<\/b> DM&#8217;den bize yazabilir veya sitemizi ziyaret edebilirsiniz.<\/p>","protected":false},"excerpt":{"rendered":"<p>Yan k\u0131s\u0131mda dikey uzanan \u00fc\u00e7l\u00fc papatya nak\u0131\u015f\u0131 ve \u0131\u015f\u0131lt\u0131l\u0131 detaylar. \u2728 Kal\u0131p: Rahat kesim, geni\u015f kol a\u011f\u0131zlar\u0131 ile modern bir<\/p>","protected":false},"featured_media":4357,"comment_status":"open","ping_status":"closed","template":"","meta":[],"product_brand":[],"product_cat":[167],"product_tag":[],"class_list":{"0":"post-4356","1":"product","2":"type-product","3":"status-publish","4":"has-post-thumbnail","6":"product_cat-gunluk-siklik","7":"pa_beden-30","8":"pa_beden-31","9":"pa_beden-32","10":"pa_beden-33","11":"pa_beden-125","12":"pa_beden-170","13":"pa_beden-171","15":"first","16":"instock","17":"taxable","18":"shipping-taxable","19":"purchasable","20":"product-type-variable"},"_links":{"self":[{"href":"https:\/\/skbutik.com\/en\/wp-json\/wp\/v2\/product\/4356","targetHints":{"allow":["GET"]}}],"collection":[{"href":"https:\/\/skbutik.com\/en\/wp-json\/wp\/v2\/product"}],"about":[{"href":"https:\/\/skbutik.com\/en\/wp-json\/wp\/v2\/types\/product"}],"replies":[{"embeddable":true,"href":"https:\/\/skbutik.com\/en\/wp-json\/wp\/v2\/comments?post=4356"}],"wp:featuredmedia":[{"embeddable":true,"href":"https:\/\/skbutik.com\/en\/wp-json\/wp\/v2\/media\/4357"}],"wp:attachment":[{"href":"https:\/\/skbutik.com\/en\/wp-json\/wp\/v2\/media?parent=4356"}],"wp:term":[{"taxonomy":"product_brand","embeddable":true,"href":"https:\/\/skbutik.com\/en\/wp-json\/wp\/v2\/product_brand?post=4356"},{"taxonomy":"product_cat","embeddable":true,"href":"https:\/\/skbutik.com\/en\/wp-json\/wp\/v2\/product_cat?post=4356"},{"taxonomy":"product_tag","embeddable":true,"href":"https:\/\/skbutik.com\/en\/wp-json\/wp\/v2\/product_tag?post=4356"}],"curies":[{"name":"wp","href":"https:\/\/api.w.org\/{rel}","templated":true}]}}