{"id":4346,"date":"2026-02-24T17:03:49","date_gmt":"2026-02-24T14:03:49","guid":{"rendered":"https:\/\/skbutik.com\/?post_type=product&#038;p=4346"},"modified":"2026-04-12T19:02:28","modified_gmt":"2026-04-12T16:02:28","slug":"kahve-l2883","status":"publish","type":"product","link":"https:\/\/skbutik.com\/en\/product\/kahve-l2883\/","title":{"rendered":"KAHVE TUN\u0130K L2883"},"content":{"rendered":"<ul>\n<li>\n<p data-path-to-node=\"5,0,0\"><b data-path-to-node=\"5,0,0\" data-index-in-node=\"2\">Kuma\u015f:<\/b> Premium B\u00fcr\u00fcmc\u00fck (\u00dct\u00fc gerektirmez, terletmez)<\/p>\n<\/li>\n<li>\n<p data-path-to-node=\"5,1,0\">\u2728 <b data-path-to-node=\"5,1,0\" data-index-in-node=\"2\">Detay:<\/b> \u015e\u0131k g\u00f6\u011f\u00fcs cebi ve metalik aksesuar dokunu\u015fu<\/p>\n<\/li>\n<li>\n<p data-path-to-node=\"5,2,0\">\u2728 <b data-path-to-node=\"5,2,0\" data-index-in-node=\"2\">Kal\u0131p:<\/b> Rahat kesim, her bedene uyumlu zarif duru\u015f<\/p>\n<\/li>\n<li>\n<p data-path-to-node=\"5,3,0\">\n<\/li>\n<\/ul>","protected":false},"excerpt":{"rendered":"<p>Kuma\u015f: Premium B\u00fcr\u00fcmc\u00fck (\u00dct\u00fc gerektirmez, terletmez) \u2728 Detay: \u015e\u0131k g\u00f6\u011f\u00fcs cebi ve metalik aksesuar dokunu\u015fu \u2728 Kal\u0131p: Rahat kesim, her<\/p>","protected":false},"featured_media":4347,"comment_status":"open","ping_status":"closed","template":"","meta":[],"product_brand":[],"product_cat":[167],"product_tag":[],"class_list":{"0":"post-4346","1":"product","2":"type-product","3":"status-publish","4":"has-post-thumbnail","6":"product_cat-gunluk-siklik","7":"pa_beden-30","8":"pa_beden-31","9":"pa_beden-32","10":"pa_beden-33","11":"pa_beden-125","12":"pa_beden-170","13":"pa_beden-171","14":"pa_beden-172","16":"first","17":"instock","18":"taxable","19":"shipping-taxable","20":"purchasable","21":"product-type-variable"},"_links":{"self":[{"href":"https:\/\/skbutik.com\/en\/wp-json\/wp\/v2\/product\/4346","targetHints":{"allow":["GET"]}}],"collection":[{"href":"https:\/\/skbutik.com\/en\/wp-json\/wp\/v2\/product"}],"about":[{"href":"https:\/\/skbutik.com\/en\/wp-json\/wp\/v2\/types\/product"}],"replies":[{"embeddable":true,"href":"https:\/\/skbutik.com\/en\/wp-json\/wp\/v2\/comments?post=4346"}],"wp:featuredmedia":[{"embeddable":true,"href":"https:\/\/skbutik.com\/en\/wp-json\/wp\/v2\/media\/4347"}],"wp:attachment":[{"href":"https:\/\/skbutik.com\/en\/wp-json\/wp\/v2\/media?parent=4346"}],"wp:term":[{"taxonomy":"product_brand","embeddable":true,"href":"https:\/\/skbutik.com\/en\/wp-json\/wp\/v2\/product_brand?post=4346"},{"taxonomy":"product_cat","embeddable":true,"href":"https:\/\/skbutik.com\/en\/wp-json\/wp\/v2\/product_cat?post=4346"},{"taxonomy":"product_tag","embeddable":true,"href":"https:\/\/skbutik.com\/en\/wp-json\/wp\/v2\/product_tag?post=4346"}],"curies":[{"name":"wp","href":"https:\/\/api.w.org\/{rel}","templated":true}]}}