{"id":4337,"date":"2026-02-24T16:50:04","date_gmt":"2026-02-24T13:50:04","guid":{"rendered":"https:\/\/skbutik.com\/?post_type=product&#038;p=4337"},"modified":"2026-04-13T05:45:45","modified_gmt":"2026-04-13T02:45:45","slug":"siyah-l9003","status":"publish","type":"product","link":"https:\/\/skbutik.com\/en\/product\/siyah-l9003\/","title":{"rendered":"S\u0130YAH G\u00d6MLEK  L9003"},"content":{"rendered":"<ul>\n<li>\n<p data-path-to-node=\"5,0,0\">Kuma\u015f\u0131n mat olmayan, hafif simli veya satenimsi parlakl\u0131\u011f\u0131na dikkat \u00e7ekin. Bu, \u00fcr\u00fcn\u00fc s\u0131radan bir siyah bluzdan ay\u0131r\u0131p &#8220;\u00f6zel g\u00fcn\/ak\u015fam \u015f\u0131kl\u0131\u011f\u0131&#8221; kategorisine ta\u015f\u0131r.<\/p>\n<\/li>\n<li>\n<p data-path-to-node=\"5,1,0\"><b data-path-to-node=\"5,1,0\" data-index-in-node=\"0\">Bro\u015f Detay\u0131:<\/b> Yaka k\u0131sm\u0131ndaki halka ve inci detayl\u0131 bro\u015fun, ekstra aksesuar ihtiyac\u0131n\u0131 ortadan kald\u0131ran bir zarafet sundu\u011funu belirtin.<\/p>\n<\/li>\n<\/ul>","protected":false},"excerpt":{"rendered":"<p>Kuma\u015f\u0131n mat olmayan, hafif simli veya satenimsi parlakl\u0131\u011f\u0131na dikkat \u00e7ekin. Bu, \u00fcr\u00fcn\u00fc s\u0131radan bir siyah bluzdan ay\u0131r\u0131p &#8220;\u00f6zel g\u00fcn\/ak\u015fam \u015f\u0131kl\u0131\u011f\u0131&#8221;<\/p>","protected":false},"featured_media":4338,"comment_status":"open","ping_status":"closed","template":"","meta":[],"product_brand":[],"product_cat":[167],"product_tag":[],"class_list":{"0":"post-4337","1":"product","2":"type-product","3":"status-publish","4":"has-post-thumbnail","6":"product_cat-gunluk-siklik","7":"pa_beden-30","8":"pa_beden-31","9":"pa_beden-32","10":"pa_beden-33","11":"pa_beden-125","12":"pa_beden-170","13":"pa_beden-171","15":"first","16":"instock","17":"taxable","18":"shipping-taxable","19":"purchasable","20":"product-type-variable"},"_links":{"self":[{"href":"https:\/\/skbutik.com\/en\/wp-json\/wp\/v2\/product\/4337","targetHints":{"allow":["GET"]}}],"collection":[{"href":"https:\/\/skbutik.com\/en\/wp-json\/wp\/v2\/product"}],"about":[{"href":"https:\/\/skbutik.com\/en\/wp-json\/wp\/v2\/types\/product"}],"replies":[{"embeddable":true,"href":"https:\/\/skbutik.com\/en\/wp-json\/wp\/v2\/comments?post=4337"}],"wp:featuredmedia":[{"embeddable":true,"href":"https:\/\/skbutik.com\/en\/wp-json\/wp\/v2\/media\/4338"}],"wp:attachment":[{"href":"https:\/\/skbutik.com\/en\/wp-json\/wp\/v2\/media?parent=4337"}],"wp:term":[{"taxonomy":"product_brand","embeddable":true,"href":"https:\/\/skbutik.com\/en\/wp-json\/wp\/v2\/product_brand?post=4337"},{"taxonomy":"product_cat","embeddable":true,"href":"https:\/\/skbutik.com\/en\/wp-json\/wp\/v2\/product_cat?post=4337"},{"taxonomy":"product_tag","embeddable":true,"href":"https:\/\/skbutik.com\/en\/wp-json\/wp\/v2\/product_tag?post=4337"}],"curies":[{"name":"wp","href":"https:\/\/api.w.org\/{rel}","templated":true}]}}