{"id":4327,"date":"2026-02-24T16:23:52","date_gmt":"2026-02-24T13:23:52","guid":{"rendered":"https:\/\/skbutik.com\/?post_type=product&#038;p=4327"},"modified":"2026-04-14T05:55:20","modified_gmt":"2026-04-14T02:55:20","slug":"kahve-l2853","status":"publish","type":"product","link":"https:\/\/skbutik.com\/en\/product\/kahve-l2853\/","title":{"rendered":"KAHVE \u0130K\u0130L\u0130 TAKIM L2853"},"content":{"rendered":"<ul>\n<li>\n<p data-path-to-node=\"5,0,0\">\u00dct\u00fc gerektirmeyen, modern krink\u0131l (pilise g\u00f6r\u00fcn\u00fcml\u00fc) dokusuyla her zaman taze ve \u00f6zenli bir g\u00f6r\u00fcn\u00fcm sunar.<\/p>\n<\/li>\n<li>\n<p data-path-to-node=\"5,1,0\"><b data-path-to-node=\"5,1,0\" data-index-in-node=\"0\">Modern Sil\u00fcet:<\/b> Uzun tunik kesimi ve uyumlu pantolonuyla boyunuzu daha uzun, sil\u00fcetinizi daha zarif g\u00f6sterir.<\/p>\n<\/li>\n<\/ul>","protected":false},"excerpt":{"rendered":"<p>\u00dct\u00fc gerektirmeyen, modern krink\u0131l (pilise g\u00f6r\u00fcn\u00fcml\u00fc) dokusuyla her zaman taze ve \u00f6zenli bir g\u00f6r\u00fcn\u00fcm sunar. Modern Sil\u00fcet: Uzun tunik kesimi<\/p>","protected":false},"featured_media":4336,"comment_status":"open","ping_status":"closed","template":"","meta":[],"product_brand":[],"product_cat":[167],"product_tag":[],"class_list":{"0":"post-4327","1":"product","2":"type-product","3":"status-publish","4":"has-post-thumbnail","6":"product_cat-gunluk-siklik","7":"pa_beden-30","8":"pa_beden-31","9":"pa_beden-32","10":"pa_beden-33","11":"pa_beden-125","12":"pa_beden-170","13":"pa_beden-171","14":"pa_beden-172","16":"first","17":"instock","18":"taxable","19":"shipping-taxable","20":"purchasable","21":"product-type-variable"},"_links":{"self":[{"href":"https:\/\/skbutik.com\/en\/wp-json\/wp\/v2\/product\/4327","targetHints":{"allow":["GET"]}}],"collection":[{"href":"https:\/\/skbutik.com\/en\/wp-json\/wp\/v2\/product"}],"about":[{"href":"https:\/\/skbutik.com\/en\/wp-json\/wp\/v2\/types\/product"}],"replies":[{"embeddable":true,"href":"https:\/\/skbutik.com\/en\/wp-json\/wp\/v2\/comments?post=4327"}],"wp:featuredmedia":[{"embeddable":true,"href":"https:\/\/skbutik.com\/en\/wp-json\/wp\/v2\/media\/4336"}],"wp:attachment":[{"href":"https:\/\/skbutik.com\/en\/wp-json\/wp\/v2\/media?parent=4327"}],"wp:term":[{"taxonomy":"product_brand","embeddable":true,"href":"https:\/\/skbutik.com\/en\/wp-json\/wp\/v2\/product_brand?post=4327"},{"taxonomy":"product_cat","embeddable":true,"href":"https:\/\/skbutik.com\/en\/wp-json\/wp\/v2\/product_cat?post=4327"},{"taxonomy":"product_tag","embeddable":true,"href":"https:\/\/skbutik.com\/en\/wp-json\/wp\/v2\/product_tag?post=4327"}],"curies":[{"name":"wp","href":"https:\/\/api.w.org\/{rel}","templated":true}]}}