{"id":4312,"date":"2026-02-24T15:57:27","date_gmt":"2026-02-24T12:57:27","guid":{"rendered":"https:\/\/skbutik.com\/?post_type=product&#038;p=4312"},"modified":"2026-04-13T05:16:29","modified_gmt":"2026-04-13T02:16:29","slug":"ceremoni26y916","status":"publish","type":"product","link":"https:\/\/skbutik.com\/en\/product\/ceremoni26y916\/","title":{"rendered":"CEREMON\u013026Y916"},"content":{"rendered":"<ul data-path-to-node=\"4\">\n<li>\n<p data-path-to-node=\"4,0,0\"><b data-path-to-node=\"4,0,0\" data-index-in-node=\"0\">:<\/b> G\u00f6r\u00fcnt\u00fcdeki d\u00f6k\u00fcml\u00fc ve hafif dokulu kuma\u015f, &#8220;\u00fczerinizde yokmu\u015f gibi&#8221; hissettiren bir rahatl\u0131k sunuyor. Bunu mutlaka vurgulay\u0131n.<\/p>\n<\/li>\n<li>\n<p data-path-to-node=\"4,1,0\"><b data-path-to-node=\"4,1,0\" data-index-in-node=\"0\">Renk Avantaj\u0131:<\/b> Antrasit\/Ac\u0131 Kahve tonu, her ten rengine uyum sa\u011flar ve aksesuarlarla (alt\u0131n veya g\u00fcm\u00fc\u015f) kolayca zenginle\u015ftirilebilir.<\/p>\n<\/li>\n<\/ul>","protected":false},"excerpt":{"rendered":"<p>: G\u00f6r\u00fcnt\u00fcdeki d\u00f6k\u00fcml\u00fc ve hafif dokulu kuma\u015f, &#8220;\u00fczerinizde yokmu\u015f gibi&#8221; hissettiren bir rahatl\u0131k sunuyor. Bunu mutlaka vurgulay\u0131n. Renk Avantaj\u0131: Antrasit\/Ac\u0131<\/p>","protected":false},"featured_media":4313,"comment_status":"open","ping_status":"closed","template":"","meta":[],"product_brand":[],"product_cat":[167],"product_tag":[],"class_list":{"0":"post-4312","1":"product","2":"type-product","3":"status-publish","4":"has-post-thumbnail","6":"product_cat-gunluk-siklik","7":"pa_beden-29","8":"pa_beden-30","9":"pa_beden-31","10":"pa_beden-32","11":"pa_beden-33","12":"pa_beden-125","14":"first","15":"instock","16":"taxable","17":"shipping-taxable","18":"purchasable","19":"product-type-variable"},"_links":{"self":[{"href":"https:\/\/skbutik.com\/en\/wp-json\/wp\/v2\/product\/4312","targetHints":{"allow":["GET"]}}],"collection":[{"href":"https:\/\/skbutik.com\/en\/wp-json\/wp\/v2\/product"}],"about":[{"href":"https:\/\/skbutik.com\/en\/wp-json\/wp\/v2\/types\/product"}],"replies":[{"embeddable":true,"href":"https:\/\/skbutik.com\/en\/wp-json\/wp\/v2\/comments?post=4312"}],"wp:featuredmedia":[{"embeddable":true,"href":"https:\/\/skbutik.com\/en\/wp-json\/wp\/v2\/media\/4313"}],"wp:attachment":[{"href":"https:\/\/skbutik.com\/en\/wp-json\/wp\/v2\/media?parent=4312"}],"wp:term":[{"taxonomy":"product_brand","embeddable":true,"href":"https:\/\/skbutik.com\/en\/wp-json\/wp\/v2\/product_brand?post=4312"},{"taxonomy":"product_cat","embeddable":true,"href":"https:\/\/skbutik.com\/en\/wp-json\/wp\/v2\/product_cat?post=4312"},{"taxonomy":"product_tag","embeddable":true,"href":"https:\/\/skbutik.com\/en\/wp-json\/wp\/v2\/product_tag?post=4312"}],"curies":[{"name":"wp","href":"https:\/\/api.w.org\/{rel}","templated":true}]}}