{"id":4289,"date":"2026-02-13T16:27:16","date_gmt":"2026-02-13T13:27:16","guid":{"rendered":"https:\/\/skbutik.com\/?post_type=product&#038;p=4289"},"modified":"2026-03-26T17:36:28","modified_gmt":"2026-03-26T14:36:28","slug":"5710siyah","status":"publish","type":"product","link":"https:\/\/skbutik.com\/en\/product\/5710siyah\/","title":{"rendered":"MY312 ELB\u0130SE 5710"},"content":{"rendered":"<p data-path-to-node=\"6\">S\u0131radan bir siyah elbiseden \u00e7ok daha fazlas\u0131! Yanlardaki kat kat volan detaylar\u0131yla hareket kazanan, yakas\u0131ndaki ve man\u015fetlerindeki kristal i\u015flemelerle m\u00fccevher \u015f\u0131kl\u0131\u011f\u0131 sunan bu par\u00e7a, gard\u0131robunuzun en \u00f6zel \u00fcyesi olmaya aday.<\/p>\n<ul data-path-to-node=\"7\">\n<li>\n<p data-path-to-node=\"7,0,0\"><b data-path-to-node=\"7,0,0\" data-index-in-node=\"0\">Stil Vurgusu:<\/b> Bel hatt\u0131n\u0131 ortaya \u00e7\u0131karan \u00f6zel kesim ve romantik volanlar.<\/p>\n<\/li>\n<li>\n<p data-path-to-node=\"7,1,0\"><b data-path-to-node=\"7,1,0\" data-index-in-node=\"0\">I\u015f\u0131lt\u0131:<\/b> Kendi tak\u0131s\u0131n\u0131 \u00fczerinde ta\u015f\u0131yan, kristal ta\u015fl\u0131 yaka ve man\u015fet tasar\u0131m\u0131.<\/p>\n<\/li>\n<li>\n<p data-path-to-node=\"7,2,0\"><b data-path-to-node=\"7,2,0\" data-index-in-node=\"0\">Kuma\u015f:<\/b> I\u015f\u0131\u011f\u0131 hafif\u00e7e yans\u0131tan l\u00fcks doku.<\/p>\n<\/li>\n<\/ul>","protected":false},"excerpt":{"rendered":"<p>S\u0131radan bir siyah elbiseden \u00e7ok daha fazlas\u0131! Yanlardaki kat kat volan detaylar\u0131yla hareket kazanan, yakas\u0131ndaki ve man\u015fetlerindeki kristal i\u015flemelerle m\u00fccevher<\/p>","protected":false},"featured_media":4290,"comment_status":"open","ping_status":"closed","template":"","meta":[],"product_brand":[],"product_cat":[167],"product_tag":[],"class_list":{"0":"post-4289","1":"product","2":"type-product","3":"status-publish","4":"has-post-thumbnail","6":"product_cat-gunluk-siklik","7":"pa_beden-30","8":"pa_beden-31","9":"pa_beden-32","10":"pa_beden-33","12":"first","13":"instock","14":"taxable","15":"shipping-taxable","16":"purchasable","17":"product-type-variable"},"_links":{"self":[{"href":"https:\/\/skbutik.com\/en\/wp-json\/wp\/v2\/product\/4289","targetHints":{"allow":["GET"]}}],"collection":[{"href":"https:\/\/skbutik.com\/en\/wp-json\/wp\/v2\/product"}],"about":[{"href":"https:\/\/skbutik.com\/en\/wp-json\/wp\/v2\/types\/product"}],"replies":[{"embeddable":true,"href":"https:\/\/skbutik.com\/en\/wp-json\/wp\/v2\/comments?post=4289"}],"wp:featuredmedia":[{"embeddable":true,"href":"https:\/\/skbutik.com\/en\/wp-json\/wp\/v2\/media\/4290"}],"wp:attachment":[{"href":"https:\/\/skbutik.com\/en\/wp-json\/wp\/v2\/media?parent=4289"}],"wp:term":[{"taxonomy":"product_brand","embeddable":true,"href":"https:\/\/skbutik.com\/en\/wp-json\/wp\/v2\/product_brand?post=4289"},{"taxonomy":"product_cat","embeddable":true,"href":"https:\/\/skbutik.com\/en\/wp-json\/wp\/v2\/product_cat?post=4289"},{"taxonomy":"product_tag","embeddable":true,"href":"https:\/\/skbutik.com\/en\/wp-json\/wp\/v2\/product_tag?post=4289"}],"curies":[{"name":"wp","href":"https:\/\/api.w.org\/{rel}","templated":true}]}}