{"id":4283,"date":"2026-02-13T16:07:45","date_gmt":"2026-02-13T13:07:45","guid":{"rendered":"https:\/\/skbutik.com\/?post_type=product&#038;p=4283"},"modified":"2026-04-14T05:41:15","modified_gmt":"2026-04-14T02:41:15","slug":"5714kahve","status":"publish","type":"product","link":"https:\/\/skbutik.com\/en\/product\/5714kahve\/","title":{"rendered":"MY312 KAHVE ELB\u0130SE 5714"},"content":{"rendered":"<ul data-path-to-node=\"7\">\n<li>\n<p data-path-to-node=\"7,0,0\">em ni\u015fan hem de se\u00e7kin ak\u015fam yemekleri i\u00e7in m\u00fckemmel bir tercih.<\/p>\n<\/li>\n<li>\n<p data-path-to-node=\"7,1,0\"><b data-path-to-node=\"7,1,0\" data-index-in-node=\"0\">Detay:<\/b> El i\u015f\u00e7ili\u011fi hissi veren ince dantel dokusu.<\/p>\n<\/li>\n<li>\n<p data-path-to-node=\"7,2,0\"><b data-path-to-node=\"7,2,0\" data-index-in-node=\"0\">Kombin:<\/b> Alt\u0131n tonlar\u0131nda ince bir topuklu ayakkab\u0131 ile g\u00f6r\u00fcn\u00fcm\u00fc tamamlay\u0131n.<\/p>\n<\/li>\n<\/ul>\n<p data-path-to-node=\"8\">\ud83d\udc49 <b data-path-to-node=\"8\" data-index-in-node=\"3\">SK Butik<\/b> kalitesiyle hemen ke\u015ffetmek i\u00e7in DM!<\/p>","protected":false},"excerpt":{"rendered":"<p>em ni\u015fan hem de se\u00e7kin ak\u015fam yemekleri i\u00e7in m\u00fckemmel bir tercih. Detay: El i\u015f\u00e7ili\u011fi hissi veren ince dantel dokusu. Kombin:<\/p>","protected":false},"featured_media":4284,"comment_status":"open","ping_status":"closed","template":"","meta":[],"product_brand":[],"product_cat":[167],"product_tag":[],"class_list":{"0":"post-4283","1":"product","2":"type-product","3":"status-publish","4":"has-post-thumbnail","6":"product_cat-gunluk-siklik","7":"pa_beden-30","8":"pa_beden-120","9":"pa_beden-31","10":"pa_beden-32","11":"pa_renk-siyah","13":"first","14":"instock","15":"taxable","16":"shipping-taxable","17":"purchasable","18":"product-type-variable"},"_links":{"self":[{"href":"https:\/\/skbutik.com\/en\/wp-json\/wp\/v2\/product\/4283","targetHints":{"allow":["GET"]}}],"collection":[{"href":"https:\/\/skbutik.com\/en\/wp-json\/wp\/v2\/product"}],"about":[{"href":"https:\/\/skbutik.com\/en\/wp-json\/wp\/v2\/types\/product"}],"replies":[{"embeddable":true,"href":"https:\/\/skbutik.com\/en\/wp-json\/wp\/v2\/comments?post=4283"}],"wp:featuredmedia":[{"embeddable":true,"href":"https:\/\/skbutik.com\/en\/wp-json\/wp\/v2\/media\/4284"}],"wp:attachment":[{"href":"https:\/\/skbutik.com\/en\/wp-json\/wp\/v2\/media?parent=4283"}],"wp:term":[{"taxonomy":"product_brand","embeddable":true,"href":"https:\/\/skbutik.com\/en\/wp-json\/wp\/v2\/product_brand?post=4283"},{"taxonomy":"product_cat","embeddable":true,"href":"https:\/\/skbutik.com\/en\/wp-json\/wp\/v2\/product_cat?post=4283"},{"taxonomy":"product_tag","embeddable":true,"href":"https:\/\/skbutik.com\/en\/wp-json\/wp\/v2\/product_tag?post=4283"}],"curies":[{"name":"wp","href":"https:\/\/api.w.org\/{rel}","templated":true}]}}