{"id":4265,"date":"2026-02-09T17:05:11","date_gmt":"2026-02-09T14:05:11","guid":{"rendered":"https:\/\/skbutik.com\/?post_type=product&#038;p=4265"},"modified":"2026-03-24T17:08:26","modified_gmt":"2026-03-24T14:08:26","slug":"s1606siyah","status":"publish","type":"product","link":"https:\/\/skbutik.com\/en\/product\/s1606siyah\/","title":{"rendered":"S\u0130YAH TAKIM S1606"},"content":{"rendered":"<p>&#8220;S1606 modelimizin en b\u00fcy\u00fcleyici yan\u0131, ceket ve etek u\u00e7lar\u0131ndaki o ince i\u015flenmi\u015f \u0131\u015f\u0131lt\u0131lar. Bu dikey i\u015flemeler hem boyunuzu daha uzun g\u00f6steriyor hem de siyah\u0131n asaletine sarayl\u0131 bir hava kat\u0131yor. Her ad\u0131mda parlayan, el i\u015f\u00e7ili\u011fi zarafeti!&#8221;<\/p>","protected":false},"excerpt":{"rendered":"<p>&#8220;S1606 modelimizin en b\u00fcy\u00fcleyici yan\u0131, ceket ve etek u\u00e7lar\u0131ndaki o ince i\u015flenmi\u015f \u0131\u015f\u0131lt\u0131lar. Bu dikey i\u015flemeler hem boyunuzu daha uzun<\/p>","protected":false},"featured_media":4266,"comment_status":"open","ping_status":"closed","template":"","meta":[],"product_brand":[],"product_cat":[167],"product_tag":[],"class_list":{"0":"post-4265","1":"product","2":"type-product","3":"status-publish","4":"has-post-thumbnail","6":"product_cat-gunluk-siklik","7":"pa_beden-30","8":"pa_beden-38-42","9":"pa_beden-31","10":"pa_beden-32","11":"pa_beden-33","13":"first","14":"instock","15":"taxable","16":"shipping-taxable","17":"purchasable","18":"product-type-variable"},"_links":{"self":[{"href":"https:\/\/skbutik.com\/en\/wp-json\/wp\/v2\/product\/4265","targetHints":{"allow":["GET"]}}],"collection":[{"href":"https:\/\/skbutik.com\/en\/wp-json\/wp\/v2\/product"}],"about":[{"href":"https:\/\/skbutik.com\/en\/wp-json\/wp\/v2\/types\/product"}],"replies":[{"embeddable":true,"href":"https:\/\/skbutik.com\/en\/wp-json\/wp\/v2\/comments?post=4265"}],"wp:featuredmedia":[{"embeddable":true,"href":"https:\/\/skbutik.com\/en\/wp-json\/wp\/v2\/media\/4266"}],"wp:attachment":[{"href":"https:\/\/skbutik.com\/en\/wp-json\/wp\/v2\/media?parent=4265"}],"wp:term":[{"taxonomy":"product_brand","embeddable":true,"href":"https:\/\/skbutik.com\/en\/wp-json\/wp\/v2\/product_brand?post=4265"},{"taxonomy":"product_cat","embeddable":true,"href":"https:\/\/skbutik.com\/en\/wp-json\/wp\/v2\/product_cat?post=4265"},{"taxonomy":"product_tag","embeddable":true,"href":"https:\/\/skbutik.com\/en\/wp-json\/wp\/v2\/product_tag?post=4265"}],"curies":[{"name":"wp","href":"https:\/\/api.w.org\/{rel}","templated":true}]}}