{"id":4259,"date":"2026-02-09T16:58:09","date_gmt":"2026-02-09T13:58:09","guid":{"rendered":"https:\/\/skbutik.com\/?post_type=product&#038;p=4259"},"modified":"2026-03-24T17:08:11","modified_gmt":"2026-03-24T14:08:11","slug":"s1602siyah","status":"publish","type":"product","link":"https:\/\/skbutik.com\/en\/product\/s1602siyah\/","title":{"rendered":"MY312 TASARIM TAKIM S1602"},"content":{"rendered":"<ul data-path-to-node=\"12\">\n<li>\n<p data-path-to-node=\"12,0,0\"><b data-path-to-node=\"12,0,0\" data-index-in-node=\"0\">Kombin \u00d6nerisi:<\/b> M\u00fc\u015fterinize, g\u00f6rseldeki gibi \u015f\u0131k bir topuklu ayakkab\u0131 ve gold detayl\u0131 aksesuarlarla gece davetlerine, daha sade par\u00e7alarla ise \u015f\u0131k ak\u015fam yemeklerine gidebilece\u011fini hat\u0131rlat\u0131n.<\/p>\n<\/li>\n<li>\n<p data-path-to-node=\"12,1,0\"><b data-path-to-node=\"12,1,0\" data-index-in-node=\"0\">S\u0131n\u0131rl\u0131 Stok Vurgusu:<\/b> &#8220;Bu modelimiz \u00f6zel bir seri oldu\u011fu i\u00e7in s\u0131n\u0131rl\u0131 say\u0131da \u00fcretildi&#8221; diyerek \u00fcr\u00fcn\u00fcn \u00f6zel olma durumunu peki\u015ftirebilirsiniz.<\/p>\n<\/li>\n<\/ul>\n<p data-path-to-node=\"13\">Bu \u00fcr\u00fcnle ilgili bir Instagram postu veya hikaye payla\u015f\u0131m\u0131 i\u00e7in etkileyici bir metin yazmam\u0131 ister misiniz?<\/p>","protected":false},"excerpt":{"rendered":"<p>Kombin \u00d6nerisi: M\u00fc\u015fterinize, g\u00f6rseldeki gibi \u015f\u0131k bir topuklu ayakkab\u0131 ve gold detayl\u0131 aksesuarlarla gece davetlerine, daha sade par\u00e7alarla ise \u015f\u0131k<\/p>","protected":false},"featured_media":4260,"comment_status":"open","ping_status":"closed","template":"","meta":[],"product_brand":[],"product_cat":[167],"product_tag":[],"class_list":{"0":"post-4259","1":"product","2":"type-product","3":"status-publish","4":"has-post-thumbnail","6":"product_cat-gunluk-siklik","7":"pa_beden-30","8":"pa_beden-31","9":"pa_beden-32","10":"pa_beden-33","12":"first","13":"instock","14":"taxable","15":"shipping-taxable","16":"purchasable","17":"product-type-variable"},"_links":{"self":[{"href":"https:\/\/skbutik.com\/en\/wp-json\/wp\/v2\/product\/4259","targetHints":{"allow":["GET"]}}],"collection":[{"href":"https:\/\/skbutik.com\/en\/wp-json\/wp\/v2\/product"}],"about":[{"href":"https:\/\/skbutik.com\/en\/wp-json\/wp\/v2\/types\/product"}],"replies":[{"embeddable":true,"href":"https:\/\/skbutik.com\/en\/wp-json\/wp\/v2\/comments?post=4259"}],"wp:featuredmedia":[{"embeddable":true,"href":"https:\/\/skbutik.com\/en\/wp-json\/wp\/v2\/media\/4260"}],"wp:attachment":[{"href":"https:\/\/skbutik.com\/en\/wp-json\/wp\/v2\/media?parent=4259"}],"wp:term":[{"taxonomy":"product_brand","embeddable":true,"href":"https:\/\/skbutik.com\/en\/wp-json\/wp\/v2\/product_brand?post=4259"},{"taxonomy":"product_cat","embeddable":true,"href":"https:\/\/skbutik.com\/en\/wp-json\/wp\/v2\/product_cat?post=4259"},{"taxonomy":"product_tag","embeddable":true,"href":"https:\/\/skbutik.com\/en\/wp-json\/wp\/v2\/product_tag?post=4259"}],"curies":[{"name":"wp","href":"https:\/\/api.w.org\/{rel}","templated":true}]}}