{"id":4252,"date":"2026-02-03T17:57:13","date_gmt":"2026-02-03T14:57:13","guid":{"rendered":"https:\/\/skbutik.com\/?post_type=product&#038;p=4252"},"modified":"2026-04-14T05:41:00","modified_gmt":"2026-04-14T02:41:00","slug":"5712siyah","status":"publish","type":"product","link":"https:\/\/skbutik.com\/en\/product\/5712siyah\/","title":{"rendered":"MY312 TASARIM ELB\u0130SE 5712"},"content":{"rendered":"<ul data-path-to-node=\"2\">\n<li>\n<p data-path-to-node=\"2,0,0\">Bel ve basen b\u00f6lgesindeki asimetrik drape ge\u00e7i\u015fleri, hem modern bir hava kat\u0131yor hem de kusurlar\u0131 gizleyerek zarif bir sil\u00fcet olu\u015fturuyor.<\/p>\n<\/li>\n<li>\n<p data-path-to-node=\"2,1,0\"><b data-path-to-node=\"2,1,0\" data-index-in-node=\"0\">Omuz Detay\u0131:<\/b> Omuzdaki kristal ta\u015fl\u0131 bro\u015f ve t\u00fcy detay\u0131, elbiseyi sade bir siyah elbiseden \u00e7\u0131kar\u0131p &#8220;gecenin y\u0131ld\u0131z\u0131&#8221; par\u00e7as\u0131na d\u00f6n\u00fc\u015ft\u00fcr\u00fcyor. Ekstra tak\u0131 ihtiyac\u0131n\u0131 ortadan kald\u0131r\u0131yor.<\/p>\n<\/li>\n<li>\n<p data-path-to-node=\"2,2,0\"><b data-path-to-node=\"2,2,0\" data-index-in-node=\"0\">Kuma\u015f ve Konfor:<\/b> Uzun kollu ve s\u0131f\u0131r yaka tasar\u0131m\u0131, serin ak\u015fam davetleri veya resmi organizasyonlar i\u00e7in hem asil hem de korunakl\u0131 bir se\u00e7enek sunuyor.<\/p>\n<\/li>\n<\/ul>","protected":false},"excerpt":{"rendered":"<p>Bel ve basen b\u00f6lgesindeki asimetrik drape ge\u00e7i\u015fleri, hem modern bir hava kat\u0131yor hem de kusurlar\u0131 gizleyerek zarif bir sil\u00fcet olu\u015fturuyor.<\/p>","protected":false},"featured_media":4253,"comment_status":"open","ping_status":"closed","template":"","meta":[],"product_brand":[],"product_cat":[167],"product_tag":[],"class_list":{"0":"post-4252","1":"product","2":"type-product","3":"status-publish","4":"has-post-thumbnail","6":"product_cat-gunluk-siklik","7":"pa_beden-30","8":"pa_beden-31","9":"pa_beden-32","10":"pa_beden-33","11":"pa_beden-125","13":"first","14":"instock","15":"taxable","16":"shipping-taxable","17":"purchasable","18":"product-type-variable"},"_links":{"self":[{"href":"https:\/\/skbutik.com\/en\/wp-json\/wp\/v2\/product\/4252","targetHints":{"allow":["GET"]}}],"collection":[{"href":"https:\/\/skbutik.com\/en\/wp-json\/wp\/v2\/product"}],"about":[{"href":"https:\/\/skbutik.com\/en\/wp-json\/wp\/v2\/types\/product"}],"replies":[{"embeddable":true,"href":"https:\/\/skbutik.com\/en\/wp-json\/wp\/v2\/comments?post=4252"}],"wp:featuredmedia":[{"embeddable":true,"href":"https:\/\/skbutik.com\/en\/wp-json\/wp\/v2\/media\/4253"}],"wp:attachment":[{"href":"https:\/\/skbutik.com\/en\/wp-json\/wp\/v2\/media?parent=4252"}],"wp:term":[{"taxonomy":"product_brand","embeddable":true,"href":"https:\/\/skbutik.com\/en\/wp-json\/wp\/v2\/product_brand?post=4252"},{"taxonomy":"product_cat","embeddable":true,"href":"https:\/\/skbutik.com\/en\/wp-json\/wp\/v2\/product_cat?post=4252"},{"taxonomy":"product_tag","embeddable":true,"href":"https:\/\/skbutik.com\/en\/wp-json\/wp\/v2\/product_tag?post=4252"}],"curies":[{"name":"wp","href":"https:\/\/api.w.org\/{rel}","templated":true}]}}