{"id":4245,"date":"2026-02-03T17:47:22","date_gmt":"2026-02-03T14:47:22","guid":{"rendered":"https:\/\/skbutik.com\/?post_type=product&#038;p=4245"},"modified":"2026-04-14T05:36:01","modified_gmt":"2026-04-14T02:36:01","slug":"1634lacivert","status":"publish","type":"product","link":"https:\/\/skbutik.com\/en\/product\/1634lacivert\/","title":{"rendered":"MY312 \u0130K\u0130L\u0130 TAKIM 1634"},"content":{"rendered":"<ul>\n<li>\n<p data-path-to-node=\"9,0,0\">modelindeki asimetrik tunik kesimi, kar\u0131n ve kal\u00e7a b\u00f6lgesini m\u00fckemmel bir \u015fekilde kamufle eder. Bu \u00f6zelli\u011fi &#8220;kesin \u00e7\u00f6z\u00fcm&#8221; olarak sunun.<\/p>\n<\/li>\n<li>\n<p data-path-to-node=\"9,1,0\"><b data-path-to-node=\"9,1,0\" data-index-in-node=\"0\">Boy Uzatma Etkisi:<\/b> 5726 modelindeki asimetrik volanlar, g\u00f6z\u00fc yukar\u0131dan a\u015fa\u011f\u0131ya do\u011fru \u00e7ekti\u011fi i\u00e7in boyu oldu\u011fundan daha uzun g\u00f6sterir.<\/p>\n<\/li>\n<\/ul>","protected":false},"excerpt":{"rendered":"<p>modelindeki asimetrik tunik kesimi, kar\u0131n ve kal\u00e7a b\u00f6lgesini m\u00fckemmel bir \u015fekilde kamufle eder. Bu \u00f6zelli\u011fi &#8220;kesin \u00e7\u00f6z\u00fcm&#8221; olarak sunun. Boy<\/p>","protected":false},"featured_media":4246,"comment_status":"open","ping_status":"closed","template":"","meta":[],"product_brand":[],"product_cat":[167],"product_tag":[],"class_list":{"0":"post-4245","1":"product","2":"type-product","3":"status-publish","4":"has-post-thumbnail","6":"product_cat-gunluk-siklik","7":"pa_beden-29","8":"pa_beden-30","9":"pa_beden-31","10":"pa_beden-32","11":"pa_beden-33","13":"first","14":"outofstock","15":"taxable","16":"shipping-taxable","17":"purchasable","18":"product-type-variable"},"_links":{"self":[{"href":"https:\/\/skbutik.com\/en\/wp-json\/wp\/v2\/product\/4245","targetHints":{"allow":["GET"]}}],"collection":[{"href":"https:\/\/skbutik.com\/en\/wp-json\/wp\/v2\/product"}],"about":[{"href":"https:\/\/skbutik.com\/en\/wp-json\/wp\/v2\/types\/product"}],"replies":[{"embeddable":true,"href":"https:\/\/skbutik.com\/en\/wp-json\/wp\/v2\/comments?post=4245"}],"wp:featuredmedia":[{"embeddable":true,"href":"https:\/\/skbutik.com\/en\/wp-json\/wp\/v2\/media\/4246"}],"wp:attachment":[{"href":"https:\/\/skbutik.com\/en\/wp-json\/wp\/v2\/media?parent=4245"}],"wp:term":[{"taxonomy":"product_brand","embeddable":true,"href":"https:\/\/skbutik.com\/en\/wp-json\/wp\/v2\/product_brand?post=4245"},{"taxonomy":"product_cat","embeddable":true,"href":"https:\/\/skbutik.com\/en\/wp-json\/wp\/v2\/product_cat?post=4245"},{"taxonomy":"product_tag","embeddable":true,"href":"https:\/\/skbutik.com\/en\/wp-json\/wp\/v2\/product_tag?post=4245"}],"curies":[{"name":"wp","href":"https:\/\/api.w.org\/{rel}","templated":true}]}}