{"id":4231,"date":"2026-02-03T17:18:00","date_gmt":"2026-02-03T14:18:00","guid":{"rendered":"https:\/\/skbutik.com\/?post_type=product&#038;p=4231"},"modified":"2026-03-26T17:37:41","modified_gmt":"2026-03-26T14:37:41","slug":"5726kahve","status":"publish","type":"product","link":"https:\/\/skbutik.com\/en\/product\/5726kahve\/","title":{"rendered":"MY312 KAHVE ELB\u0130SE 5726"},"content":{"rendered":"<p data-path-to-node=\"2\">Elbisenin y\u00fcksek yakas\u0131, omuz yap\u0131s\u0131 ve kuma\u015f\u0131ndaki kendinden desenli doku, saray \u015f\u0131kl\u0131\u011f\u0131n\u0131 modern bir \u00e7izgide birle\u015ftiriyor.<\/p>\n<ul data-path-to-node=\"3\">\n<li>\n<p data-path-to-node=\"3,0,0\"><b data-path-to-node=\"3,0,0\" data-index-in-node=\"0\">Taktik:<\/b> M\u00fc\u015fteriye &#8220;s\u0131radan bir davet elbisesi de\u011fil, bir duru\u015f sergileyen tasar\u0131m&#8221; mesaj\u0131n\u0131 verin.<\/p>\n<\/li>\n<li>\n<p data-path-to-node=\"3,1,0\"><b data-path-to-node=\"3,1,0\" data-index-in-node=\"0\">Slogan \u00d6nerisi:<\/b> <i data-path-to-node=\"3,1,0\" data-index-in-node=\"16\">&#8220;Zarafetin en asil tonu: 5726 Kahve ile girdi\u011finiz her ortamda hayranl\u0131k uyand\u0131r\u0131n.&#8221;<\/i><\/p>\n<\/li>\n<\/ul>","protected":false},"excerpt":{"rendered":"<p>Elbisenin y\u00fcksek yakas\u0131, omuz yap\u0131s\u0131 ve kuma\u015f\u0131ndaki kendinden desenli doku, saray \u015f\u0131kl\u0131\u011f\u0131n\u0131 modern bir \u00e7izgide birle\u015ftiriyor. Taktik: M\u00fc\u015fteriye &#8220;s\u0131radan bir<\/p>","protected":false},"featured_media":4232,"comment_status":"open","ping_status":"closed","template":"","meta":[],"product_brand":[],"product_cat":[167],"product_tag":[],"class_list":{"0":"post-4231","1":"product","2":"type-product","3":"status-publish","4":"has-post-thumbnail","6":"product_cat-gunluk-siklik","7":"pa_beden-30","8":"pa_beden-31","9":"pa_beden-32","10":"pa_beden-33","11":"pa_beden-125","13":"first","14":"instock","15":"taxable","16":"shipping-taxable","17":"purchasable","18":"product-type-variable"},"_links":{"self":[{"href":"https:\/\/skbutik.com\/en\/wp-json\/wp\/v2\/product\/4231","targetHints":{"allow":["GET"]}}],"collection":[{"href":"https:\/\/skbutik.com\/en\/wp-json\/wp\/v2\/product"}],"about":[{"href":"https:\/\/skbutik.com\/en\/wp-json\/wp\/v2\/types\/product"}],"replies":[{"embeddable":true,"href":"https:\/\/skbutik.com\/en\/wp-json\/wp\/v2\/comments?post=4231"}],"wp:featuredmedia":[{"embeddable":true,"href":"https:\/\/skbutik.com\/en\/wp-json\/wp\/v2\/media\/4232"}],"wp:attachment":[{"href":"https:\/\/skbutik.com\/en\/wp-json\/wp\/v2\/media?parent=4231"}],"wp:term":[{"taxonomy":"product_brand","embeddable":true,"href":"https:\/\/skbutik.com\/en\/wp-json\/wp\/v2\/product_brand?post=4231"},{"taxonomy":"product_cat","embeddable":true,"href":"https:\/\/skbutik.com\/en\/wp-json\/wp\/v2\/product_cat?post=4231"},{"taxonomy":"product_tag","embeddable":true,"href":"https:\/\/skbutik.com\/en\/wp-json\/wp\/v2\/product_tag?post=4231"}],"curies":[{"name":"wp","href":"https:\/\/api.w.org\/{rel}","templated":true}]}}