{"id":4216,"date":"2026-02-02T17:04:14","date_gmt":"2026-02-02T14:04:14","guid":{"rendered":"https:\/\/skbutik.com\/?post_type=product&#038;p=4216"},"modified":"2026-04-14T05:41:49","modified_gmt":"2026-04-14T02:41:49","slug":"5717vizon","status":"publish","type":"product","link":"https:\/\/skbutik.com\/en\/product\/5717vizon\/","title":{"rendered":"MY312 V\u0130ZON ELB\u0130SE 5717"},"content":{"rendered":"<p data-path-to-node=\"2\">Bu elbise &#8220;sessiz l\u00fcks&#8221; ve &#8220;zamans\u0131z \u015f\u0131kl\u0131k&#8221; vurgusu yap\u0131yor. Sat\u0131\u015f yaparken \u015fu \u00fc\u00e7 noktaya odaklan\u0131n:<\/p>\n<ul data-path-to-node=\"3\">\n<li>\n<p data-path-to-node=\"3,0,0\"><b data-path-to-node=\"3,0,0\" data-index-in-node=\"0\">Dokunun B\u00fcy\u00fcs\u00fc:<\/b> Kuma\u015f\u0131n jakarl\u0131 (kendinden desenli) yap\u0131s\u0131n\u0131 ve \u00fczerindeki \u00e7i\u00e7ek detay\u0131n\u0131 &#8220;\u00f6zel i\u015f\u00e7ilik&#8221; olarak vurgulay\u0131n.<\/p>\n<\/li>\n<li>\n<p data-path-to-node=\"3,1,0\"><b data-path-to-node=\"3,1,0\" data-index-in-node=\"0\">V\u00fccut Formu:<\/b> Beldeki ku\u015fak ve eteklerdeki volan detaylar\u0131n\u0131n her v\u00fccut tipini daha zarif ve uzun g\u00f6sterdi\u011fini belirtin.<\/p>\n<\/li>\n<li>\n<p data-path-to-node=\"3,2,0\"><b data-path-to-node=\"3,2,0\" data-index-in-node=\"0\">Kurtar\u0131c\u0131 Par\u00e7a:<\/b> &#8220;Bir ak\u015fam davetinden \u00f6zel bir ak\u015fam yeme\u011fine kadar her yere uygun&#8221; mesaj\u0131n\u0131 verin.<\/p>\n<\/li>\n<\/ul>","protected":false},"excerpt":{"rendered":"<p>Bu elbise &#8220;sessiz l\u00fcks&#8221; ve &#8220;zamans\u0131z \u015f\u0131kl\u0131k&#8221; vurgusu yap\u0131yor. Sat\u0131\u015f yaparken \u015fu \u00fc\u00e7 noktaya odaklan\u0131n: Dokunun B\u00fcy\u00fcs\u00fc: Kuma\u015f\u0131n jakarl\u0131 (kendinden<\/p>","protected":false},"featured_media":4217,"comment_status":"open","ping_status":"closed","template":"","meta":[],"product_brand":[],"product_cat":[167],"product_tag":[],"class_list":{"0":"post-4216","1":"product","2":"type-product","3":"status-publish","4":"has-post-thumbnail","6":"product_cat-gunluk-siklik","7":"pa_beden-29","8":"pa_beden-30","9":"pa_beden-31","10":"pa_beden-32","11":"pa_beden-33","13":"first","14":"instock","15":"taxable","16":"shipping-taxable","17":"purchasable","18":"product-type-variable"},"_links":{"self":[{"href":"https:\/\/skbutik.com\/en\/wp-json\/wp\/v2\/product\/4216","targetHints":{"allow":["GET"]}}],"collection":[{"href":"https:\/\/skbutik.com\/en\/wp-json\/wp\/v2\/product"}],"about":[{"href":"https:\/\/skbutik.com\/en\/wp-json\/wp\/v2\/types\/product"}],"replies":[{"embeddable":true,"href":"https:\/\/skbutik.com\/en\/wp-json\/wp\/v2\/comments?post=4216"}],"wp:featuredmedia":[{"embeddable":true,"href":"https:\/\/skbutik.com\/en\/wp-json\/wp\/v2\/media\/4217"}],"wp:attachment":[{"href":"https:\/\/skbutik.com\/en\/wp-json\/wp\/v2\/media?parent=4216"}],"wp:term":[{"taxonomy":"product_brand","embeddable":true,"href":"https:\/\/skbutik.com\/en\/wp-json\/wp\/v2\/product_brand?post=4216"},{"taxonomy":"product_cat","embeddable":true,"href":"https:\/\/skbutik.com\/en\/wp-json\/wp\/v2\/product_cat?post=4216"},{"taxonomy":"product_tag","embeddable":true,"href":"https:\/\/skbutik.com\/en\/wp-json\/wp\/v2\/product_tag?post=4216"}],"curies":[{"name":"wp","href":"https:\/\/api.w.org\/{rel}","templated":true}]}}