{"id":4194,"date":"2026-02-02T16:44:05","date_gmt":"2026-02-02T13:44:05","guid":{"rendered":"https:\/\/skbutik.com\/?post_type=product&#038;p=4194"},"modified":"2026-04-12T18:48:09","modified_gmt":"2026-04-12T15:48:09","slug":"5727kahve","status":"publish","type":"product","link":"https:\/\/skbutik.com\/en\/product\/5727kahve\/","title":{"rendered":"MY312 KAHVE ELB\u0130SE 5727"},"content":{"rendered":"<blockquote data-path-to-node=\"6\">\n<p data-path-to-node=\"6,0\">ahvenin en asil tonuyla tan\u0131\u015f\u0131n. \ud83e\udd0e Hem davetlerde hem de \u00f6zel ak\u015fam yemeklerinde t\u00fcm bak\u0131\u015flar\u0131 \u00fczerinizde toplayacak drapeli kesim ve t\u00fcy detay\u0131yla zarafeti yeniden tan\u0131ml\u0131yoruz. \u00c7abas\u0131z \u015f\u0131kl\u0131k arayanlar i\u00e7in s\u0131n\u0131rl\u0131 say\u0131da stoklarda! \u2728&#8221;<\/p>\n<\/blockquote>\n<blockquote data-path-to-node=\"8\">\n<p data-path-to-node=\"8,0\">&#8220;Drapeli kesimin mucizesine haz\u0131r m\u0131s\u0131n\u0131z? V\u00fccut hatlar\u0131n\u0131 en zarif \u015fekilde ortaya \u00e7\u0131karan, \u00f6zel kuma\u015f\u0131yla g\u00fcn boyu konfor sunan bu tasar\u0131m, gard\u0131robunuzun joker par\u00e7as\u0131 olacak. Hem modern hem de zamans\u0131z bir par\u00e7a arayanlara&#8230; \ud83e\udde5\u2728&#8221;<\/p>\n<\/blockquote>","protected":false},"excerpt":{"rendered":"<p>ahvenin en asil tonuyla tan\u0131\u015f\u0131n. \ud83e\udd0e Hem davetlerde hem de \u00f6zel ak\u015fam yemeklerinde t\u00fcm bak\u0131\u015flar\u0131 \u00fczerinizde toplayacak drapeli kesim ve<\/p>","protected":false},"featured_media":4195,"comment_status":"open","ping_status":"closed","template":"","meta":[],"product_brand":[],"product_cat":[167],"product_tag":[],"class_list":{"0":"post-4194","1":"product","2":"type-product","3":"status-publish","4":"has-post-thumbnail","6":"product_cat-gunluk-siklik","7":"pa_beden-29","8":"pa_beden-30","9":"pa_beden-31","10":"pa_beden-32","12":"first","13":"outofstock","14":"taxable","15":"shipping-taxable","16":"purchasable","17":"product-type-variable"},"_links":{"self":[{"href":"https:\/\/skbutik.com\/en\/wp-json\/wp\/v2\/product\/4194","targetHints":{"allow":["GET"]}}],"collection":[{"href":"https:\/\/skbutik.com\/en\/wp-json\/wp\/v2\/product"}],"about":[{"href":"https:\/\/skbutik.com\/en\/wp-json\/wp\/v2\/types\/product"}],"replies":[{"embeddable":true,"href":"https:\/\/skbutik.com\/en\/wp-json\/wp\/v2\/comments?post=4194"}],"wp:featuredmedia":[{"embeddable":true,"href":"https:\/\/skbutik.com\/en\/wp-json\/wp\/v2\/media\/4195"}],"wp:attachment":[{"href":"https:\/\/skbutik.com\/en\/wp-json\/wp\/v2\/media?parent=4194"}],"wp:term":[{"taxonomy":"product_brand","embeddable":true,"href":"https:\/\/skbutik.com\/en\/wp-json\/wp\/v2\/product_brand?post=4194"},{"taxonomy":"product_cat","embeddable":true,"href":"https:\/\/skbutik.com\/en\/wp-json\/wp\/v2\/product_cat?post=4194"},{"taxonomy":"product_tag","embeddable":true,"href":"https:\/\/skbutik.com\/en\/wp-json\/wp\/v2\/product_tag?post=4194"}],"curies":[{"name":"wp","href":"https:\/\/api.w.org\/{rel}","templated":true}]}}