{"id":4182,"date":"2026-02-02T12:39:35","date_gmt":"2026-02-02T09:39:35","guid":{"rendered":"https:\/\/skbutik.com\/?post_type=product&#038;p=4182"},"modified":"2026-03-24T16:38:43","modified_gmt":"2026-03-24T13:38:43","slug":"1677siyah","status":"publish","type":"product","link":"https:\/\/skbutik.com\/en\/product\/1677siyah\/","title":{"rendered":"MY312 S\u0130YAH \u0130K\u0130L\u0130 TAKIM 1677"},"content":{"rendered":"<ul>\n<li>\n<p data-path-to-node=\"8,0,0\">&#8220;Piliseli dokunun hareketli enerjisi ve siyah\u0131n net duru\u015fu! \u2728 Yanlardaki d\u00fc\u011fme detaylar\u0131yla zenginle\u015ftirilen bu kombin, modern kad\u0131n\u0131n dinamik stilini yans\u0131t\u0131yor. Hem rahat hem de fazlas\u0131yla iddial\u0131.&#8221;<\/p>\n<\/li>\n<li>\n<p data-path-to-node=\"8,1,0\"><b data-path-to-node=\"8,1,0\" data-index-in-node=\"0\">Kombin \u00d6nerisi:<\/b> G\u00f6rseldeki gibi gold zincir kolyeler ve taba rengi aksesuarlarla tamamland\u0131\u011f\u0131nda tam bir moda ikonu g\u00f6r\u00fcn\u00fcm\u00fc sa\u011fl\u0131yor.<\/p>\n<\/li>\n<\/ul>","protected":false},"excerpt":{"rendered":"<p>&#8220;Piliseli dokunun hareketli enerjisi ve siyah\u0131n net duru\u015fu! \u2728 Yanlardaki d\u00fc\u011fme detaylar\u0131yla zenginle\u015ftirilen bu kombin, modern kad\u0131n\u0131n dinamik stilini yans\u0131t\u0131yor.<\/p>","protected":false},"featured_media":4183,"comment_status":"open","ping_status":"closed","template":"","meta":[],"product_brand":[],"product_cat":[167],"product_tag":[],"class_list":{"0":"post-4182","1":"product","2":"type-product","3":"status-publish","4":"has-post-thumbnail","6":"product_cat-gunluk-siklik","7":"pa_beden-29","8":"pa_beden-30","9":"pa_beden-31","10":"pa_beden-32","12":"first","13":"instock","14":"taxable","15":"shipping-taxable","16":"purchasable","17":"product-type-variable"},"_links":{"self":[{"href":"https:\/\/skbutik.com\/en\/wp-json\/wp\/v2\/product\/4182","targetHints":{"allow":["GET"]}}],"collection":[{"href":"https:\/\/skbutik.com\/en\/wp-json\/wp\/v2\/product"}],"about":[{"href":"https:\/\/skbutik.com\/en\/wp-json\/wp\/v2\/types\/product"}],"replies":[{"embeddable":true,"href":"https:\/\/skbutik.com\/en\/wp-json\/wp\/v2\/comments?post=4182"}],"wp:featuredmedia":[{"embeddable":true,"href":"https:\/\/skbutik.com\/en\/wp-json\/wp\/v2\/media\/4183"}],"wp:attachment":[{"href":"https:\/\/skbutik.com\/en\/wp-json\/wp\/v2\/media?parent=4182"}],"wp:term":[{"taxonomy":"product_brand","embeddable":true,"href":"https:\/\/skbutik.com\/en\/wp-json\/wp\/v2\/product_brand?post=4182"},{"taxonomy":"product_cat","embeddable":true,"href":"https:\/\/skbutik.com\/en\/wp-json\/wp\/v2\/product_cat?post=4182"},{"taxonomy":"product_tag","embeddable":true,"href":"https:\/\/skbutik.com\/en\/wp-json\/wp\/v2\/product_tag?post=4182"}],"curies":[{"name":"wp","href":"https:\/\/api.w.org\/{rel}","templated":true}]}}