{"id":4175,"date":"2026-02-02T12:32:56","date_gmt":"2026-02-02T09:32:56","guid":{"rendered":"https:\/\/skbutik.com\/?post_type=product&#038;p=4175"},"modified":"2026-04-14T05:40:35","modified_gmt":"2026-04-14T02:40:35","slug":"5702siyah","status":"publish","type":"product","link":"https:\/\/skbutik.com\/en\/product\/5702siyah\/","title":{"rendered":"MY312 S\u0130YAH \u0130K\u0130L\u0130 TAKIM5702"},"content":{"rendered":"<p data-path-to-node=\"3\">ah\u0131n g\u00fcc\u00fc, \u00f6zel tasar\u0131m detaylarla birle\u015fti. Bel vurgusu ve g\u00fcm\u00fc\u015f tonlu bro\u015f d\u00fc\u011fmeleriyle hem asil hem de modern bir duru\u015f sergileyen bu elbisemiz, g\u00fcn\u00fcn her saatinde size e\u015flik etmeye haz\u0131r. Kaliteye giden yolunuzu <b data-path-to-node=\"3\" data-index-in-node=\"219\">SK Butik<\/b> ile se\u00e7in.<\/p>\n<ul data-path-to-node=\"4\">\n<li>\n<p data-path-to-node=\"4,0,0\"><b data-path-to-node=\"4,0,0\" data-index-in-node=\"0\">\u00d6ne \u00c7\u0131kanlar:<\/b> \u0130nce bel ku\u015fa\u011f\u0131, dokulu saten kuma\u015f, \u00f6zel tasar\u0131m d\u00fc\u011fmeler.<\/p>\n<\/li>\n<li>\n<p data-path-to-node=\"4,1,0\"><b data-path-to-node=\"4,1,0\" data-index-in-node=\"0\">Stil Notu:<\/b> Beyaz veya g\u00fcm\u00fc\u015f aksesuarlarla kontrast yaratarak \u015f\u0131kl\u0131\u011f\u0131n\u0131z\u0131 tamamlay\u0131n.<\/p>\n<\/li>\n<\/ul>","protected":false},"excerpt":{"rendered":"<p>ah\u0131n g\u00fcc\u00fc, \u00f6zel tasar\u0131m detaylarla birle\u015fti. Bel vurgusu ve g\u00fcm\u00fc\u015f tonlu bro\u015f d\u00fc\u011fmeleriyle hem asil hem de modern bir duru\u015f<\/p>","protected":false},"featured_media":4176,"comment_status":"open","ping_status":"closed","template":"","meta":[],"product_brand":[],"product_cat":[167],"product_tag":[],"class_list":{"0":"post-4175","1":"product","2":"type-product","3":"status-publish","4":"has-post-thumbnail","6":"product_cat-gunluk-siklik","7":"pa_beden-30","8":"pa_beden-31","9":"pa_beden-32","10":"pa_beden-33","11":"pa_beden-125","13":"first","14":"instock","15":"taxable","16":"shipping-taxable","17":"purchasable","18":"product-type-variable"},"_links":{"self":[{"href":"https:\/\/skbutik.com\/en\/wp-json\/wp\/v2\/product\/4175","targetHints":{"allow":["GET"]}}],"collection":[{"href":"https:\/\/skbutik.com\/en\/wp-json\/wp\/v2\/product"}],"about":[{"href":"https:\/\/skbutik.com\/en\/wp-json\/wp\/v2\/types\/product"}],"replies":[{"embeddable":true,"href":"https:\/\/skbutik.com\/en\/wp-json\/wp\/v2\/comments?post=4175"}],"wp:featuredmedia":[{"embeddable":true,"href":"https:\/\/skbutik.com\/en\/wp-json\/wp\/v2\/media\/4176"}],"wp:attachment":[{"href":"https:\/\/skbutik.com\/en\/wp-json\/wp\/v2\/media?parent=4175"}],"wp:term":[{"taxonomy":"product_brand","embeddable":true,"href":"https:\/\/skbutik.com\/en\/wp-json\/wp\/v2\/product_brand?post=4175"},{"taxonomy":"product_cat","embeddable":true,"href":"https:\/\/skbutik.com\/en\/wp-json\/wp\/v2\/product_cat?post=4175"},{"taxonomy":"product_tag","embeddable":true,"href":"https:\/\/skbutik.com\/en\/wp-json\/wp\/v2\/product_tag?post=4175"}],"curies":[{"name":"wp","href":"https:\/\/api.w.org\/{rel}","templated":true}]}}