{"id":4168,"date":"2026-02-02T12:28:36","date_gmt":"2026-02-02T09:28:36","guid":{"rendered":"https:\/\/skbutik.com\/?post_type=product&#038;p=4168"},"modified":"2026-04-14T05:40:11","modified_gmt":"2026-04-14T02:40:11","slug":"5702kahve","status":"publish","type":"product","link":"https:\/\/skbutik.com\/en\/product\/5702kahve\/","title":{"rendered":"MY312 KAHVE ELB\u0130SE 5702"},"content":{"rendered":"<p data-path-to-node=\"7\">Mevsimin Favori Rengi: \u00c7ikolata Kahve \ud83c\udf6b\ud83e\udd0e<\/p>\n<p data-path-to-node=\"8\">&#8220;Ne giyece\u011fim?&#8221; derdine son veren tek par\u00e7a \u015f\u0131kl\u0131\u011f\u0131! Bu elbisemiz, modern kesimi ve klasik duru\u015fu bir araya getiriyor. Belindeki ku\u015fak detay\u0131yla sil\u00fcetinizi ortaya \u00e7\u0131kar\u0131rken, boyuyla konforlu bir kullan\u0131m sa\u011fl\u0131yor.<\/p>\n<ul data-path-to-node=\"9\">\n<li>\n<p data-path-to-node=\"9,0,0\"><b data-path-to-node=\"9,0,0\" data-index-in-node=\"0\">Neden Almal\u0131s\u0131n?<\/b> \u00dct\u00fc istemeyen dokusu ve her ortama uyum sa\u011flayan rengi i\u00e7in!<\/p>\n<\/li>\n<li>\n<p data-path-to-node=\"9,1,0\">\ud83d\udca1 S\u0131n\u0131rl\u0131 say\u0131da stoklar\u0131m\u0131zda. Hemen ke\u015ffetmek i\u00e7in DM!<\/p>\n<\/li>\n<\/ul>","protected":false},"excerpt":{"rendered":"<p>Mevsimin Favori Rengi: \u00c7ikolata Kahve \ud83c\udf6b\ud83e\udd0e &#8220;Ne giyece\u011fim?&#8221; derdine son veren tek par\u00e7a \u015f\u0131kl\u0131\u011f\u0131! Bu elbisemiz, modern kesimi ve klasik<\/p>","protected":false},"featured_media":4169,"comment_status":"open","ping_status":"closed","template":"","meta":[],"product_brand":[],"product_cat":[167],"product_tag":[],"class_list":{"0":"post-4168","1":"product","2":"type-product","3":"status-publish","4":"has-post-thumbnail","6":"product_cat-gunluk-siklik","7":"pa_beden-30","8":"pa_beden-31","9":"pa_beden-32","10":"pa_beden-33","11":"pa_beden-125","13":"first","14":"instock","15":"taxable","16":"shipping-taxable","17":"purchasable","18":"product-type-variable"},"_links":{"self":[{"href":"https:\/\/skbutik.com\/en\/wp-json\/wp\/v2\/product\/4168","targetHints":{"allow":["GET"]}}],"collection":[{"href":"https:\/\/skbutik.com\/en\/wp-json\/wp\/v2\/product"}],"about":[{"href":"https:\/\/skbutik.com\/en\/wp-json\/wp\/v2\/types\/product"}],"replies":[{"embeddable":true,"href":"https:\/\/skbutik.com\/en\/wp-json\/wp\/v2\/comments?post=4168"}],"wp:featuredmedia":[{"embeddable":true,"href":"https:\/\/skbutik.com\/en\/wp-json\/wp\/v2\/media\/4169"}],"wp:attachment":[{"href":"https:\/\/skbutik.com\/en\/wp-json\/wp\/v2\/media?parent=4168"}],"wp:term":[{"taxonomy":"product_brand","embeddable":true,"href":"https:\/\/skbutik.com\/en\/wp-json\/wp\/v2\/product_brand?post=4168"},{"taxonomy":"product_cat","embeddable":true,"href":"https:\/\/skbutik.com\/en\/wp-json\/wp\/v2\/product_cat?post=4168"},{"taxonomy":"product_tag","embeddable":true,"href":"https:\/\/skbutik.com\/en\/wp-json\/wp\/v2\/product_tag?post=4168"}],"curies":[{"name":"wp","href":"https:\/\/api.w.org\/{rel}","templated":true}]}}