{"id":4150,"date":"2026-01-24T15:41:07","date_gmt":"2026-01-24T12:41:07","guid":{"rendered":"https:\/\/skbutik.com\/?post_type=product&#038;p=4150"},"modified":"2026-04-13T05:07:30","modified_gmt":"2026-04-13T02:07:30","slug":"26s5611","status":"publish","type":"product","link":"https:\/\/skbutik.com\/en\/product\/26s5611\/","title":{"rendered":"MY312 S\u0130YAH ELB\u0130SE 26S5611"},"content":{"rendered":"<ul>\n<li>\n<p data-path-to-node=\"6,0,0\">Elbisenin g\u00f6vdesinde kullan\u0131lan a\u011f\u0131r gipur dantel, tasar\u0131ma derinlik ve romantik bir hava katar.<\/p>\n<\/li>\n<li>\n<p data-path-to-node=\"6,1,0\"><b data-path-to-node=\"6,1,0\" data-index-in-node=\"0\">\u0130konik Yaka Detay\u0131:<\/b> Yaka k\u0131sm\u0131ndaki kristal ta\u015fl\u0131 b\u00fcy\u00fck bro\u015f detay\u0131, tak\u0131ya ihtiya\u00e7 duymadan y\u00fcz\u00fcn\u00fcze \u0131\u015f\u0131k verir.<\/p>\n<\/li>\n<li>\n<p data-path-to-node=\"6,2,0\"><b data-path-to-node=\"6,2,0\" data-index-in-node=\"0\">Fonksiyonel \u015e\u0131kl\u0131k:<\/b> Beldeki geni\u015f kemer ve cep detaylar\u0131, elbiseye modern bir &#8220;utility&#8221; (i\u015flevsel) hava katarak klasik danteli g\u00fcnl\u00fck l\u00fckse d\u00f6n\u00fc\u015ft\u00fcr\u00fcr.<\/p>\n<\/li>\n<li>\n<p data-path-to-node=\"6,3,0\"><b data-path-to-node=\"6,3,0\" data-index-in-node=\"0\">Cesur Kontrast:<\/b> Pembe topuklu ayakkab\u0131larla kombinleyerek siyah\u0131n ciddiyetini enerjik bir tav\u0131rla k\u0131rabilirsiniz.<\/p>\n<\/li>\n<\/ul>","protected":false},"excerpt":{"rendered":"<p>Elbisenin g\u00f6vdesinde kullan\u0131lan a\u011f\u0131r gipur dantel, tasar\u0131ma derinlik ve romantik bir hava katar. \u0130konik Yaka Detay\u0131: Yaka k\u0131sm\u0131ndaki kristal ta\u015fl\u0131<\/p>","protected":false},"featured_media":4151,"comment_status":"open","ping_status":"closed","template":"","meta":[],"product_brand":[],"product_cat":[167],"product_tag":[],"class_list":{"0":"post-4150","1":"product","2":"type-product","3":"status-publish","4":"has-post-thumbnail","6":"product_cat-gunluk-siklik","7":"pa_beden-29","8":"pa_beden-30","9":"pa_beden-31","10":"pa_beden-32","11":"pa_beden-33","12":"pa_beden-125","14":"first","15":"instock","16":"taxable","17":"shipping-taxable","18":"purchasable","19":"product-type-variable"},"_links":{"self":[{"href":"https:\/\/skbutik.com\/en\/wp-json\/wp\/v2\/product\/4150","targetHints":{"allow":["GET"]}}],"collection":[{"href":"https:\/\/skbutik.com\/en\/wp-json\/wp\/v2\/product"}],"about":[{"href":"https:\/\/skbutik.com\/en\/wp-json\/wp\/v2\/types\/product"}],"replies":[{"embeddable":true,"href":"https:\/\/skbutik.com\/en\/wp-json\/wp\/v2\/comments?post=4150"}],"wp:featuredmedia":[{"embeddable":true,"href":"https:\/\/skbutik.com\/en\/wp-json\/wp\/v2\/media\/4151"}],"wp:attachment":[{"href":"https:\/\/skbutik.com\/en\/wp-json\/wp\/v2\/media?parent=4150"}],"wp:term":[{"taxonomy":"product_brand","embeddable":true,"href":"https:\/\/skbutik.com\/en\/wp-json\/wp\/v2\/product_brand?post=4150"},{"taxonomy":"product_cat","embeddable":true,"href":"https:\/\/skbutik.com\/en\/wp-json\/wp\/v2\/product_cat?post=4150"},{"taxonomy":"product_tag","embeddable":true,"href":"https:\/\/skbutik.com\/en\/wp-json\/wp\/v2\/product_tag?post=4150"}],"curies":[{"name":"wp","href":"https:\/\/api.w.org\/{rel}","templated":true}]}}