{"id":4137,"date":"2026-01-24T14:47:55","date_gmt":"2026-01-24T11:47:55","guid":{"rendered":"https:\/\/skbutik.com\/?post_type=product&#038;p=4137"},"modified":"2026-04-14T05:37:01","modified_gmt":"2026-04-14T02:37:01","slug":"26s1603","status":"publish","type":"product","link":"https:\/\/skbutik.com\/en\/product\/26s1603\/","title":{"rendered":"MY312 TASARIM TAKIM 26S1603"},"content":{"rendered":"<ul data-path-to-node=\"5\">\n<li>\n<p data-path-to-node=\"5,0,0\">Belden oturan alt\u0131n detayl\u0131 kemer, sil\u00fcetinizi vurgularken t\u00fcl katmanlar hareketlerinize e\u015fsiz bir ak\u0131c\u0131l\u0131k katar.<\/p>\n<\/li>\n<li>\n<p data-path-to-node=\"5,1,0\"><b data-path-to-node=\"5,1,0\" data-index-in-node=\"0\">Dokulu Kuma\u015f Uyumu:<\/b> Mat siyah zemin ile \u015feffaf t\u00fcl\u00fcn birle\u015fimi, derinlik ve l\u00fcks bir g\u00f6r\u00fcn\u00fcm sunar.<\/p>\n<\/li>\n<li>\n<p data-path-to-node=\"5,2,0\"><b data-path-to-node=\"5,2,0\" data-index-in-node=\"0\">Geni\u015f Pa\u00e7a Pantolon:<\/b> Boyu oldu\u011fundan uzun g\u00f6steren, konforlu ve asil bir duru\u015f sa\u011flayan kesim.<\/p>\n<\/li>\n<li>\n<p data-path-to-node=\"5,3,0\"><b data-path-to-node=\"5,3,0\" data-index-in-node=\"0\">\u0130konik Yaka:<\/b> Geni\u015f \u015fal yaka detay\u0131, y\u00fcze odak \u00e7ekerek sofistike bir \u00e7er\u00e7eve olu\u015fturur.<\/p>\n<\/li>\n<\/ul>","protected":false},"excerpt":{"rendered":"<p>Belden oturan alt\u0131n detayl\u0131 kemer, sil\u00fcetinizi vurgularken t\u00fcl katmanlar hareketlerinize e\u015fsiz bir ak\u0131c\u0131l\u0131k katar. Dokulu Kuma\u015f Uyumu: Mat siyah zemin<\/p>","protected":false},"featured_media":4138,"comment_status":"open","ping_status":"closed","template":"","meta":[],"product_brand":[],"product_cat":[167],"product_tag":[],"class_list":{"0":"post-4137","1":"product","2":"type-product","3":"status-publish","4":"has-post-thumbnail","6":"product_cat-gunluk-siklik","7":"pa_beden-29","8":"pa_beden-30","9":"pa_beden-31","10":"pa_beden-32","12":"first","13":"instock","14":"taxable","15":"shipping-taxable","16":"purchasable","17":"product-type-variable"},"_links":{"self":[{"href":"https:\/\/skbutik.com\/en\/wp-json\/wp\/v2\/product\/4137","targetHints":{"allow":["GET"]}}],"collection":[{"href":"https:\/\/skbutik.com\/en\/wp-json\/wp\/v2\/product"}],"about":[{"href":"https:\/\/skbutik.com\/en\/wp-json\/wp\/v2\/types\/product"}],"replies":[{"embeddable":true,"href":"https:\/\/skbutik.com\/en\/wp-json\/wp\/v2\/comments?post=4137"}],"wp:featuredmedia":[{"embeddable":true,"href":"https:\/\/skbutik.com\/en\/wp-json\/wp\/v2\/media\/4138"}],"wp:attachment":[{"href":"https:\/\/skbutik.com\/en\/wp-json\/wp\/v2\/media?parent=4137"}],"wp:term":[{"taxonomy":"product_brand","embeddable":true,"href":"https:\/\/skbutik.com\/en\/wp-json\/wp\/v2\/product_brand?post=4137"},{"taxonomy":"product_cat","embeddable":true,"href":"https:\/\/skbutik.com\/en\/wp-json\/wp\/v2\/product_cat?post=4137"},{"taxonomy":"product_tag","embeddable":true,"href":"https:\/\/skbutik.com\/en\/wp-json\/wp\/v2\/product_tag?post=4137"}],"curies":[{"name":"wp","href":"https:\/\/api.w.org\/{rel}","templated":true}]}}