{"id":4131,"date":"2026-01-24T14:25:32","date_gmt":"2026-01-24T11:25:32","guid":{"rendered":"https:\/\/skbutik.com\/?post_type=product&#038;p=4131"},"modified":"2026-04-13T05:09:36","modified_gmt":"2026-04-13T02:09:36","slug":"50510-krem","status":"publish","type":"product","link":"https:\/\/skbutik.com\/en\/product\/50510-krem\/","title":{"rendered":"BOLERO 50510 KREM"},"content":{"rendered":"","protected":false},"excerpt":{"rendered":"<ul>\n<li>\n<p data-path-to-node=\"3,0,0\">&#8220;Zarafetin En Yal\u0131n Hali: Kruvaze Kesim Krem Ceket&#8221;<\/p>\n<\/li>\n<li>\n<p data-path-to-node=\"3,1,0\"><b data-path-to-node=\"3,1,0\" data-index-in-node=\"0\">Se\u00e7enek 2:<\/b> &#8220;Gard\u0131robunuzun Yeni Y\u0131ld\u0131z\u0131: Belden Ba\u011flamal\u0131 Modern Blazer&#8221;<\/p>\n<\/li>\n<li>\n<p data-path-to-node=\"3,2,0\"><b data-path-to-node=\"3,2,0\" data-index-in-node=\"0\">Se\u00e7enek 3:<\/b> &#8220;Ofis \u015e\u0131kl\u0131\u011f\u0131ndan Ak\u015fam Davetine: Kusursuz Krem Dokunu\u015fu&#8221;<\/p>\n<\/li>\n<\/ul>","protected":false},"featured_media":4132,"comment_status":"open","ping_status":"closed","template":"","meta":[],"product_brand":[],"product_cat":[167],"product_tag":[],"class_list":{"0":"post-4131","1":"product","2":"type-product","3":"status-publish","4":"has-post-thumbnail","6":"product_cat-gunluk-siklik","7":"pa_beden-30","8":"pa_beden-31","9":"pa_beden-32","11":"first","12":"instock","13":"taxable","14":"shipping-taxable","15":"purchasable","16":"product-type-variable"},"_links":{"self":[{"href":"https:\/\/skbutik.com\/en\/wp-json\/wp\/v2\/product\/4131","targetHints":{"allow":["GET"]}}],"collection":[{"href":"https:\/\/skbutik.com\/en\/wp-json\/wp\/v2\/product"}],"about":[{"href":"https:\/\/skbutik.com\/en\/wp-json\/wp\/v2\/types\/product"}],"replies":[{"embeddable":true,"href":"https:\/\/skbutik.com\/en\/wp-json\/wp\/v2\/comments?post=4131"}],"wp:featuredmedia":[{"embeddable":true,"href":"https:\/\/skbutik.com\/en\/wp-json\/wp\/v2\/media\/4132"}],"wp:attachment":[{"href":"https:\/\/skbutik.com\/en\/wp-json\/wp\/v2\/media?parent=4131"}],"wp:term":[{"taxonomy":"product_brand","embeddable":true,"href":"https:\/\/skbutik.com\/en\/wp-json\/wp\/v2\/product_brand?post=4131"},{"taxonomy":"product_cat","embeddable":true,"href":"https:\/\/skbutik.com\/en\/wp-json\/wp\/v2\/product_cat?post=4131"},{"taxonomy":"product_tag","embeddable":true,"href":"https:\/\/skbutik.com\/en\/wp-json\/wp\/v2\/product_tag?post=4131"}],"curies":[{"name":"wp","href":"https:\/\/api.w.org\/{rel}","templated":true}]}}