{"id":4124,"date":"2026-01-22T18:45:16","date_gmt":"2026-01-22T15:45:16","guid":{"rendered":"https:\/\/skbutik.com\/?post_type=product&#038;p=4124"},"modified":"2026-04-14T05:47:09","modified_gmt":"2026-04-14T02:47:09","slug":"g5970","status":"publish","type":"product","link":"https:\/\/skbutik.com\/en\/product\/g5970\/","title":{"rendered":"V\u0130PART G5970"},"content":{"rendered":"<ul data-path-to-node=\"4\">\n<li>\n<p data-path-to-node=\"4,0,0\">Keskin g\u00f6mlek yaka ve hafif omuz vurgusu, profesyonel ve ciddi bir duru\u015f sergilerken, pileli etek ge\u00e7i\u015fi bu duru\u015fu feminen bir zarafetle dengeler.<\/p>\n<\/li>\n<li>\n<p data-path-to-node=\"4,1,0\"><b data-path-to-node=\"4,1,0\" data-index-in-node=\"0\">\u0130deal Sil\u00fcet:<\/b> Geni\u015f bel paneli, v\u00fccudu en ince yerinden kavrayarak m\u00fckemmel bir kum saati formu olu\u015fturur.<\/p>\n<\/li>\n<li>\n<p data-path-to-node=\"4,2,0\"><b data-path-to-node=\"4,2,0\" data-index-in-node=\"0\">Fonksiyonel L\u00fcks:<\/b> Tasar\u0131ma ustal\u0131kla gizlenmi\u015f yan cepler, elbiseye modern ve eforsuz bir &#8220;cool&#8221; hava katar.<\/p>\n<\/li>\n<\/ul>\n<blockquote data-path-to-node=\"5\">\n<p data-path-to-node=\"5,0\"><b data-path-to-node=\"5,0\" data-index-in-node=\"0\">Sat\u0131\u015f \u00d6vg\u00fcs\u00fc:<\/b> <i data-path-to-node=\"5,0\" data-index-in-node=\"14\">&#8220;Bu tasar\u0131m, ofis \u015f\u0131kl\u0131\u011f\u0131ndan ak\u015fam davetine saniyeler i\u00e7inde ge\u00e7i\u015f<\/i><\/p>\n<\/blockquote>","protected":false},"excerpt":{"rendered":"<p>Keskin g\u00f6mlek yaka ve hafif omuz vurgusu, profesyonel ve ciddi bir duru\u015f sergilerken, pileli etek ge\u00e7i\u015fi bu duru\u015fu feminen bir<\/p>","protected":false},"featured_media":4125,"comment_status":"open","ping_status":"closed","template":"","meta":[],"product_brand":[],"product_cat":[167],"product_tag":[],"class_list":{"0":"post-4124","1":"product","2":"type-product","3":"status-publish","4":"has-post-thumbnail","6":"product_cat-gunluk-siklik","7":"pa_beden-30","8":"pa_beden-31","9":"pa_beden-32","10":"pa_beden-33","12":"first","13":"instock","14":"taxable","15":"shipping-taxable","16":"purchasable","17":"product-type-variable"},"_links":{"self":[{"href":"https:\/\/skbutik.com\/en\/wp-json\/wp\/v2\/product\/4124","targetHints":{"allow":["GET"]}}],"collection":[{"href":"https:\/\/skbutik.com\/en\/wp-json\/wp\/v2\/product"}],"about":[{"href":"https:\/\/skbutik.com\/en\/wp-json\/wp\/v2\/types\/product"}],"replies":[{"embeddable":true,"href":"https:\/\/skbutik.com\/en\/wp-json\/wp\/v2\/comments?post=4124"}],"wp:featuredmedia":[{"embeddable":true,"href":"https:\/\/skbutik.com\/en\/wp-json\/wp\/v2\/media\/4125"}],"wp:attachment":[{"href":"https:\/\/skbutik.com\/en\/wp-json\/wp\/v2\/media?parent=4124"}],"wp:term":[{"taxonomy":"product_brand","embeddable":true,"href":"https:\/\/skbutik.com\/en\/wp-json\/wp\/v2\/product_brand?post=4124"},{"taxonomy":"product_cat","embeddable":true,"href":"https:\/\/skbutik.com\/en\/wp-json\/wp\/v2\/product_cat?post=4124"},{"taxonomy":"product_tag","embeddable":true,"href":"https:\/\/skbutik.com\/en\/wp-json\/wp\/v2\/product_tag?post=4124"}],"curies":[{"name":"wp","href":"https:\/\/api.w.org\/{rel}","templated":true}]}}