{"id":4118,"date":"2026-01-22T18:40:16","date_gmt":"2026-01-22T15:40:16","guid":{"rendered":"https:\/\/skbutik.com\/?post_type=product&#038;p=4118"},"modified":"2026-04-13T05:19:35","modified_gmt":"2026-04-13T02:19:35","slug":"g5040","status":"publish","type":"product","link":"https:\/\/skbutik.com\/en\/product\/g5040\/","title":{"rendered":"V\u0130PART G5040"},"content":{"rendered":"<ul>\n<li>\n<p data-path-to-node=\"4,0,0\">Keskin g\u00f6mlek yaka ve hafif vatkal\u0131 omuz yap\u0131s\u0131, giyen ki\u015fiye an\u0131nda daha dik ve \u00f6zg\u00fcvenli bir sil\u00fcet kazand\u0131r\u0131r.<\/p>\n<\/li>\n<li>\n<p data-path-to-node=\"4,1,0\"><b data-path-to-node=\"4,1,0\" data-index-in-node=\"0\">\u0130deal Form:<\/b> Geni\u015f bel ku\u015fa\u011f\u0131, v\u00fccudu en ince yerinden kavrayarak kum saati g\u00f6r\u00fcn\u00fcm\u00fc yarat\u0131r.<\/p>\n<\/li>\n<li>\n<p data-path-to-node=\"4,2,0\"><b data-path-to-node=\"4,2,0\" data-index-in-node=\"0\">Fonksiyonel \u015e\u0131kl\u0131k:<\/b> Yanlardaki gizli cep detaylar\u0131, tasar\u0131ma modern ve eforsuz bir hava katarken g\u00fcnl\u00fck kullan\u0131mda b\u00fcy\u00fck konfor sunar.<\/p>\n<\/li>\n<li>\n<p data-path-to-node=\"4,3,0\"><b data-path-to-node=\"4,3,0\" data-index-in-node=\"0\">Zarif Biti\u015f:<\/b> Bileklerdeki ince f\u0131rf\u0131r ve b\u00fczg\u00fc detaylar\u0131, siyah\u0131n asaletine romantik bir dokunu\u015f ekler.<\/p>\n<\/li>\n<\/ul>","protected":false},"excerpt":{"rendered":"<p>Keskin g\u00f6mlek yaka ve hafif vatkal\u0131 omuz yap\u0131s\u0131, giyen ki\u015fiye an\u0131nda daha dik ve \u00f6zg\u00fcvenli bir sil\u00fcet kazand\u0131r\u0131r. \u0130deal Form:<\/p>","protected":false},"featured_media":4119,"comment_status":"open","ping_status":"closed","template":"","meta":[],"product_brand":[],"product_cat":[167],"product_tag":[],"class_list":{"0":"post-4118","1":"product","2":"type-product","3":"status-publish","4":"has-post-thumbnail","6":"product_cat-gunluk-siklik","7":"pa_beden-29","8":"pa_beden-30","9":"pa_beden-31","10":"pa_beden-32","12":"first","13":"instock","14":"taxable","15":"shipping-taxable","16":"purchasable","17":"product-type-variable"},"_links":{"self":[{"href":"https:\/\/skbutik.com\/en\/wp-json\/wp\/v2\/product\/4118","targetHints":{"allow":["GET"]}}],"collection":[{"href":"https:\/\/skbutik.com\/en\/wp-json\/wp\/v2\/product"}],"about":[{"href":"https:\/\/skbutik.com\/en\/wp-json\/wp\/v2\/types\/product"}],"replies":[{"embeddable":true,"href":"https:\/\/skbutik.com\/en\/wp-json\/wp\/v2\/comments?post=4118"}],"wp:featuredmedia":[{"embeddable":true,"href":"https:\/\/skbutik.com\/en\/wp-json\/wp\/v2\/media\/4119"}],"wp:attachment":[{"href":"https:\/\/skbutik.com\/en\/wp-json\/wp\/v2\/media?parent=4118"}],"wp:term":[{"taxonomy":"product_brand","embeddable":true,"href":"https:\/\/skbutik.com\/en\/wp-json\/wp\/v2\/product_brand?post=4118"},{"taxonomy":"product_cat","embeddable":true,"href":"https:\/\/skbutik.com\/en\/wp-json\/wp\/v2\/product_cat?post=4118"},{"taxonomy":"product_tag","embeddable":true,"href":"https:\/\/skbutik.com\/en\/wp-json\/wp\/v2\/product_tag?post=4118"}],"curies":[{"name":"wp","href":"https:\/\/api.w.org\/{rel}","templated":true}]}}