{"id":4108,"date":"2026-01-22T18:25:47","date_gmt":"2026-01-22T15:25:47","guid":{"rendered":"https:\/\/skbutik.com\/?post_type=product&#038;p=4108"},"modified":"2026-04-13T05:13:32","modified_gmt":"2026-04-13T02:13:32","slug":"85105-haki","status":"publish","type":"product","link":"https:\/\/skbutik.com\/en\/product\/85105-haki\/","title":{"rendered":"MY8 HAK\u0130 85105"},"content":{"rendered":"<ul>\n<li>\n<p data-path-to-node=\"13,0,0\">Elbisenin vizon tonu sar\u0131 alt\u0131n (gold) k\u00fcpe ve y\u00fcz\u00fcklerle m\u00fckemmel uyum sa\u011flar.<\/p>\n<\/li>\n<li>\n<p data-path-to-node=\"13,1,0\"><b data-path-to-node=\"13,1,0\" data-index-in-node=\"0\">Ayakkab\u0131 Se\u00e7imi:<\/b> \u0130nce bantl\u0131 gold sandaletler veya elbise ile ayn\u0131 tonda (nude) stiletto tercih edilerek boyun daha uzun g\u00f6r\u00fcnmesi sa\u011flanabilir.<\/p>\n<\/li>\n<li>\n<p data-path-to-node=\"13,2,0\"><b data-path-to-node=\"13,2,0\" data-index-in-node=\"0\">\u015eal\/E\u015farp:<\/b> E\u011fer tesett\u00fcr kombin yap\u0131lacaksa, ipek krep dokulu, kendinden desenli vizon veya ac\u0131 kahve tonlar\u0131nda bir \u015fal \u00f6nerilmelidir.<\/p>\n<\/li>\n<\/ul>","protected":false},"excerpt":{"rendered":"<p>Elbisenin vizon tonu sar\u0131 alt\u0131n (gold) k\u00fcpe ve y\u00fcz\u00fcklerle m\u00fckemmel uyum sa\u011flar. Ayakkab\u0131 Se\u00e7imi: \u0130nce bantl\u0131 gold sandaletler veya elbise<\/p>","protected":false},"featured_media":4109,"comment_status":"open","ping_status":"closed","template":"","meta":[],"product_brand":[],"product_cat":[167],"product_tag":[],"class_list":{"0":"post-4108","1":"product","2":"type-product","3":"status-publish","4":"has-post-thumbnail","6":"product_cat-gunluk-siklik","7":"pa_beden-37","8":"pa_beden-38","10":"first","11":"instock","12":"taxable","13":"shipping-taxable","14":"purchasable","15":"product-type-variable"},"_links":{"self":[{"href":"https:\/\/skbutik.com\/en\/wp-json\/wp\/v2\/product\/4108","targetHints":{"allow":["GET"]}}],"collection":[{"href":"https:\/\/skbutik.com\/en\/wp-json\/wp\/v2\/product"}],"about":[{"href":"https:\/\/skbutik.com\/en\/wp-json\/wp\/v2\/types\/product"}],"replies":[{"embeddable":true,"href":"https:\/\/skbutik.com\/en\/wp-json\/wp\/v2\/comments?post=4108"}],"wp:featuredmedia":[{"embeddable":true,"href":"https:\/\/skbutik.com\/en\/wp-json\/wp\/v2\/media\/4109"}],"wp:attachment":[{"href":"https:\/\/skbutik.com\/en\/wp-json\/wp\/v2\/media?parent=4108"}],"wp:term":[{"taxonomy":"product_brand","embeddable":true,"href":"https:\/\/skbutik.com\/en\/wp-json\/wp\/v2\/product_brand?post=4108"},{"taxonomy":"product_cat","embeddable":true,"href":"https:\/\/skbutik.com\/en\/wp-json\/wp\/v2\/product_cat?post=4108"},{"taxonomy":"product_tag","embeddable":true,"href":"https:\/\/skbutik.com\/en\/wp-json\/wp\/v2\/product_tag?post=4108"}],"curies":[{"name":"wp","href":"https:\/\/api.w.org\/{rel}","templated":true}]}}