{"id":4078,"date":"2026-01-20T18:29:04","date_gmt":"2026-01-20T15:29:04","guid":{"rendered":"https:\/\/skbutik.com\/?post_type=product&#038;p=4078"},"modified":"2026-04-24T16:15:05","modified_gmt":"2026-04-24T13:15:05","slug":"50550-greay","status":"publish","type":"product","link":"https:\/\/skbutik.com\/en\/product\/50550-greay\/","title":{"rendered":"BOLERO GREAY 50550"},"content":{"rendered":"<ul data-path-to-node=\"2\">\n<li>\n<p data-path-to-node=\"2,0,0\">Bisiklet yaka kesimi, tak\u0131m\u0131 geleneksel blazerlardan ay\u0131rarak daha taze ve modern bir hava kat<b data-path-to-node=\"2,1,0\" data-index-in-node=\"0\">:<\/b> Cep kapaklar\u0131ndaki \u0131\u015f\u0131lt\u0131l\u0131 ta\u015f detaylar\u0131, \u00fcr\u00fcne ekstra bir aksesuar gerektirmeyen kendinden bir \u015f\u0131<b data-path-to-node=\"2,2,0\" data-index-in-node=\"0\">:<\/b> G\u00f6\u011f\u00fcs k\u0131sm\u0131ndaki b\u00fcy\u00fck kapakl\u0131 cepler, klasik kuma\u015fa hafif bir\u00a0 (i\u015flevsel) ve sportif dokunu\u015f ekleyerek tak\u0131m\u0131 gen\u00e7le\u015ftiriyor.<\/p>\n<\/li>\n<li>\n<p data-path-to-node=\"2,3,0\">\u00a0Pantolonun d\u00f6k\u00fcm\u00fc ve belirgin \u00fct\u00fc izi, sil\u00fceti daha uzun ve fit g\u00f6s<\/p>\n<\/li>\n<li>\n<p data-path-to-node=\"5,0,0\"><b data-path-to-node=\"5,0,0\" data-index-in-node=\"0\">:<\/b> &#8220;Detaylardaki I\u015f\u0131lt\u0131, Minimalizmin G\u00fcc\u00fc.&#8221;<\/p>\n<\/li>\n<li>\n<p data-path-to-node=\"5,1,0\"><i data-path-to-node=\"5,1,0\" data-index-in-node=\"19\">S\u0131radan tak\u0131mlar\u0131 unutun. \u26d3\ufe0f Yakas\u0131z kesimi ve m\u00fccevher detayl\u0131 cepleriyle yeni favoriniz olmaya aday antrasit tak\u0131m\u0131m\u0131zla tan\u0131\u015f\u0131n. Hem asil hem de iddial\u0131.&#8221;<\/i><\/p>\n<\/li>\n<li>\n<p data-path-to-node=\"5,2,0\"><b data-path-to-node=\"5,2,0\" data-index-in-node=\"0\">Kanca C\u00fcmle:<\/b> &#8220;Ofis stilinizde &#8216;sessiz l\u00fcks&#8217; d\u00f6nemini ba\u015flat\u0131yoruz.&#8221;<\/p>\n<\/li>\n<\/ul>\n<hr data-path-to-node=\"6\" \/>\n<h3 data-path-to-node=\"7\"><\/h3>\n<ul data-path-to-node=\"8\">\n<li>\n<p data-path-to-node=\"8,0,0\"><b data-path-to-node=\"8,0,0\" data-index-in-node=\"0\">G\u00fcnd\u00fcz \u015e\u0131kl\u0131\u011f\u0131:<\/b> G\u00f6rseldeki gibi taba rengi bir el \u00e7antas\u0131 ve botlarla s\u0131cak-so\u011fuk dengesi kurarak sofistike bir g\u00f6r\u00fcn\u00fcm elde edin.<\/p>\n<\/li>\n<li>\n<p data-path-to-node=\"8,1,0\"><b data-path-to-node=\"8,1,0\" data-index-in-node=\"0\">Zahmetsiz Ak\u015fam:<\/b> Ceketin i\u00e7ine ince bir saten ask\u0131l\u0131 bluz giyerek, ta\u015fl\u0131 d\u00fc\u011fmeleri \u00f6n plana \u00e7\u0131karacak toplu bir sa\u00e7 ve halka k\u00fcpelerle davetlere haz\u0131rlan\u0131n.<\/p>\n<\/li>\n<li>\n<p data-path-to-node=\"8,2,0\"><b data-path-to-node=\"8,2,0\" data-index-in-node=\"0\">Tekli Kullan\u0131m:<\/b> Ceketi, siyah bir jean ve loafer ayakkab\u0131larla kombinleyerek g\u00fcnl\u00fck stilinize &#8220;l\u00fcks&#8221; bir dokunu\u015f yap\u0131n.<\/p>\n<\/li>\n<\/ul>","protected":false},"excerpt":{"rendered":"<p>Bisiklet yaka kesimi, tak\u0131m\u0131 geleneksel blazerlardan ay\u0131rarak daha taze ve modern bir hava kat: Cep kapaklar\u0131ndaki \u0131\u015f\u0131lt\u0131l\u0131 ta\u015f detaylar\u0131, \u00fcr\u00fcne<\/p>","protected":false},"featured_media":4079,"comment_status":"open","ping_status":"closed","template":"","meta":[],"product_brand":[],"product_cat":[197],"product_tag":[],"class_list":{"0":"post-4078","1":"product","2":"type-product","3":"status-publish","4":"has-post-thumbnail","6":"product_cat-takim-elbise","7":"pa_beden-31","8":"pa_beden-32","9":"pa_beden-33","10":"pa_beden-125","12":"first","13":"outofstock","14":"taxable","15":"shipping-taxable","16":"purchasable","17":"product-type-variable"},"_links":{"self":[{"href":"https:\/\/skbutik.com\/en\/wp-json\/wp\/v2\/product\/4078","targetHints":{"allow":["GET"]}}],"collection":[{"href":"https:\/\/skbutik.com\/en\/wp-json\/wp\/v2\/product"}],"about":[{"href":"https:\/\/skbutik.com\/en\/wp-json\/wp\/v2\/types\/product"}],"replies":[{"embeddable":true,"href":"https:\/\/skbutik.com\/en\/wp-json\/wp\/v2\/comments?post=4078"}],"wp:featuredmedia":[{"embeddable":true,"href":"https:\/\/skbutik.com\/en\/wp-json\/wp\/v2\/media\/4079"}],"wp:attachment":[{"href":"https:\/\/skbutik.com\/en\/wp-json\/wp\/v2\/media?parent=4078"}],"wp:term":[{"taxonomy":"product_brand","embeddable":true,"href":"https:\/\/skbutik.com\/en\/wp-json\/wp\/v2\/product_brand?post=4078"},{"taxonomy":"product_cat","embeddable":true,"href":"https:\/\/skbutik.com\/en\/wp-json\/wp\/v2\/product_cat?post=4078"},{"taxonomy":"product_tag","embeddable":true,"href":"https:\/\/skbutik.com\/en\/wp-json\/wp\/v2\/product_tag?post=4078"}],"curies":[{"name":"wp","href":"https:\/\/api.w.org\/{rel}","templated":true}]}}