{"id":4066,"date":"2026-01-20T17:54:58","date_gmt":"2026-01-20T14:54:58","guid":{"rendered":"https:\/\/skbutik.com\/?post_type=product&#038;p=4066"},"modified":"2026-04-24T16:14:27","modified_gmt":"2026-04-24T13:14:27","slug":"50544-vizon","status":"publish","type":"product","link":"https:\/\/skbutik.com\/en\/product\/50544-vizon\/","title":{"rendered":"50544 V\u0130ZON"},"content":{"rendered":"<ul data-path-to-node=\"7\">\n<li>\n<p data-path-to-node=\"7,0,0\"><i data-path-to-node=\"7,0,0\" data-index-in-node=\"26\">Ofis \u015f\u0131kl\u0131\u011f\u0131nda \u00e7\u0131tay\u0131 y\u00fckseltiyoruz. \ud83d\udcbc Hem toplant\u0131 masas\u0131nda hem de ak\u015fam yeme\u011finde t\u00fcm g\u00f6zler \u00fczerinizde olsun. Nak\u0131\u015f detayl\u0131 vizon tak\u0131m\u0131m\u0131zla zahmetsiz \u015f\u0131kl\u0131\u011f\u0131 ke\u015ffedin.&#8221;<\/i><\/p>\n<\/li>\n<li>\n<p data-path-to-node=\"7,1,0\">\u00a0&#8220;G\u00fcn boyu k\u0131r\u0131\u015fmayan kuma\u015f dokusuyla hareket \u00f6zg\u00fcrl\u00fc\u011f\u00fc! \u2728&#8221; notuyla kuma\u015f\u0131n yak\u0131ndan bir videosunu payla\u015f\u0131<\/p>\n<\/li>\n<\/ul>\n<p data-path-to-node=\"10\">M\u00fc\u015fteriye sadece tak\u0131m\u0131 de\u011fil, bir &#8220;kombin&#8221; satmak i\u00e7in \u015fu \u00f6nerileri sunun:<\/p>\n<ul data-path-to-node=\"11\">\n<li>\n<p data-path-to-node=\"11,0,0\"><b data-path-to-node=\"11,0,0\" data-index-in-node=\"0\">G\u00fcnd\u00fcz Ofis:<\/b> Beyaz bir basic ti\u015f\u00f6rt veya ipek bir bluz, taba rengi topuklu botlar.<\/p>\n<\/li>\n<li>\n<p data-path-to-node=\"11,1,0\"><b data-path-to-node=\"11,1,0\" data-index-in-node=\"0\">Gece \u015e\u0131kl\u0131\u011f\u0131:<\/b> Ceketi i\u00e7ine hi\u00e7bir \u015fey giymeden (veya dantel bir b\u00fcstiyerle) \u00f6n\u00fc kapal\u0131 kullanarak, gold kal\u0131n bir kolye ile tamamlay\u0131n.<\/p>\n<\/li>\n<\/ul>","protected":false},"excerpt":{"rendered":"<p>Ofis \u015f\u0131kl\u0131\u011f\u0131nda \u00e7\u0131tay\u0131 y\u00fckseltiyoruz. \ud83d\udcbc Hem toplant\u0131 masas\u0131nda hem de ak\u015fam yeme\u011finde t\u00fcm g\u00f6zler \u00fczerinizde olsun. Nak\u0131\u015f detayl\u0131 vizon tak\u0131m\u0131m\u0131zla<\/p>","protected":false},"featured_media":4067,"comment_status":"open","ping_status":"closed","template":"","meta":[],"product_brand":[],"product_cat":[197],"product_tag":[],"class_list":{"0":"post-4066","1":"product","2":"type-product","3":"status-publish","4":"has-post-thumbnail","6":"product_cat-takim-elbise","7":"pa_beden-31","8":"pa_beden-40-42","9":"pa_beden-32","10":"pa_beden-33","12":"first","13":"instock","14":"taxable","15":"shipping-taxable","16":"purchasable","17":"product-type-variable"},"_links":{"self":[{"href":"https:\/\/skbutik.com\/en\/wp-json\/wp\/v2\/product\/4066","targetHints":{"allow":["GET"]}}],"collection":[{"href":"https:\/\/skbutik.com\/en\/wp-json\/wp\/v2\/product"}],"about":[{"href":"https:\/\/skbutik.com\/en\/wp-json\/wp\/v2\/types\/product"}],"replies":[{"embeddable":true,"href":"https:\/\/skbutik.com\/en\/wp-json\/wp\/v2\/comments?post=4066"}],"wp:featuredmedia":[{"embeddable":true,"href":"https:\/\/skbutik.com\/en\/wp-json\/wp\/v2\/media\/4067"}],"wp:attachment":[{"href":"https:\/\/skbutik.com\/en\/wp-json\/wp\/v2\/media?parent=4066"}],"wp:term":[{"taxonomy":"product_brand","embeddable":true,"href":"https:\/\/skbutik.com\/en\/wp-json\/wp\/v2\/product_brand?post=4066"},{"taxonomy":"product_cat","embeddable":true,"href":"https:\/\/skbutik.com\/en\/wp-json\/wp\/v2\/product_cat?post=4066"},{"taxonomy":"product_tag","embeddable":true,"href":"https:\/\/skbutik.com\/en\/wp-json\/wp\/v2\/product_tag?post=4066"}],"curies":[{"name":"wp","href":"https:\/\/api.w.org\/{rel}","templated":true}]}}