{"id":4048,"date":"2025-10-28T13:01:31","date_gmt":"2025-10-28T10:01:31","guid":{"rendered":"https:\/\/skbutik.com\/?post_type=product&#038;p=4048"},"modified":"2026-05-08T06:11:43","modified_gmt":"2026-05-08T03:11:43","slug":"agskase-kurk","status":"publish","type":"product","link":"https:\/\/skbutik.com\/en\/product\/agskase-kurk\/","title":{"rendered":"AGSKA\u015eE K\u00dcRK"},"content":{"rendered":"<ul>\n<li>Kaban\u0131n uzun (maksimalist) kesimi, giyene an\u0131nda uzun ve zarif bir sil\u00fcet kazand\u0131r\u0131r.<\/li>\n<li><b>L\u00fcks Detay:<\/b> En \u00e7arp\u0131c\u0131 \u00f6zelli\u011fi olan <b>hacimli, dolgun k\u00fcrk yaka<\/b> (tilki veya benzeri l\u00fcks yapay k\u00fcrk varsay\u0131m\u0131yla) \u00fcr\u00fcne y\u00fcksek moda ve zengin bir hava kat\u0131yor. Yaka detay\u0131 boynu s\u0131cak tutarken, y\u00fcz\u00fc \u00e7er\u00e7eveleyerek odak noktas\u0131 oluyor.<\/li>\n<li><b>S\u0131cakl\u0131k ve Kalite:<\/b> Kaliteli ka\u015fe kuma\u015f (varsay\u0131m\u0131yla), so\u011fuk k\u0131\u015f g\u00fcnleri i\u00e7in m\u00fckemmel bir s\u0131cakl\u0131k ve dayan\u0131kl\u0131l\u0131k sunar.<\/li>\n<li><b>Klasik Sil\u00fcet:<\/b> Ku\u015fak detay\u0131, kaban\u0131n belden oturarak daha feminen ve toparlanm\u0131\u015f bir g\u00f6r\u00fcn\u00fcm almas\u0131n\u0131 sa\u011flar. Siyah renk ise zamans\u0131zd\u0131r ve her kombinle uyum sa\u011flar.<\/li>\n<\/ul>","protected":false},"excerpt":{"rendered":"<p>Kaban\u0131n uzun (maksimalist) kesimi, giyene an\u0131nda uzun ve zarif bir sil\u00fcet kazand\u0131r\u0131r. L\u00fcks Detay: En \u00e7arp\u0131c\u0131 \u00f6zelli\u011fi olan hacimli, dolgun<\/p>","protected":false},"featured_media":4049,"comment_status":"open","ping_status":"closed","template":"","meta":[],"product_brand":[],"product_cat":[167],"product_tag":[],"class_list":{"0":"post-4048","1":"product","2":"type-product","3":"status-publish","4":"has-post-thumbnail","6":"product_cat-gunluk-siklik","7":"pa_beden-31","8":"pa_beden-32","9":"pa_beden-33","11":"first","12":"instock","13":"sale","14":"taxable","15":"shipping-taxable","16":"purchasable","17":"product-type-variable"},"_links":{"self":[{"href":"https:\/\/skbutik.com\/en\/wp-json\/wp\/v2\/product\/4048","targetHints":{"allow":["GET"]}}],"collection":[{"href":"https:\/\/skbutik.com\/en\/wp-json\/wp\/v2\/product"}],"about":[{"href":"https:\/\/skbutik.com\/en\/wp-json\/wp\/v2\/types\/product"}],"replies":[{"embeddable":true,"href":"https:\/\/skbutik.com\/en\/wp-json\/wp\/v2\/comments?post=4048"}],"wp:featuredmedia":[{"embeddable":true,"href":"https:\/\/skbutik.com\/en\/wp-json\/wp\/v2\/media\/4049"}],"wp:attachment":[{"href":"https:\/\/skbutik.com\/en\/wp-json\/wp\/v2\/media?parent=4048"}],"wp:term":[{"taxonomy":"product_brand","embeddable":true,"href":"https:\/\/skbutik.com\/en\/wp-json\/wp\/v2\/product_brand?post=4048"},{"taxonomy":"product_cat","embeddable":true,"href":"https:\/\/skbutik.com\/en\/wp-json\/wp\/v2\/product_cat?post=4048"},{"taxonomy":"product_tag","embeddable":true,"href":"https:\/\/skbutik.com\/en\/wp-json\/wp\/v2\/product_tag?post=4048"}],"curies":[{"name":"wp","href":"https:\/\/api.w.org\/{rel}","templated":true}]}}